{"id":721012,"date":"2025-08-27T18:43:58","date_gmt":"2025-08-27T15:43:58","guid":{"rendered":"https:\/\/roveyayinevi.com.tr\/index.php\/urun\/anneligin-kitabi\/"},"modified":"2026-04-16T02:29:13","modified_gmt":"2026-04-15T23:29:13","slug":"anneligin-kitabi","status":"publish","type":"product","link":"https:\/\/roveyayinevi.com.tr\/index.php\/urun\/anneligin-kitabi\/","title":{"rendered":"Anneli\u011fin Kitab\u0131"},"content":{"rendered":"<p>Anneli\u011fin Kitab\u0131 ile psikoterapinin bug\u00fcn bu haliyle uygulanmas\u0131n\u0131n temelini atm\u0131\u015f dokuz teorisyenin geli\u015fim ve patoloji a\u00e7\u0131s\u0131ndan neler s\u00f6yledi\u011fi imbikten ge\u00e7irilmi\u015f, s\u00fcz\u00fclm\u00fc\u015f bilgi olarak okura sunmu\u015ftur.G\u00fcn\u00fcm\u00fczde her annenin a\u015fina oldu\u011fu oyun terapisi, ba\u011flanma, d\u00fcrt\u00fc-\u00e7at\u0131\u015fma, ego gibi bir\u00e7ok kavram\u0131 genel k\u00fclt\u00fcr d\u00fczeyinden \u00e7\u0131kar\u0131p geni\u015f perspektifle bakma imk\u00e2n\u0131 sa\u011flay\u0131p, okuyucunun zihninde a\u00e7\u0131l\u0131mlar yapacakt\u0131r. Dokuz teorisyeni otobiyografik a\u00e7\u0131dan da de\u011ferlendiren \u00e7al\u0131\u015fma, teorisyenlerin olu\u015fturduklar\u0131 farkl\u0131 kuramlara dayanan terapi anlay\u0131\u015flar\u0131n\u0131n arkas\u0131n\u0131 da g\u00f6rmemizi sa\u011fl\u0131yor.Anneli\u011fin Kitab\u0131, okuyucuya bilgiyi kayna\u011f\u0131ndan \u00f6\u011frenmeyi ve \u00f6\u011frendi\u011fi bilgiyle i\u00e7 d\u00fcnyas\u0131na bakmak konusunda yal\u0131n bir materyal sunmay\u0131 vadediyor.<\/p>\n","protected":false},"excerpt":{"rendered":"<p>Anneli\u011fin Kitab\u0131 ile psikoterapinin bug\u00fcn bu haliyle uygulanmas\u0131n\u0131n temelini atm\u0131\u015f dokuz teorisyenin geli\u015fim ve patoloji a\u00e7\u0131s\u0131ndan neler s\u00f6yledi\u011fi imbikten ge\u00e7irilmi\u015f, s\u00fcz\u00fclm\u00fc\u015f bilgi olarak okura sunmu\u015ftur.G\u00fcn\u00fcm\u00fczde her<span class=\"excerpt-hellip\"> [\u2026]<\/span><\/p>\n","protected":false},"featured_media":0,"template":"","meta":{"_monsterinsights_skip_tracking":false,"_monsterinsights_sitenote_active":false,"_monsterinsights_sitenote_note":"","_monsterinsights_sitenote_category":0},"product_brand":[],"product_cat":[12358,12357],"product_tag":[],"class_list":{"0":"post-721012","1":"product","2":"type-product","3":"status-publish","5":"product_cat-genel-psikoloji","6":"product_cat-psikoloji","7":"pa_cilt-ciltsiz","8":"pa_tur-kitap","9":"pa_yayinevi-ketebe-yayinlari","10":"pa_yazar-melek-arslanbenzer","12":"first","13":"instock","14":"sale","15":"shipping-taxable","16":"purchasable","17":"product-type-simple"},"_links":{"self":[{"href":"https:\/\/roveyayinevi.com.tr\/index.php\/wp-json\/wp\/v2\/product\/721012","targetHints":{"allow":["GET"]}}],"collection":[{"href":"https:\/\/roveyayinevi.com.tr\/index.php\/wp-json\/wp\/v2\/product"}],"about":[{"href":"https:\/\/roveyayinevi.com.tr\/index.php\/wp-json\/wp\/v2\/types\/product"}],"wp:attachment":[{"href":"https:\/\/roveyayinevi.com.tr\/index.php\/wp-json\/wp\/v2\/media?parent=721012"}],"wp:term":[{"taxonomy":"product_brand","embeddable":true,"href":"https:\/\/roveyayinevi.com.tr\/index.php\/wp-json\/wp\/v2\/product_brand?post=721012"},{"taxonomy":"product_cat","embeddable":true,"href":"https:\/\/roveyayinevi.com.tr\/index.php\/wp-json\/wp\/v2\/product_cat?post=721012"},{"taxonomy":"product_tag","embeddable":true,"href":"https:\/\/roveyayinevi.com.tr\/index.php\/wp-json\/wp\/v2\/product_tag?post=721012"}],"curies":[{"name":"wp","href":"https:\/\/api.w.org\/{rel}","templated":true}]}}