{"id":721011,"date":"2025-08-27T18:43:57","date_gmt":"2025-08-27T15:43:57","guid":{"rendered":"https:\/\/roveyayinevi.com.tr\/index.php\/urun\/osmanli-sultanlari-albumu\/"},"modified":"2026-04-16T02:29:13","modified_gmt":"2026-04-15T23:29:13","slug":"osmanli-sultanlari-albumu","status":"publish","type":"product","link":"https:\/\/roveyayinevi.com.tr\/index.php\/urun\/osmanli-sultanlari-albumu\/","title":{"rendered":"Osmanl\u0131 Sultanlar\u0131 Alb\u00fcm\u00fc"},"content":{"rendered":"<p>Yak\u0131n tarih alan\u0131nda bir\u00e7ok esere imza atan Mustafa Arma\u011fan, Osmanl\u0131 Tarihi\u2019nin \u00f6zeti say\u0131labilecek Osmanl\u0131 Sultanlar\u0131 Alb\u00fcm\u00fc adl\u0131 \u00e7al\u0131\u015fmas\u0131yla t\u00fcm Osmanl\u0131Padi\u015fahlar\u0131n\u0131n k\u0131sa hayat hik\u00e2yelerini resimleriyle birlikte okuyucular\u0131na sunuyor.Anla\u015f\u0131l\u0131r, ak\u0131c\u0131 bir T\u00fcrk\u00e7eyle kaleme al\u0131nm\u0131\u015f olan kitap binlerce sayfal\u0131k bir b\u00fcy\u00fck tarihin \u00f6z\u00fcn\u00fc aktar\u0131yor.Kimdir bu Osmanl\u0131 Sultanlar\u0131?Kurduklar\u0131 imparatorluk 600 y\u0131l boyunca d\u00fcnyaya h\u00fckmetti; sava\u015f meydanlar\u0131na ve nice kitaplar\u0131n sayfalar\u0131na h\u00fckmeden dilleri neredeyse unutuldu; in\u015fa ettikleri her binaya att\u0131klar\u0131 imzalar\u0131\/tu\u011fralar\u0131 kit\u00e2belerden s\u00f6k\u00fcld\u00fc ve son kalan hanedan \u00fcyeleri geri d\u00f6nmemecesine yurt d\u0131\u015f\u0131na s\u00fcr\u00fcld\u00fc. Yine de zihinlerden silinemediler. Bug\u00fcn \u00fczerine onlarca devletin kuruldu\u011fu topraklarda kendilerini hat\u0131rlatacak hay\u0131r eserleri in\u015fa ettiler \u00e7\u00fcnk\u00fc onlar g\u00f6n\u00fclleri fethetmenin, mek\u00e2n\u0131 ele ge\u00e7irmekten daha kal\u0131c\u0131 bir yat\u0131r\u0131m oldu\u011funu biliyorlard\u0131.\u201cBu, Mo\u011fol ak\u0131nlar\u0131n\u0131n Anadolu kap\u0131lar\u0131na getirdi\u011fi Ertu\u011frul\u2019un o\u011fullar\u0131n\u0131n S\u00f6\u011f\u00fct\u2019te ba\u015flay\u0131p San Remo\u2019da noktalanan 668 (1258-1926) y\u0131l\u0131n\u0131n yal\u0131n bir d\u00f6k\u00fcm\u00fcd\u00fcr. Bu d\u00f6k\u00fcmdeki bilgilerin, ayr\u0131nt\u0131lar\u0131 ve derinlikleri haber veren i\u015faret levhalar\u0131 olduklar\u0131 unutulmadan okunmas\u0131 en b\u00fcy\u00fck dile\u011fimdir.\u201dMustafa Arma\u011fan<\/p>\n","protected":false},"excerpt":{"rendered":"<p>Yak\u0131n tarih alan\u0131nda bir\u00e7ok esere imza atan Mustafa Arma\u011fan, Osmanl\u0131 Tarihi\u2019nin \u00f6zeti say\u0131labilecek Osmanl\u0131 Sultanlar\u0131 Alb\u00fcm\u00fc adl\u0131 \u00e7al\u0131\u015fmas\u0131yla t\u00fcm Osmanl\u0131Padi\u015fahlar\u0131n\u0131n k\u0131sa hayat hik\u00e2yelerini resimleriyle birlikte okuyucular\u0131na<span class=\"excerpt-hellip\"> [\u2026]<\/span><\/p>\n","protected":false},"featured_media":0,"template":"","meta":{"_monsterinsights_skip_tracking":false,"_monsterinsights_sitenote_active":false,"_monsterinsights_sitenote_note":"","_monsterinsights_sitenote_category":0},"product_brand":[],"product_cat":[13517,12304],"product_tag":[],"class_list":{"0":"post-721011","1":"product","2":"type-product","3":"status-publish","5":"product_cat-osmanli-tarihi","6":"product_cat-tarih","7":"pa_cilt-ciltsiz","8":"pa_tur-kitap","9":"pa_yayinevi-ketebe-yayinlari","10":"pa_yazar-mustafa-armagan","12":"first","13":"instock","14":"sale","15":"shipping-taxable","16":"purchasable","17":"product-type-simple"},"_links":{"self":[{"href":"https:\/\/roveyayinevi.com.tr\/index.php\/wp-json\/wp\/v2\/product\/721011","targetHints":{"allow":["GET"]}}],"collection":[{"href":"https:\/\/roveyayinevi.com.tr\/index.php\/wp-json\/wp\/v2\/product"}],"about":[{"href":"https:\/\/roveyayinevi.com.tr\/index.php\/wp-json\/wp\/v2\/types\/product"}],"wp:attachment":[{"href":"https:\/\/roveyayinevi.com.tr\/index.php\/wp-json\/wp\/v2\/media?parent=721011"}],"wp:term":[{"taxonomy":"product_brand","embeddable":true,"href":"https:\/\/roveyayinevi.com.tr\/index.php\/wp-json\/wp\/v2\/product_brand?post=721011"},{"taxonomy":"product_cat","embeddable":true,"href":"https:\/\/roveyayinevi.com.tr\/index.php\/wp-json\/wp\/v2\/product_cat?post=721011"},{"taxonomy":"product_tag","embeddable":true,"href":"https:\/\/roveyayinevi.com.tr\/index.php\/wp-json\/wp\/v2\/product_tag?post=721011"}],"curies":[{"name":"wp","href":"https:\/\/api.w.org\/{rel}","templated":true}]}}