{"id":721010,"date":"2025-08-27T18:43:56","date_gmt":"2025-08-27T15:43:56","guid":{"rendered":"https:\/\/roveyayinevi.com.tr\/index.php\/urun\/comert-sarap\/"},"modified":"2026-04-03T02:35:10","modified_gmt":"2026-04-02T23:35:10","slug":"comert-sarap","status":"publish","type":"product","link":"https:\/\/roveyayinevi.com.tr\/index.php\/urun\/comert-sarap\/","title":{"rendered":"C\u00f6mert \u015earap"},"content":{"rendered":"<p>\u00d6mr\u00fcn\u00fc sa\u011fl\u0131k sorunlar\u0131 ve kat\u0131 bir perhizle ge\u00e7irmek zorunda kalan anlat\u0131c\u0131n\u0131n e\u015fi, bir d\u00fc\u011f\u00fcn yeme\u011fi i\u00e7in kocas\u0131n\u0131n gece boyunca g\u00f6nl\u00fcnce yiyip i\u00e7mesine izin vermesini ister doktordan ve bu izni kopar\u0131r. Sofraya hararetli konu\u015fmalar ve mutluluk g\u00f6sterileri h\u00e2kimdir. Ancak c\u00f6mert\u00e7e akan \u015farab\u0131n getirdi\u011fi \u00f6zg\u00fcrle\u015fme hissiyle \u00f6nce \u00f6fke patlamalar\u0131, itiraf ve hakaretler ba\u015f g\u00f6sterir, nihayetinde korku ve utan\u00e7 devreye girer ve \u015farab\u0131n midedeki yolculu\u011funa zihnin karma\u015f\u0131k rotas\u0131 e\u015flik eder. \u0130talyan edebiyat\u0131n\u0131n b\u00fcy\u00fck ismi Svevo, C\u00f6mert \u015earap\u2019ta bir d\u00fc\u011f\u00fcn sofras\u0131ndan yola \u00e7\u0131karak \u00f6zg\u00fcrl\u00fck, aile, sadakat gibi kavramlar\u0131 kendine \u00f6zg\u00fc mizahi tutumuyla ele al\u0131r.Zeno\u2019nun Bilinci\u2019nden izler ta\u015f\u0131yan bu roman, psikanaliz de dahil olmak \u00fczere bir\u00e7ok konuya hicivli bir yakla\u015f\u0131m getirir ama \u015farab\u0131n hakk\u0131n\u0131 teslim eder ve \u015farab\u0131 \u00fczerine y\u00fcklenen sembolik anlamdan kurtar\u0131r, onu ezeli ve dionizyak konumuna yeniden yerle\u015ftirir.T\u00fcrk\u00e7ede ilk kez yay\u0131nlanan bu \u00f6nemli modernist roman\u0131 Ersan \u00dcldes\u2019in \u00f6zenli \u00e7evirisi ve sunu\u015f yaz\u0131s\u0131yla yay\u0131nl\u0131yoruz.<\/p>\n","protected":false},"excerpt":{"rendered":"<p>\u00d6mr\u00fcn\u00fc sa\u011fl\u0131k sorunlar\u0131 ve kat\u0131 bir perhizle ge\u00e7irmek zorunda kalan anlat\u0131c\u0131n\u0131n e\u015fi, bir d\u00fc\u011f\u00fcn yeme\u011fi i\u00e7in kocas\u0131n\u0131n gece boyunca g\u00f6nl\u00fcnce yiyip i\u00e7mesine izin vermesini ister doktordan<span class=\"excerpt-hellip\"> [\u2026]<\/span><\/p>\n","protected":false},"featured_media":0,"template":"","meta":{"_monsterinsights_skip_tracking":false,"_monsterinsights_sitenote_active":false,"_monsterinsights_sitenote_note":"","_monsterinsights_sitenote_category":0},"product_brand":[],"product_cat":[12291,12711],"product_tag":[],"class_list":{"0":"post-721010","1":"product","2":"type-product","3":"status-publish","5":"product_cat-edebiyat","6":"product_cat-roman-oyku","7":"pa_cilt-ciltsiz","8":"pa_tur-kitap","9":"pa_yayinevi-kafka-yayinevi","10":"pa_yazar-italo-svevo","12":"first","13":"instock","14":"sale","15":"shipping-taxable","16":"purchasable","17":"product-type-simple"},"_links":{"self":[{"href":"https:\/\/roveyayinevi.com.tr\/index.php\/wp-json\/wp\/v2\/product\/721010","targetHints":{"allow":["GET"]}}],"collection":[{"href":"https:\/\/roveyayinevi.com.tr\/index.php\/wp-json\/wp\/v2\/product"}],"about":[{"href":"https:\/\/roveyayinevi.com.tr\/index.php\/wp-json\/wp\/v2\/types\/product"}],"wp:attachment":[{"href":"https:\/\/roveyayinevi.com.tr\/index.php\/wp-json\/wp\/v2\/media?parent=721010"}],"wp:term":[{"taxonomy":"product_brand","embeddable":true,"href":"https:\/\/roveyayinevi.com.tr\/index.php\/wp-json\/wp\/v2\/product_brand?post=721010"},{"taxonomy":"product_cat","embeddable":true,"href":"https:\/\/roveyayinevi.com.tr\/index.php\/wp-json\/wp\/v2\/product_cat?post=721010"},{"taxonomy":"product_tag","embeddable":true,"href":"https:\/\/roveyayinevi.com.tr\/index.php\/wp-json\/wp\/v2\/product_tag?post=721010"}],"curies":[{"name":"wp","href":"https:\/\/api.w.org\/{rel}","templated":true}]}}