{"id":721008,"date":"2025-08-27T18:43:55","date_gmt":"2025-08-27T15:43:55","guid":{"rendered":"https:\/\/roveyayinevi.com.tr\/index.php\/urun\/tarih-seti-5-kitap\/"},"modified":"2026-04-16T02:28:48","modified_gmt":"2026-04-15T23:28:48","slug":"tarih-seti-5-kitap","status":"publish","type":"product","link":"https:\/\/roveyayinevi.com.tr\/index.php\/urun\/tarih-seti-5-kitap\/","title":{"rendered":"Tarih Seti (5 Kitap)"},"content":{"rendered":"<p>Tarihin farkl\u0131 d\u00f6nemlerine tarihsel maddeci bak\u0131\u015f a\u00e7\u0131s\u0131yla e\u011filen kitaplar yay\u0131mlayan Yordam Kitap, bu de\u011ferli yap\u0131tlardan be\u015fini \u015fimdi yeni bir set halinde de sunuyor. Yeni \u201cTarih Seti\u201dnde yer alan Diakov ve Kovalev imzal\u0131 iki ciltlik \u0130lk\u00e7a\u011f Tarihi, ilkel topluluk d\u00fczeni ile Orta\u00e7a\u011f aras\u0131ndaki uzun tarih kesitini materyalist bir bak\u0131\u015f a\u00e7\u0131s\u0131yla inceleyen bir yap\u0131t. Agibalova ve Donskoy imzal\u0131 Orta\u00e7a\u011f Tarihi ise 5. y\u00fczy\u0131l ile 17. y\u00fczy\u0131l aras\u0131ndaki s\u0131n\u0131f m\u00fccadelelerinin kapsaml\u0131 bir panoramas\u0131n\u0131 sunarken, tarihin bu kesitini, feodalizmin kurulu\u015fu, geli\u015fmesi ve ilk burjuva devrimleriyle birlikte \u00e7\u00f6k\u00fc\u015f\u00fc \u00e7er\u00e7evesinde ele al\u0131yor. Tarih\u00e7i Yeliseyeva ba\u015fkanl\u0131\u011f\u0131nda bir kurul taraf\u0131ndan haz\u0131rlanan Yak\u0131n \u00c7a\u011flar Tarihi, 1648 \u0130ngiliz devriminden 1917 Sovyet d\u00f6nemine uzanan tarihsel kesite odaklan\u0131yor. \u201cTarih Seti\u201dnin be\u015finci ve son kitab\u0131 olan Arap \u00dclkelerinin Yak\u0131n Tarihi\u2019nde, tarih\u00e7i Borisovi\u00e7 Lutskiy, Arap \u00fclkelerinin tarihini 16. y\u00fczy\u0131ldan 20. y\u00fczy\u0131l ba\u015f\u0131ndaki 1. D\u00fcnya Sava\u015f\u0131\u2019na kadar getirerek yakla\u015f\u0131k 500 y\u0131ll\u0131k bir d\u00f6nemi ana hatlar\u0131yla ele al\u0131yor ve nirengi noktalar\u0131n\u0131 veriyor. Tarihe, tarihin farkl\u0131 kesitlerine, farkl\u0131 co\u011frafyalar\u0131n tarihine ve tarihsel maddecili\u011fe ilgi duyan b\u00fct\u00fcn okurlar i\u00e7in\u2026 Sette Yer Alan Kitaplar ;ilk\u00e7a\u011f Tarihi Cilt 1 Ortado\u011fu, Uzakdo\u011fu, Eski Yunan (464 sayfa); \u0130LK\u00c7A\u011e Tarihi Cilt 2 Roma (304 sayfa); ORTA\u00c7A\u011e TAR\u0130H\u0130 (288 sayfa); YAKIN \u00c7a\u011flar Tarihi 350 sayfa); ARAP \u00dcLKELER\u0130N\u0130N YAKIN TAR\u0130H\u0130 16. Y\u00fczy\u0131ldan 20. Y\u00fczy\u0131la (368 sayfa )<\/p>\n","protected":false},"excerpt":{"rendered":"<p>Tarihin farkl\u0131 d\u00f6nemlerine tarihsel maddeci bak\u0131\u015f a\u00e7\u0131s\u0131yla e\u011filen kitaplar yay\u0131mlayan Yordam Kitap, bu de\u011ferli yap\u0131tlardan be\u015fini \u015fimdi yeni bir set halinde de sunuyor. Yeni \u201cTarih Seti\u201dnde<span class=\"excerpt-hellip\"> [\u2026]<\/span><\/p>\n","protected":false},"featured_media":0,"template":"","meta":{"_monsterinsights_skip_tracking":false,"_monsterinsights_sitenote_active":false,"_monsterinsights_sitenote_note":"","_monsterinsights_sitenote_category":0},"product_brand":[],"product_cat":[12305,12304],"product_tag":[],"class_list":{"0":"post-721008","1":"product","2":"type-product","3":"status-publish","5":"product_cat-dunya-tarihi","6":"product_cat-tarih","7":"pa_cilt-ciltsiz","8":"pa_tur-kitap","9":"pa_yayinevi-yordam-kitap","10":"pa_yazar-kolektif","12":"first","13":"instock","14":"sale","15":"shipping-taxable","16":"purchasable","17":"product-type-simple"},"_links":{"self":[{"href":"https:\/\/roveyayinevi.com.tr\/index.php\/wp-json\/wp\/v2\/product\/721008","targetHints":{"allow":["GET"]}}],"collection":[{"href":"https:\/\/roveyayinevi.com.tr\/index.php\/wp-json\/wp\/v2\/product"}],"about":[{"href":"https:\/\/roveyayinevi.com.tr\/index.php\/wp-json\/wp\/v2\/types\/product"}],"wp:attachment":[{"href":"https:\/\/roveyayinevi.com.tr\/index.php\/wp-json\/wp\/v2\/media?parent=721008"}],"wp:term":[{"taxonomy":"product_brand","embeddable":true,"href":"https:\/\/roveyayinevi.com.tr\/index.php\/wp-json\/wp\/v2\/product_brand?post=721008"},{"taxonomy":"product_cat","embeddable":true,"href":"https:\/\/roveyayinevi.com.tr\/index.php\/wp-json\/wp\/v2\/product_cat?post=721008"},{"taxonomy":"product_tag","embeddable":true,"href":"https:\/\/roveyayinevi.com.tr\/index.php\/wp-json\/wp\/v2\/product_tag?post=721008"}],"curies":[{"name":"wp","href":"https:\/\/api.w.org\/{rel}","templated":true}]}}