{"id":721005,"date":"2025-08-27T18:43:53","date_gmt":"2025-08-27T15:43:53","guid":{"rendered":"https:\/\/roveyayinevi.com.tr\/index.php\/urun\/ceviri-bilinci\/"},"modified":"2026-04-16T02:28:48","modified_gmt":"2026-04-15T23:28:48","slug":"ceviri-bilinci","status":"publish","type":"product","link":"https:\/\/roveyayinevi.com.tr\/index.php\/urun\/ceviri-bilinci\/","title":{"rendered":"\u00c7eviri Bilinci"},"content":{"rendered":"<p>Kitab\u0131n ad\u0131na bakmay\u0131n, kitab\u0131 kimin yazd\u0131\u011f\u0131na da bakmay\u0131n. Bakarsan\u0131z, kitab\u0131n sanki \u00e7evirmen olarak iyi tan\u0131d\u0131\u011f\u0131m\u0131z, y\u0131llarca Bo\u011fazi\u00e7i \u00dcniversitesi\u2019nde \u00e7eviri okuttu\u011funu, yay\u0131nevlerinde \u00e7eviri edit\u00f6rl\u00fc\u011f\u00fc yapt\u0131\u011f\u0131n bildi\u011fimiz, i\u015finin ehli sayd\u0131\u011f\u0131m\u0131z biri taraf\u0131ndan \u00e7evirmenlere, nas\u0131l bir \u00e7eviri bilincine sahip olmalar\u0131 gerekti\u011fini anlatmak i\u00e7in yaz\u0131ld\u0131\u011f\u0131n\u0131 sanabilirsiniz. Hay\u0131r, bu kitapta yaln\u0131zca bu yok. Biz bu kitapta as\u0131l \u00f6nemlisi \u201centelekt\u00fcel\u201d olarak an\u0131lmay\u0131 hak eden herkesin sahip olmas\u0131 gereken \u201cdil bilincinin\u201d  en alt s\u0131n\u0131r\u0131n\u0131n \u00e7izildi\u011fini g\u00f6r\u00fcyoruz.  Dil bilincine sahip olmayan birinin ASLA yazar olamayaca\u011f\u0131n\u0131,  entelekt\u00fcel olamayaca\u011f\u0131n\u0131 g\u00f6r\u00fcyoruz. Bir insan\u0131n y\u00fcksek entelekt\u00fcel d\u00fczeyinin en ba\u015f g\u00f6stergesinin dil bilinci oldu\u011funu g\u00f6r\u00fcyoruz.    <\/p>\n","protected":false},"excerpt":{"rendered":"<p>Kitab\u0131n ad\u0131na bakmay\u0131n, kitab\u0131 kimin yazd\u0131\u011f\u0131na da bakmay\u0131n. Bakarsan\u0131z, kitab\u0131n sanki \u00e7evirmen olarak iyi tan\u0131d\u0131\u011f\u0131m\u0131z, y\u0131llarca Bo\u011fazi\u00e7i \u00dcniversitesi\u2019nde \u00e7eviri okuttu\u011funu, yay\u0131nevlerinde \u00e7eviri edit\u00f6rl\u00fc\u011f\u00fc yapt\u0131\u011f\u0131n bildi\u011fimiz, i\u015finin<span class=\"excerpt-hellip\"> [\u2026]<\/span><\/p>\n","protected":false},"featured_media":0,"template":"","meta":{"_monsterinsights_skip_tracking":false,"_monsterinsights_sitenote_active":false,"_monsterinsights_sitenote_note":"","_monsterinsights_sitenote_category":0},"product_brand":[],"product_cat":[12777,12291],"product_tag":[],"class_list":{"0":"post-721005","1":"product","2":"type-product","3":"status-publish","5":"product_cat-deneme","6":"product_cat-edebiyat","7":"pa_cilt-ciltsiz","8":"pa_tur-kitap","9":"pa_yayinevi-tekin-yayinevi","10":"pa_yazar-ukler-ince","12":"first","13":"instock","14":"sale","15":"shipping-taxable","16":"purchasable","17":"product-type-simple"},"_links":{"self":[{"href":"https:\/\/roveyayinevi.com.tr\/index.php\/wp-json\/wp\/v2\/product\/721005","targetHints":{"allow":["GET"]}}],"collection":[{"href":"https:\/\/roveyayinevi.com.tr\/index.php\/wp-json\/wp\/v2\/product"}],"about":[{"href":"https:\/\/roveyayinevi.com.tr\/index.php\/wp-json\/wp\/v2\/types\/product"}],"wp:attachment":[{"href":"https:\/\/roveyayinevi.com.tr\/index.php\/wp-json\/wp\/v2\/media?parent=721005"}],"wp:term":[{"taxonomy":"product_brand","embeddable":true,"href":"https:\/\/roveyayinevi.com.tr\/index.php\/wp-json\/wp\/v2\/product_brand?post=721005"},{"taxonomy":"product_cat","embeddable":true,"href":"https:\/\/roveyayinevi.com.tr\/index.php\/wp-json\/wp\/v2\/product_cat?post=721005"},{"taxonomy":"product_tag","embeddable":true,"href":"https:\/\/roveyayinevi.com.tr\/index.php\/wp-json\/wp\/v2\/product_tag?post=721005"}],"curies":[{"name":"wp","href":"https:\/\/api.w.org\/{rel}","templated":true}]}}