{"id":721004,"date":"2025-08-27T18:43:52","date_gmt":"2025-08-27T15:43:52","guid":{"rendered":"https:\/\/roveyayinevi.com.tr\/index.php\/urun\/39\/"},"modified":"2026-02-23T11:27:28","modified_gmt":"2026-02-23T08:27:28","slug":"39","status":"publish","type":"product","link":"https:\/\/roveyayinevi.com.tr\/index.php\/urun\/39\/","title":{"rendered":"39"},"content":{"rendered":"<p>Onunla ya\u015flanmak istiyorum. \u00d6n\u00fcne ve arkas\u0131na noktalar, virg\u00fcller koymadan, s\u0131n\u0131rlar\u0131 olmayan, sorular\u0131 \u00e7o\u011falmayan bir ya\u015flanma iste\u011fi bu. Ona dokunmak, her dokunmamla y\u00fcre\u011fimi yeni ba\u015ftan \u015farj edecek duyguyu, heyecan\u0131 ya\u015famak ve ya\u015fatmak istiyorum. Ne daha fazlas\u0131, ne eksi\u011fi. Bunun tek yolunun yaln\u0131zca benim olmas\u0131ndan ge\u00e7iyor oldu\u011funu bilmem, bu bilmeye kar\u015f\u0131l\u0131k sadece benden gelen birka\u00e7 k\u0131r\u0131k s\u00f6zc\u00fck d\u0131\u015f\u0131nda onun sessiz bir g\u00fczellik tanr\u0131\u00e7as\u0131 gibi sadece dinlemekle yetinmesi, her g\u00fcn, her an y\u00fcre\u011fimden koca koca par\u00e7alar\u0131n eksilmesine, eritmesine, y\u00fcre\u011fimi pasl\u0131 zincirlerle can evime hapsetmesine g\u00f6t\u00fcr\u00fcyordu. G\u00f6rm\u00fcyordu ki. Sessiz tanr\u0131\u00e7am, g\u00f6rm\u00fcyordu&#8230; <\/p>\n","protected":false},"excerpt":{"rendered":"<p>Onunla ya\u015flanmak istiyorum. \u00d6n\u00fcne ve arkas\u0131na noktalar, virg\u00fcller koymadan, s\u0131n\u0131rlar\u0131 olmayan, sorular\u0131 \u00e7o\u011falmayan bir ya\u015flanma iste\u011fi bu. Ona dokunmak, her dokunmamla y\u00fcre\u011fimi yeni ba\u015ftan \u015farj edecek<span class=\"excerpt-hellip\"> [\u2026]<\/span><\/p>\n","protected":false},"featured_media":0,"template":"","meta":{"_monsterinsights_skip_tracking":false,"_monsterinsights_sitenote_active":false,"_monsterinsights_sitenote_note":"","_monsterinsights_sitenote_category":0},"product_brand":[],"product_cat":[12291,12711],"product_tag":[],"class_list":{"0":"post-721004","1":"product","2":"type-product","3":"status-publish","5":"product_cat-edebiyat","6":"product_cat-roman-oyku","7":"pa_cilt-ciltsiz","8":"pa_tur-kitap","9":"pa_yayinevi-favori-yayinlari","10":"pa_yazar-huseyin-akpinar","12":"first","13":"instock","14":"sale","15":"shipping-taxable","16":"purchasable","17":"product-type-simple"},"_links":{"self":[{"href":"https:\/\/roveyayinevi.com.tr\/index.php\/wp-json\/wp\/v2\/product\/721004","targetHints":{"allow":["GET"]}}],"collection":[{"href":"https:\/\/roveyayinevi.com.tr\/index.php\/wp-json\/wp\/v2\/product"}],"about":[{"href":"https:\/\/roveyayinevi.com.tr\/index.php\/wp-json\/wp\/v2\/types\/product"}],"wp:attachment":[{"href":"https:\/\/roveyayinevi.com.tr\/index.php\/wp-json\/wp\/v2\/media?parent=721004"}],"wp:term":[{"taxonomy":"product_brand","embeddable":true,"href":"https:\/\/roveyayinevi.com.tr\/index.php\/wp-json\/wp\/v2\/product_brand?post=721004"},{"taxonomy":"product_cat","embeddable":true,"href":"https:\/\/roveyayinevi.com.tr\/index.php\/wp-json\/wp\/v2\/product_cat?post=721004"},{"taxonomy":"product_tag","embeddable":true,"href":"https:\/\/roveyayinevi.com.tr\/index.php\/wp-json\/wp\/v2\/product_tag?post=721004"}],"curies":[{"name":"wp","href":"https:\/\/api.w.org\/{rel}","templated":true}]}}