{"id":720997,"date":"2025-08-27T18:43:47","date_gmt":"2025-08-27T15:43:47","guid":{"rendered":"https:\/\/roveyayinevi.com.tr\/index.php\/urun\/globalist-emperyalizmin-kurgusal-felaketleri\/"},"modified":"2026-04-16T02:28:48","modified_gmt":"2026-04-15T23:28:48","slug":"globalist-emperyalizmin-kurgusal-felaketleri","status":"publish","type":"product","link":"https:\/\/roveyayinevi.com.tr\/index.php\/urun\/globalist-emperyalizmin-kurgusal-felaketleri\/","title":{"rendered":"Globalist Emperyalizmin Kurgusal Felaketleri"},"content":{"rendered":"<p>2007  Nisan\u2019\u0131nda The Guardian Gazetesinin aktard\u0131\u011f\u0131 haber; Britanya Savunma Bakanl\u0131\u011f\u0131\u2019n\u0131n, \u201930 y\u0131l i\u00e7inde neler olacak\u2019 raporuna g\u00f6re karl marx\u2019\u0131n i\u015f\u00e7i s\u0131n\u0131f\u0131 i\u00e7in \u00f6ng\u00f6rd\u00fc\u011f\u00fc ayaklanmay\u0131 orta s\u0131n\u0131f yapabilirmi\u015f\u2026 Marxist bir devrim ger\u00e7ekle\u015febilirmi\u015f\u2026   Tabii, bu yeni moda \u2018orta s\u0131n\u0131f\u2019 iddias\u0131 tart\u0131\u015fmaya a\u00e7\u0131k, tam alt\u0131 y\u0131l sonra May\u0131s- Haziran 2013\u2019te T\u00fcrkiye\u2019nin megapol\u00fc \u0130stanbul-Taksim\u2019de ba\u015flayan \u2018Gezi Ba\u015fkald\u0131r\u0131s\u0131\u2019n\u0131 b\u00fcy\u00fck bir heyecanla yanl\u0131\u015f okuyan k\u00fc\u00e7\u00fck burjuva demokrat entelekt\u00fceller taraf\u0131ndan pek sevilip \u2013 tutulan bu iddia burjuvazinin uzla\u015fmaz kar\u015f\u0131t\u0131 proleteryay\u0131 yoksama saplant\u0131s\u0131n\u0131n XXI.y\u00fczy\u0131l vizyonu!   Mali oligar\u015fiyi temsil eden burjuva globalistlerin as\u0131l b\u00fct\u00fcn korkular\u0131; k\u00fcresel rand ya\u011fmas\u0131n\u0131 sona erdirecek olan s\u00fcm\u00fcr\u00fclen \u2018 \u00f6zg\u00fcr k\u00f6leler\u2019in bu d\u00fczene ebediyen son verecek \u2018 kesintisiz toplumsal devrim\u2019i mi acaba ? Bunun i\u00e7in s\u0131n\u0131fl\u0131 uygarl\u0131klar\u0131n be\u015fi\u011fi olan kentler gelece\u011fin \u2018kaderini tayin hakk\u0131\u2019n\u0131 elinde tutuyor. Buna k\u0131saca \u2018m\u00fclks\u00fczle\u015ftirenlerin m\u00fcks\u00fczle\u015ftirilmesi\u2019 diyoruz!<\/p>\n","protected":false},"excerpt":{"rendered":"<p>2007 Nisan\u2019\u0131nda The Guardian Gazetesinin aktard\u0131\u011f\u0131 haber; Britanya Savunma Bakanl\u0131\u011f\u0131\u2019n\u0131n, \u201930 y\u0131l i\u00e7inde neler olacak\u2019 raporuna g\u00f6re karl marx\u2019\u0131n i\u015f\u00e7i s\u0131n\u0131f\u0131 i\u00e7in \u00f6ng\u00f6rd\u00fc\u011f\u00fc ayaklanmay\u0131 orta s\u0131n\u0131f<span class=\"excerpt-hellip\"> [\u2026]<\/span><\/p>\n","protected":false},"featured_media":0,"template":"","meta":{"_monsterinsights_skip_tracking":false,"_monsterinsights_sitenote_active":false,"_monsterinsights_sitenote_note":"","_monsterinsights_sitenote_category":0},"product_brand":[],"product_cat":[12325,12324],"product_tag":[],"class_list":{"0":"post-720997","1":"product","2":"type-product","3":"status-publish","5":"product_cat-diger-sosyoloji","6":"product_cat-sosyoloji","7":"pa_cilt-ciltsiz","8":"pa_tur-kitap","9":"pa_yayinevi-nergiz-yayinlari","10":"pa_yazar-halid-ozkul","12":"first","13":"instock","14":"sale","15":"shipping-taxable","16":"purchasable","17":"product-type-simple"},"_links":{"self":[{"href":"https:\/\/roveyayinevi.com.tr\/index.php\/wp-json\/wp\/v2\/product\/720997","targetHints":{"allow":["GET"]}}],"collection":[{"href":"https:\/\/roveyayinevi.com.tr\/index.php\/wp-json\/wp\/v2\/product"}],"about":[{"href":"https:\/\/roveyayinevi.com.tr\/index.php\/wp-json\/wp\/v2\/types\/product"}],"wp:attachment":[{"href":"https:\/\/roveyayinevi.com.tr\/index.php\/wp-json\/wp\/v2\/media?parent=720997"}],"wp:term":[{"taxonomy":"product_brand","embeddable":true,"href":"https:\/\/roveyayinevi.com.tr\/index.php\/wp-json\/wp\/v2\/product_brand?post=720997"},{"taxonomy":"product_cat","embeddable":true,"href":"https:\/\/roveyayinevi.com.tr\/index.php\/wp-json\/wp\/v2\/product_cat?post=720997"},{"taxonomy":"product_tag","embeddable":true,"href":"https:\/\/roveyayinevi.com.tr\/index.php\/wp-json\/wp\/v2\/product_tag?post=720997"}],"curies":[{"name":"wp","href":"https:\/\/api.w.org\/{rel}","templated":true}]}}