{"id":720995,"date":"2025-08-27T18:43:46","date_gmt":"2025-08-27T15:43:46","guid":{"rendered":"https:\/\/roveyayinevi.com.tr\/index.php\/urun\/iktisattan-cikis\/"},"modified":"2026-04-16T02:28:48","modified_gmt":"2026-04-15T23:28:48","slug":"iktisattan-cikis","status":"publish","type":"product","link":"https:\/\/roveyayinevi.com.tr\/index.php\/urun\/iktisattan-cikis\/","title":{"rendered":"\u0130ktisattan \u00c7\u0131k\u0131\u015f"},"content":{"rendered":"<p>\u0130ktisada Giri\u015f iktisad\u0131n ilk dersidir&#8230; Hatta ilk kitab\u0131&#8230;\u0130\u00e7inde bol bol rasyonellik, hat\u0131r\u0131 say\u0131l\u0131r matematik ve ge\u00e7mi\u015fin deneyimleri vard\u0131r. Bug\u00fcn ise inand\u0131r\u0131c\u0131 gelmiyor kimseye. Neden mi?\u00c7\u00fcnk\u00fc normal \u015fartlarda iktisat rasyonel insan\u0131 tarif eder. Hani \u015fu \u00f6zg\u00fcr ya\u015fayan ve s\u0131n\u0131rl\u0131 kaynaklarla sonsuz ihtiya\u00e7lar\u0131 aras\u0131nda dengeleme yapmak zorunda kalan insan\u0131&#8230;Ne yaz\u0131k ki g\u00fcn\u00fcm\u00fczde rasyonel insandan s\u00f6z etmek m\u00fcmk\u00fcn de\u011fil. Gelirinden fazla harcayan, arzular\u0131yla ihtiya\u00e7lar\u0131n\u0131 birbirine kar\u0131\u015ft\u0131ran, al\u0131\u015f\u0131lm\u0131\u015f mutsuzluklar i\u00e7in ke\u015ffedilmemi\u015f mutluluklar\u0131 feda eden insanlarla dolu bir d\u00fcnyada ya\u015f\u0131yoruz. Peki neden b\u00f6yle oldu? \u0130ktisat, rasyonel insan\u0131 ne zaman ve neden kaybetti? \u015eimdi ne yapmak laz\u0131m?D\u00fcnyan\u0131n en etkili ekonomistleri aras\u0131nda g\u00f6sterilen Prof. Dr. Emre Alkin, \u00e7ok y\u00f6nl\u00fc bir iktisadi de\u011ferlendirmeyle d\u00fcnyan\u0131n ve T\u00fcrkiye\u2019nin ekonomisine dair \u00e7arp\u0131c\u0131 ve rahats\u0131z edici bir bak\u0131\u015f a\u00e7\u0131s\u0131yla cevapl\u0131yor b\u00fct\u00fcn bu sorular\u0131&#8230;Siyaset\u00e7iden i\u015f insan\u0131na, sokaktaki vatanda\u015ftan firmadaki personele, futbolcudan sanat\u00e7\u0131ya kadar herkes i\u00e7in \u00e7\u0131kar\u0131lacak dersler bulacaks\u0131n\u0131z bu kitapta&#8230; T\u00fcrkiye\u2019den ba\u015flay\u0131p k\u00fcresel ekonomiye kadar uzanan iktisattan \u00e7\u0131k\u0131\u015f yolculu\u011fu, sadece devletlerin de\u011fil, insan\u0131n da hikayesi.<\/p>\n","protected":false},"excerpt":{"rendered":"<p>\u0130ktisada Giri\u015f iktisad\u0131n ilk dersidir&#8230; Hatta ilk kitab\u0131&#8230;\u0130\u00e7inde bol bol rasyonellik, hat\u0131r\u0131 say\u0131l\u0131r matematik ve ge\u00e7mi\u015fin deneyimleri vard\u0131r. Bug\u00fcn ise inand\u0131r\u0131c\u0131 gelmiyor kimseye. Neden mi?\u00c7\u00fcnk\u00fc normal<span class=\"excerpt-hellip\"> [\u2026]<\/span><\/p>\n","protected":false},"featured_media":0,"template":"","meta":{"_monsterinsights_skip_tracking":false,"_monsterinsights_sitenote_active":false,"_monsterinsights_sitenote_note":"","_monsterinsights_sitenote_category":0},"product_brand":[],"product_cat":[20333,13043],"product_tag":[],"class_list":{"0":"post-720995","1":"product","2":"type-product","3":"status-publish","5":"product_cat-diger-ekonomi","6":"product_cat-ekonomi","7":"pa_cilt-ciltsiz","8":"pa_tur-kitap","9":"pa_yayinevi-destek-yayinlari","10":"pa_yazar-emre-alkin","12":"first","13":"instock","14":"sale","15":"shipping-taxable","16":"purchasable","17":"product-type-simple"},"_links":{"self":[{"href":"https:\/\/roveyayinevi.com.tr\/index.php\/wp-json\/wp\/v2\/product\/720995","targetHints":{"allow":["GET"]}}],"collection":[{"href":"https:\/\/roveyayinevi.com.tr\/index.php\/wp-json\/wp\/v2\/product"}],"about":[{"href":"https:\/\/roveyayinevi.com.tr\/index.php\/wp-json\/wp\/v2\/types\/product"}],"wp:attachment":[{"href":"https:\/\/roveyayinevi.com.tr\/index.php\/wp-json\/wp\/v2\/media?parent=720995"}],"wp:term":[{"taxonomy":"product_brand","embeddable":true,"href":"https:\/\/roveyayinevi.com.tr\/index.php\/wp-json\/wp\/v2\/product_brand?post=720995"},{"taxonomy":"product_cat","embeddable":true,"href":"https:\/\/roveyayinevi.com.tr\/index.php\/wp-json\/wp\/v2\/product_cat?post=720995"},{"taxonomy":"product_tag","embeddable":true,"href":"https:\/\/roveyayinevi.com.tr\/index.php\/wp-json\/wp\/v2\/product_tag?post=720995"}],"curies":[{"name":"wp","href":"https:\/\/api.w.org\/{rel}","templated":true}]}}