{"id":720994,"date":"2025-08-27T18:43:46","date_gmt":"2025-08-27T15:43:46","guid":{"rendered":"https:\/\/roveyayinevi.com.tr\/index.php\/urun\/ustanin-goremedigi-siyasi-tuzak\/"},"modified":"2026-04-16T02:28:48","modified_gmt":"2026-04-15T23:28:48","slug":"ustanin-goremedigi-siyasi-tuzak","status":"publish","type":"product","link":"https:\/\/roveyayinevi.com.tr\/index.php\/urun\/ustanin-goremedigi-siyasi-tuzak\/","title":{"rendered":"Usta\u2019n\u0131n G\u00f6remedi\u011fi Siyasi Tuzak"},"content":{"rendered":"<p>Bu co\u011frafyada tesad\u00fcfen bir \u015fey olmaz, hi\u00e7bir \u015fey de gizli kalmaz.Bug\u00fcn g\u00f6r\u00fcyoruz i\u015fte Barzani d\u00f6nd\u00fc dola\u015ft\u0131 Suriye\u2019ye geldi. Suriye d\u00f6nd\u00fc dola\u015ft\u0131 T\u00fcrk Ordusu\u2019na geldi. Birbirini tetikleyen ve zincirleme giden karanl\u0131k bir s\u00fcre\u00e7 bu. Peki yar\u0131n ne olacak? G\u00f6receksiniz, i\u015f \u00f6nce T\u00fcrk Ordusu\u2019na kurulan kumpasa, ard\u0131ndan 17\/25\u2019e, derken 15 Temmuz\u2019un perde arkas\u0131ndakilere gelecek. Ve T\u00fcrk Milleti arad\u0131\u011f\u0131 huzur ve g\u00fcveni as\u0131l bu d\u00fc\u011f\u00fcm\u00fcn \u00e7\u00f6z\u00fclmesiyle bulacak&#8230;Ben bu \u00f6mr\u00fc bo\u015fa ya\u015famad\u0131m, bu kitab\u0131 da bo\u015fa yazmad\u0131m. Siyaset i\u00e7in hesapla\u015fma, yarg\u0131 \u00f6n\u00fcnde kan\u0131t, gen\u00e7lerimize bir rehber, perde \u00e7ekilmi\u015f g\u00f6zlerimize \u0131\u015f\u0131k olsun diye yazd\u0131m.Az sonra okuyaca\u011f\u0131n\u0131z bu kitap sizi deh\u015fete d\u00fc\u015f\u00fcrebilir, Aldat\u0131ld\u0131k! diyerek \u00f6fkelenebilirsiniz&#8230; Her bir sat\u0131r\u0131n\u0131 okurken Ne olacak \u015fimdi? deyip endi\u015fe de duyabilirsiniz&#8230; Belki sona gelindi\u011finde Hepsi hikayeymi\u015f! der g\u00fcl\u00fcp ge\u00e7ersiniz.Erdal Sar\u0131zeybek<\/p>\n","protected":false},"excerpt":{"rendered":"<p>Bu co\u011frafyada tesad\u00fcfen bir \u015fey olmaz, hi\u00e7bir \u015fey de gizli kalmaz.Bug\u00fcn g\u00f6r\u00fcyoruz i\u015fte Barzani d\u00f6nd\u00fc dola\u015ft\u0131 Suriye\u2019ye geldi. Suriye d\u00f6nd\u00fc dola\u015ft\u0131 T\u00fcrk Ordusu\u2019na geldi. Birbirini tetikleyen<span class=\"excerpt-hellip\"> [\u2026]<\/span><\/p>\n","protected":false},"featured_media":0,"template":"","meta":{"_monsterinsights_skip_tracking":false,"_monsterinsights_sitenote_active":false,"_monsterinsights_sitenote_note":"","_monsterinsights_sitenote_category":0},"product_brand":[],"product_cat":[13590,12337],"product_tag":[],"class_list":{"0":"post-720994","1":"product","2":"type-product","3":"status-publish","5":"product_cat-arastirma-inceleme-politika-siyaset","6":"product_cat-politika-siyaset","7":"pa_cilt-ciltsiz","8":"pa_tur-kitap","9":"pa_yayinevi-destek-yayinlari","10":"pa_yazar-erdal-sarizeybek","12":"first","13":"instock","14":"sale","15":"shipping-taxable","16":"purchasable","17":"product-type-simple"},"_links":{"self":[{"href":"https:\/\/roveyayinevi.com.tr\/index.php\/wp-json\/wp\/v2\/product\/720994","targetHints":{"allow":["GET"]}}],"collection":[{"href":"https:\/\/roveyayinevi.com.tr\/index.php\/wp-json\/wp\/v2\/product"}],"about":[{"href":"https:\/\/roveyayinevi.com.tr\/index.php\/wp-json\/wp\/v2\/types\/product"}],"wp:attachment":[{"href":"https:\/\/roveyayinevi.com.tr\/index.php\/wp-json\/wp\/v2\/media?parent=720994"}],"wp:term":[{"taxonomy":"product_brand","embeddable":true,"href":"https:\/\/roveyayinevi.com.tr\/index.php\/wp-json\/wp\/v2\/product_brand?post=720994"},{"taxonomy":"product_cat","embeddable":true,"href":"https:\/\/roveyayinevi.com.tr\/index.php\/wp-json\/wp\/v2\/product_cat?post=720994"},{"taxonomy":"product_tag","embeddable":true,"href":"https:\/\/roveyayinevi.com.tr\/index.php\/wp-json\/wp\/v2\/product_tag?post=720994"}],"curies":[{"name":"wp","href":"https:\/\/api.w.org\/{rel}","templated":true}]}}