{"id":720993,"date":"2025-08-27T18:43:45","date_gmt":"2025-08-27T15:43:45","guid":{"rendered":"https:\/\/roveyayinevi.com.tr\/index.php\/urun\/bozdogan\/"},"modified":"2026-04-16T02:28:48","modified_gmt":"2026-04-15T23:28:48","slug":"bozdogan","status":"publish","type":"product","link":"https:\/\/roveyayinevi.com.tr\/index.php\/urun\/bozdogan\/","title":{"rendered":"Bozdo\u011fan"},"content":{"rendered":"<p>General Nuri Killigil&#8230;O, cihan imparatorlu\u011funun son nefesinde \u00fc\u00e7 k\u0131tada T\u00fcrk bayra\u011f\u0131n\u0131 dalgaland\u0131rmak i\u00e7in m\u00fccadele eden bir Osmanl\u0131 subay\u0131&#8230;Gence \u00c7\u00f6l\u00fc\u2019n\u00fc ge\u00e7erek Bak\u00fc kap\u0131lar\u0131na dayanan ve Azerbaycan Cumhuriyeti\u2019nin kurulu\u015funda b\u00fcy\u00fck hizmetleri olan bir komutan.\u0130kinci D\u00fcnya Sava\u015f\u0131 s\u0131ras\u0131nda Kafkaslardaki T\u00fcrk halklar\u0131n\u0131 korumak ve yeni T\u00fcrk cumhuriyetlerinin kurulmas\u0131na imkan yaratmak i\u00e7in Hitler y\u00f6netimiyle g\u00f6r\u00fc\u015fen sivil bir T\u00fcrk&#8230;Cumhuriyet\u2019in ilan\u0131ndan sonra kurdu\u011fu \u00e7inicilik ve silah fabrikalar\u0131yla T\u00fcrkiye sanayisinde \u00e7\u0131\u011f\u0131r a\u00e7an, memleketin silah ihra\u00e7 edebilir potansiyele ula\u015fmas\u0131na \u00f6nc\u00fcl\u00fck eden bir end\u00fcstriyel silah tasar\u0131mc\u0131s\u0131&#8230;Ne var ki \u00f6l\u00fcm\u00fc ac\u0131yla, ihanetle, karanl\u0131klarla, s\u0131rlarla ve entrikalarla dolu&#8230;Hain bir sabotajla fabrikas\u0131 havaya u\u00e7uruldu\u011fu g\u00fcn, o da i\u00e7erideydi. Cesedi bile infilaktan 20 g\u00fcn sonra Hali\u00e7\u2019te bulundu. \u0130stanbul M\u00fcft\u00fcs\u00fc, bu vatanseverin cenaze namaz\u0131n\u0131 k\u0131lmay\u0131 caiz bulmad\u0131. Cenazesi i\u015f\u00e7ileri taraf\u0131ndan merasimsiz kald\u0131r\u0131ld\u0131.Olay\u0131n failleri hala me\u00e7hul&#8230;Patlama hakk\u0131ndaki TBMM oturumuna ait tutanaklar \u00fczerindeki gizlilik, olay\u0131n \u00fczerinden 70 y\u0131l ge\u00e7mesine ra\u011fmen kald\u0131r\u0131lmad\u0131 hen\u00fcz.Ara\u015ft\u0131rmac\u0131 yazar Fatih \u00d6zcan\u2019\u0131n kaleme ald\u0131\u011f\u0131 bozdo\u011fan vatan sevdal\u0131s\u0131 bir generalin, memleketin ayd\u0131nlanma ve geli\u015fme s\u00fcrecinde verdi\u011fi emeklerinin karanl\u0131k eller taraf\u0131ndan neden ve nas\u0131l sonland\u0131r\u0131ld\u0131\u011f\u0131n\u0131n roman\u0131d\u0131r&#8230;<\/p>\n","protected":false},"excerpt":{"rendered":"<p>General Nuri Killigil&#8230;O, cihan imparatorlu\u011funun son nefesinde \u00fc\u00e7 k\u0131tada T\u00fcrk bayra\u011f\u0131n\u0131 dalgaland\u0131rmak i\u00e7in m\u00fccadele eden bir Osmanl\u0131 subay\u0131&#8230;Gence \u00c7\u00f6l\u00fc\u2019n\u00fc ge\u00e7erek Bak\u00fc kap\u0131lar\u0131na dayanan ve Azerbaycan Cumhuriyeti\u2019nin<span class=\"excerpt-hellip\"> [\u2026]<\/span><\/p>\n","protected":false},"featured_media":0,"template":"","meta":{"_monsterinsights_skip_tracking":false,"_monsterinsights_sitenote_active":false,"_monsterinsights_sitenote_note":"","_monsterinsights_sitenote_category":0},"product_brand":[],"product_cat":[13946,12304],"product_tag":[],"class_list":{"0":"post-720993","1":"product","2":"type-product","3":"status-publish","5":"product_cat-biyografi-otobiyografi","6":"product_cat-tarih","7":"pa_cilt-ciltsiz","8":"pa_tur-kitap","9":"pa_yayinevi-destek-yayinlari","10":"pa_yazar-fatih-ozcan","12":"first","13":"instock","14":"sale","15":"shipping-taxable","16":"purchasable","17":"product-type-simple"},"_links":{"self":[{"href":"https:\/\/roveyayinevi.com.tr\/index.php\/wp-json\/wp\/v2\/product\/720993","targetHints":{"allow":["GET"]}}],"collection":[{"href":"https:\/\/roveyayinevi.com.tr\/index.php\/wp-json\/wp\/v2\/product"}],"about":[{"href":"https:\/\/roveyayinevi.com.tr\/index.php\/wp-json\/wp\/v2\/types\/product"}],"wp:attachment":[{"href":"https:\/\/roveyayinevi.com.tr\/index.php\/wp-json\/wp\/v2\/media?parent=720993"}],"wp:term":[{"taxonomy":"product_brand","embeddable":true,"href":"https:\/\/roveyayinevi.com.tr\/index.php\/wp-json\/wp\/v2\/product_brand?post=720993"},{"taxonomy":"product_cat","embeddable":true,"href":"https:\/\/roveyayinevi.com.tr\/index.php\/wp-json\/wp\/v2\/product_cat?post=720993"},{"taxonomy":"product_tag","embeddable":true,"href":"https:\/\/roveyayinevi.com.tr\/index.php\/wp-json\/wp\/v2\/product_tag?post=720993"}],"curies":[{"name":"wp","href":"https:\/\/api.w.org\/{rel}","templated":true}]}}