{"id":720990,"date":"2025-08-27T18:43:43","date_gmt":"2025-08-27T15:43:43","guid":{"rendered":"https:\/\/roveyayinevi.com.tr\/index.php\/urun\/hicbir-sey-ayni-olmayacak\/"},"modified":"2026-04-16T02:28:48","modified_gmt":"2026-04-15T23:28:48","slug":"hicbir-sey-ayni-olmayacak","status":"publish","type":"product","link":"https:\/\/roveyayinevi.com.tr\/index.php\/urun\/hicbir-sey-ayni-olmayacak\/","title":{"rendered":"Hi\u00e7bir \u015eey Ayn\u0131 Olmayacak"},"content":{"rendered":"<p>Hi\u00e7bir \u015eey Ayn\u0131 Olmayacak, gitmekle kalman\u0131n ikilemi i\u00e7inde kendini yolda bulmu\u015flar\u0131n hayat muhasebesi. 12 Eyl\u00fcl 1980 Darbesi\u2019nde \u00fclkeyi terk etmek zorunda kalm\u0131\u015f siyasi m\u00fcltecilerin ya\u015fam \u00f6yk\u00fcleriyle \u015fekillenen bu anlat\u0131ya hat\u0131rlamak, unutmak, sessizlik ve y\u00fczle\u015fme temalar\u0131 \u00e7er\u00e7evesinde ge\u00e7mi\u015fi m\u00fc\u015fterekle\u015ftirmek iste\u011fi de denilebilir. 12 Eyl\u00fcl yaln\u0131zca militarist bask\u0131lar\u0131n, korkun\u00e7 i\u015fkencelerin, par\u00e7alanm\u0131\u015f ya\u015famlar\u0131n ortak hik\u00e2yesi de\u011fil; ayn\u0131 zamanda hakl\u0131 direni\u015flerin, d\u00f6v\u00fc\u015ferek kaybetmenin, kad\u0131n m\u00fccadelesi ve \u00f6rg\u00fctlenmesinin, kolektif akl\u0131n, ya\u015fama s\u0131k\u0131ca tutunman\u0131n ama bunlar\u0131n yan\u0131nda bir ku\u015faktan di\u011ferine aktar\u0131lm\u0131\u015f travmalar\u0131n da anlat\u0131s\u0131d\u0131r. Elinizdeki \u00e7al\u0131\u015fma bu tecr\u00fcbe ve \u00e7alkant\u0131lar\u0131 Almanya, Amerika Birle\u015fik Devletleri, Bel\u00e7ika, Danimarka, Fransa, Hollanda, \u0130sve\u00e7 ve \u0130svi\u00e7re\u2019de darbe sonras\u0131 siyasi m\u00fclteci olarak  ya\u015fayan kad\u0131n, erkek ve \u00e7ocuklar\u0131n kendi anlat\u0131mlar\u0131yla g\u00f6zler \u00f6n\u00fcne seren kapsaml\u0131 bir \u00e7al\u0131\u015fma. <\/p>\n","protected":false},"excerpt":{"rendered":"<p>Hi\u00e7bir \u015eey Ayn\u0131 Olmayacak, gitmekle kalman\u0131n ikilemi i\u00e7inde kendini yolda bulmu\u015flar\u0131n hayat muhasebesi. 12 Eyl\u00fcl 1980 Darbesi\u2019nde \u00fclkeyi terk etmek zorunda kalm\u0131\u015f siyasi m\u00fcltecilerin ya\u015fam \u00f6yk\u00fcleriyle<span class=\"excerpt-hellip\"> [\u2026]<\/span><\/p>\n","protected":false},"featured_media":0,"template":"","meta":{"_monsterinsights_skip_tracking":false,"_monsterinsights_sitenote_active":false,"_monsterinsights_sitenote_note":"","_monsterinsights_sitenote_category":0},"product_brand":[],"product_cat":[13590,12337],"product_tag":[],"class_list":{"0":"post-720990","1":"product","2":"type-product","3":"status-publish","5":"product_cat-arastirma-inceleme-politika-siyaset","6":"product_cat-politika-siyaset","7":"pa_cilt-ciltsiz","8":"pa_tur-kitap","9":"pa_yayinevi-ayrinti-yayinlari","10":"pa_yazar-eylem-delikanli-ozlem-delikanli","12":"first","13":"instock","14":"sale","15":"shipping-taxable","16":"purchasable","17":"product-type-simple"},"_links":{"self":[{"href":"https:\/\/roveyayinevi.com.tr\/index.php\/wp-json\/wp\/v2\/product\/720990","targetHints":{"allow":["GET"]}}],"collection":[{"href":"https:\/\/roveyayinevi.com.tr\/index.php\/wp-json\/wp\/v2\/product"}],"about":[{"href":"https:\/\/roveyayinevi.com.tr\/index.php\/wp-json\/wp\/v2\/types\/product"}],"wp:attachment":[{"href":"https:\/\/roveyayinevi.com.tr\/index.php\/wp-json\/wp\/v2\/media?parent=720990"}],"wp:term":[{"taxonomy":"product_brand","embeddable":true,"href":"https:\/\/roveyayinevi.com.tr\/index.php\/wp-json\/wp\/v2\/product_brand?post=720990"},{"taxonomy":"product_cat","embeddable":true,"href":"https:\/\/roveyayinevi.com.tr\/index.php\/wp-json\/wp\/v2\/product_cat?post=720990"},{"taxonomy":"product_tag","embeddable":true,"href":"https:\/\/roveyayinevi.com.tr\/index.php\/wp-json\/wp\/v2\/product_tag?post=720990"}],"curies":[{"name":"wp","href":"https:\/\/api.w.org\/{rel}","templated":true}]}}