{"id":720989,"date":"2025-08-27T18:43:42","date_gmt":"2025-08-27T15:43:42","guid":{"rendered":"https:\/\/roveyayinevi.com.tr\/index.php\/urun\/2084\/"},"modified":"2026-04-16T02:28:48","modified_gmt":"2026-04-15T23:28:48","slug":"2084","status":"publish","type":"product","link":"https:\/\/roveyayinevi.com.tr\/index.php\/urun\/2084\/","title":{"rendered":"2084"},"content":{"rendered":"<p>Hac\u0131 adaylar\u0131 \u00e7o\u011funlukla tehlikeli ko\u015fullarda uzaklardan, \u00fclkenin d\u00f6rt bir yan\u0131ndan yayan gelirlerdi, \u00fcstleri ba\u015flar\u0131 d\u00f6k\u00fcl\u00fcrd\u00fc, ate\u015fleri olurdu; hik\u00e2yeleri kehanet, mucize, sefalet ve su\u00e7 doluydu, daha da rahats\u0131z edici olan hepsini al\u00e7ak sesle anlatmalar\u0131yd\u0131, ta ki en ufak sesle duraksay\u0131p omuzlar\u0131n\u0131n \u00fczerinden dikkatle etrafa bakana dek. Hac\u0131lar ve hastalar, muhaf\u0131zlar ya da belki de korkun\u00e7 V\u2019ler taraf\u0131ndan su\u00e7\u00fcst\u00fc yakalanma ve a\u015fa\u011f\u0131l\u0131k cemaatin, yani Putperestlik Birli\u011fi\u2019nin propagandac\u0131s\u0131, makouf olarak su\u00e7lanma korkusuyla, herkes gibi, daima tetikteydiler. Ati, uzaktan gelen bu yolcularla ileti\u015fim kurmay\u0131 severdi, bunun i\u00e7in \u00e7aba g\u00f6sterirdi, seyahatleri boyunca biriktirdikleri hik\u00e2yeleri, ke\u015ffettikleri \u015feyleri dinlemekten ho\u015flan\u0131rd\u0131. \u00dclke o kadar b\u00fcy\u00fck, o kadar bilinmezle doluydu ki insan\u0131n bu gizemlerin i\u00e7inde kaybolas\u0131 geliyordu. George Orwell\u2019\u0131n1984\u2019\u00fcne ithaf niteli\u011findeki bu romanda BoualemSansal, dine dayal\u0131, totaliter rejimlerin s\u0131n\u0131rlar\u0131n\u0131 geni\u015fleterek okuru yak\u0131n gelecekte ge\u00e7en ger\u00e7ek bir k\u00e2busun, bir din distopyas\u0131n\u0131n i\u00e7ine \u00e7ekiyor ve b\u00f6yle bir d\u00fcnyada umudun h\u00e2l\u00e2 var olup olmad\u0131\u011f\u0131n\u0131 sorgulat\u0131yor&#8230;S\u0131radan bir Abistanl\u0131 olan Ati, tarihin yok oldu\u011fu, k\u00fclt\u00fcrel farkl\u0131l\u0131klar\u0131n ortadan kald\u0131r\u0131ld\u0131\u011f\u0131, zorbal\u0131k ve tahakk\u00fcmle tek bir inanc\u0131n dayat\u0131ld\u0131\u011f\u0131 ve insanlar\u0131n d\u00fc\u015f\u00fcnmelerine imk\u00e2n verilmedi\u011fi bir \u00fclkede, yani Abistan\u2019da asl\u0131nda ba\u015fka ger\u00e7eklikler oldu\u011funu fark eder ve t\u00fcm korkular\u0131na ra\u011fmen bunlar\u0131n pe\u015fine d\u00fc\u015fer&#8230; <\/p>\n","protected":false},"excerpt":{"rendered":"<p>Hac\u0131 adaylar\u0131 \u00e7o\u011funlukla tehlikeli ko\u015fullarda uzaklardan, \u00fclkenin d\u00f6rt bir yan\u0131ndan yayan gelirlerdi, \u00fcstleri ba\u015flar\u0131 d\u00f6k\u00fcl\u00fcrd\u00fc, ate\u015fleri olurdu; hik\u00e2yeleri kehanet, mucize, sefalet ve su\u00e7 doluydu, daha da<span class=\"excerpt-hellip\"> [\u2026]<\/span><\/p>\n","protected":false},"featured_media":0,"template":"","meta":{"_monsterinsights_skip_tracking":false,"_monsterinsights_sitenote_active":false,"_monsterinsights_sitenote_note":"","_monsterinsights_sitenote_category":0},"product_brand":[],"product_cat":[12291,12711],"product_tag":[],"class_list":{"0":"post-720989","1":"product","2":"type-product","3":"status-publish","5":"product_cat-edebiyat","6":"product_cat-roman-oyku","7":"pa_cilt-ciltsiz","8":"pa_tur-kitap","9":"pa_yayinevi-ayrinti-yayinlari","10":"pa_yazar-boualem-sansal","12":"first","13":"instock","14":"sale","15":"shipping-taxable","16":"purchasable","17":"product-type-simple"},"_links":{"self":[{"href":"https:\/\/roveyayinevi.com.tr\/index.php\/wp-json\/wp\/v2\/product\/720989","targetHints":{"allow":["GET"]}}],"collection":[{"href":"https:\/\/roveyayinevi.com.tr\/index.php\/wp-json\/wp\/v2\/product"}],"about":[{"href":"https:\/\/roveyayinevi.com.tr\/index.php\/wp-json\/wp\/v2\/types\/product"}],"wp:attachment":[{"href":"https:\/\/roveyayinevi.com.tr\/index.php\/wp-json\/wp\/v2\/media?parent=720989"}],"wp:term":[{"taxonomy":"product_brand","embeddable":true,"href":"https:\/\/roveyayinevi.com.tr\/index.php\/wp-json\/wp\/v2\/product_brand?post=720989"},{"taxonomy":"product_cat","embeddable":true,"href":"https:\/\/roveyayinevi.com.tr\/index.php\/wp-json\/wp\/v2\/product_cat?post=720989"},{"taxonomy":"product_tag","embeddable":true,"href":"https:\/\/roveyayinevi.com.tr\/index.php\/wp-json\/wp\/v2\/product_tag?post=720989"}],"curies":[{"name":"wp","href":"https:\/\/api.w.org\/{rel}","templated":true}]}}