{"id":720988,"date":"2025-08-27T18:43:41","date_gmt":"2025-08-27T15:43:41","guid":{"rendered":"https:\/\/roveyayinevi.com.tr\/index.php\/urun\/arkadasim-olur-musun\/"},"modified":"2026-04-16T02:28:48","modified_gmt":"2026-04-15T23:28:48","slug":"arkadasim-olur-musun","status":"publish","type":"product","link":"https:\/\/roveyayinevi.com.tr\/index.php\/urun\/arkadasim-olur-musun\/","title":{"rendered":"Arkada\u015f\u0131m Olur musun?"},"content":{"rendered":"<p>Yeni bir okul, yeni arkada\u015flar&#8230; Her ba\u015flang\u0131\u00e7 zor olur, \u00f6yle de\u011fil mi? Ilg\u0131n da yeni okuluna geldi\u011finde biraz zorluk \u00e7eker. S\u0131ra arkada\u015f\u0131 Sude, Ilg\u0131n\u2019\u0131n \u00e7ekingen ve biraz da da\u011f\u0131n\u0131k haline \u00e7ok al\u0131\u015famasa da onu bu \u00f6zelli\u011fiyle sevmeye ba\u015flar. Sude Ilg\u0131n\u2019la her g\u00fcn biraz daha yak\u0131nla\u015f\u0131rken onun \u00e7ekingenli\u011finin ve da\u011f\u0131n\u0131kl\u0131l\u0131\u011f\u0131n\u0131n farkl\u0131 bir nedeni oldu\u011funu \u00f6\u011frenir. Sude\u2019nin tam da Ilg\u0131n\u2019\u0131n s\u0131n\u0131fa geldi\u011fi ilk g\u00fcnlerde g\u00fcnl\u00fck tutmaya ba\u015flamas\u0131yla, Ilg\u0131n\u2019\u0131n bu yeni ortamda neler ya\u015fad\u0131\u011f\u0131n\u0131 bazen g\u00fclerek bazen de merakla okuyoruz.   <\/p>\n","protected":false},"excerpt":{"rendered":"<p>Yeni bir okul, yeni arkada\u015flar&#8230; Her ba\u015flang\u0131\u00e7 zor olur, \u00f6yle de\u011fil mi? Ilg\u0131n da yeni okuluna geldi\u011finde biraz zorluk \u00e7eker. S\u0131ra arkada\u015f\u0131 Sude, Ilg\u0131n\u2019\u0131n \u00e7ekingen ve<span class=\"excerpt-hellip\"> [\u2026]<\/span><\/p>\n","protected":false},"featured_media":0,"template":"","meta":{"_monsterinsights_skip_tracking":false,"_monsterinsights_sitenote_active":false,"_monsterinsights_sitenote_note":"","_monsterinsights_sitenote_category":0},"product_brand":[],"product_cat":[12274,12284],"product_tag":[],"class_list":{"0":"post-720988","1":"product","2":"type-product","3":"status-publish","5":"product_cat-cocuk-ve-genclik-kitaplari","6":"product_cat-hikayeler","7":"pa_cilt-ciltsiz","8":"pa_tur-kitap","9":"pa_yayinevi-dinozor-cocuk","10":"pa_yazar-hazal-uzuner","12":"first","13":"instock","14":"sale","15":"shipping-taxable","16":"purchasable","17":"product-type-simple"},"_links":{"self":[{"href":"https:\/\/roveyayinevi.com.tr\/index.php\/wp-json\/wp\/v2\/product\/720988","targetHints":{"allow":["GET"]}}],"collection":[{"href":"https:\/\/roveyayinevi.com.tr\/index.php\/wp-json\/wp\/v2\/product"}],"about":[{"href":"https:\/\/roveyayinevi.com.tr\/index.php\/wp-json\/wp\/v2\/types\/product"}],"wp:attachment":[{"href":"https:\/\/roveyayinevi.com.tr\/index.php\/wp-json\/wp\/v2\/media?parent=720988"}],"wp:term":[{"taxonomy":"product_brand","embeddable":true,"href":"https:\/\/roveyayinevi.com.tr\/index.php\/wp-json\/wp\/v2\/product_brand?post=720988"},{"taxonomy":"product_cat","embeddable":true,"href":"https:\/\/roveyayinevi.com.tr\/index.php\/wp-json\/wp\/v2\/product_cat?post=720988"},{"taxonomy":"product_tag","embeddable":true,"href":"https:\/\/roveyayinevi.com.tr\/index.php\/wp-json\/wp\/v2\/product_tag?post=720988"}],"curies":[{"name":"wp","href":"https:\/\/api.w.org\/{rel}","templated":true}]}}