{"id":720987,"date":"2025-08-27T18:43:41","date_gmt":"2025-08-27T15:43:41","guid":{"rendered":"https:\/\/roveyayinevi.com.tr\/index.php\/urun\/duyguya-tarif-gerek\/"},"modified":"2026-04-16T02:28:48","modified_gmt":"2026-04-15T23:28:48","slug":"duyguya-tarif-gerek","status":"publish","type":"product","link":"https:\/\/roveyayinevi.com.tr\/index.php\/urun\/duyguya-tarif-gerek\/","title":{"rendered":"Duyguya Tarif Gerek"},"content":{"rendered":"<p>Bu kitap yemek ve duygular\u0131 bir arada yorumlayan bir bina gibi tasarlanm\u0131\u015ft\u0131r. O y\u00fczden okudu\u011funuz s\u00fcre boyunca kendinizi bir \u201cDuygu M\u00fczesinde\u201d gezer gibi hissedebilirsiniz. Duygular\u0131m\u0131z\u0131n sergilendi\u011fi bu m\u00fczenin kalbi \u201cmutfak\u201d. Buras\u0131 ayr\u0131ca bulu\u015fma noktam\u0131z. Kimsenin birbirini g\u00f6rmedi\u011fi bir \u00e7emberde duygular\u0131m\u0131z\u0131 birlikte g\u00f6zden ge\u00e7iriyor ve iyile\u015ftiren tarifler \u00fczerine konu\u015fuyoruz. M\u00fczemizin bir \u00e7al\u0131\u015fma saati yok, ne zaman kendimizi misafir gibi a\u011f\u0131rlamak istesek kap\u0131lar\u0131 bize hep a\u00e7\u0131k. Duygulara y\u00f6n vermek gibi bir iddias\u0131 yok, tek gayesi iyi gelmek. Bir kitab\u0131n arka kapa\u011f\u0131 bir\u00e7ok kayg\u0131 yada beklenti ile yaz\u0131labilir. Ben bunlar\u0131 yapamayaca\u011f\u0131m\u0131 hissedip i\u00e7imden geldi\u011fi gibi yazd\u0131m. \u0130lk sayfada bekliyorum. Samimiyette bulu\u015fal\u0131m. Tuba G\u00fcrcan <\/p>\n","protected":false},"excerpt":{"rendered":"<p>Bu kitap yemek ve duygular\u0131 bir arada yorumlayan bir bina gibi tasarlanm\u0131\u015ft\u0131r. O y\u00fczden okudu\u011funuz s\u00fcre boyunca kendinizi bir \u201cDuygu M\u00fczesinde\u201d gezer gibi hissedebilirsiniz. Duygular\u0131m\u0131z\u0131n sergilendi\u011fi<span class=\"excerpt-hellip\"> [\u2026]<\/span><\/p>\n","protected":false},"featured_media":0,"template":"","meta":{"_monsterinsights_skip_tracking":false,"_monsterinsights_sitenote_active":false,"_monsterinsights_sitenote_note":"","_monsterinsights_sitenote_category":0},"product_brand":[],"product_cat":[12457],"product_tag":[],"class_list":{"0":"post-720987","1":"product","2":"type-product","3":"status-publish","5":"product_cat-yemek-kitaplari","6":"pa_cilt-ciltsiz","7":"pa_tur-kitap","8":"pa_yayinevi-okuyan-us-yayin","9":"pa_yazar-tuba-gurcan","11":"first","12":"instock","13":"sale","14":"shipping-taxable","15":"purchasable","16":"product-type-simple"},"_links":{"self":[{"href":"https:\/\/roveyayinevi.com.tr\/index.php\/wp-json\/wp\/v2\/product\/720987","targetHints":{"allow":["GET"]}}],"collection":[{"href":"https:\/\/roveyayinevi.com.tr\/index.php\/wp-json\/wp\/v2\/product"}],"about":[{"href":"https:\/\/roveyayinevi.com.tr\/index.php\/wp-json\/wp\/v2\/types\/product"}],"wp:attachment":[{"href":"https:\/\/roveyayinevi.com.tr\/index.php\/wp-json\/wp\/v2\/media?parent=720987"}],"wp:term":[{"taxonomy":"product_brand","embeddable":true,"href":"https:\/\/roveyayinevi.com.tr\/index.php\/wp-json\/wp\/v2\/product_brand?post=720987"},{"taxonomy":"product_cat","embeddable":true,"href":"https:\/\/roveyayinevi.com.tr\/index.php\/wp-json\/wp\/v2\/product_cat?post=720987"},{"taxonomy":"product_tag","embeddable":true,"href":"https:\/\/roveyayinevi.com.tr\/index.php\/wp-json\/wp\/v2\/product_tag?post=720987"}],"curies":[{"name":"wp","href":"https:\/\/api.w.org\/{rel}","templated":true}]}}