{"id":720986,"date":"2025-08-27T18:43:40","date_gmt":"2025-08-27T15:43:40","guid":{"rendered":"https:\/\/roveyayinevi.com.tr\/index.php\/urun\/ben-degil-de-bi-arkadas\/"},"modified":"2026-04-16T02:28:48","modified_gmt":"2026-04-15T23:28:48","slug":"ben-degil-de-bi-arkadas","status":"publish","type":"product","link":"https:\/\/roveyayinevi.com.tr\/index.php\/urun\/ben-degil-de-bi-arkadas\/","title":{"rendered":"Ben De\u011fil de Bi Arkada\u015f"},"content":{"rendered":"<p>\u0130nsanlar\u0131n \u00e7o\u011funun hayatlar\u0131n\u0131 yapt\u0131klar\u0131 se\u00e7imler \u015fekillendirir. \u0130nsanlar\u0131n bir k\u0131sm\u0131 ise yapt\u0131klar\u0131 se\u00e7imler sayesinde o se\u00e7imlerin anlam\u0131n\u0131 ve sonu\u00e7lar\u0131n\u0131 etkilerler. \u00c7ok ki\u015finin mesle\u011fi vard\u0131r ama az say\u0131da insan o mesle\u011fi \u201cba\u015fka bir boyuta\u201d kavu\u015fturur. \u0130\u015fte bana g\u00f6re sevgili Ferhat Ayd\u0131n, \u201cBar Psikolo\u011fu\u201d konsepti ile b\u00f6yle bir insan oldu\u011funun ilk imzas\u0131n\u0131 atanlardan. Ve bence bu onun yapabileceklerinin daha ba\u015flang\u0131c\u0131. \u00d6mr\u00fc olduk\u00e7a, d\u00fcnyay\u0131 daha iyi bir yere do\u011fru d\u00f6n\u00fc\u015ft\u00fcrmeye \u00e7abalayanlardan birisi olacakt\u0131r. Zihni, g\u00f6nl\u00fc ve kalemiyle\u2026 Sinan Canan Sevgili Ferhat Ayd\u0131n\u2019\u0131n T\u00fcrkiye\u2019deki psikoloji camias\u0131n\u0131n pop\u00fcler isimlerinden biri olaca\u011f\u0131 \u00f6\u011frenciyken \u00f6ng\u00f6r\u00fclebilirdi. Yenilik\u00e7i, s\u0131n\u0131rlar\u0131 test etmekten ka\u00e7\u0131nmayan, k\u00fclt kuramlara bile farkl\u0131 yorumlar getirebilen \u00f6zel bir psikoloji \u00f6\u011frencisi olan nam-\u0131 di\u011fer Bar Psikolo\u011fu yazarl\u0131\u011fa att\u0131\u011f\u0131 bu ilk ad\u0131m\u0131 her zaman gururla hat\u0131rlayacak ve biz okurlar\u0131n\u0131 s\u0131k\u00e7a \u015fa\u015f\u0131rtmaya devam edecektir. Mehmet \u015eakiro\u011flu Sevgili Ferhat Ayd\u0131n kendisi i\u00e7in se\u00e7ti\u011fi \u201cBar Psikolo\u011fu\u201d ad\u0131 alt\u0131nda hepimizin g\u00fcnl\u00fck ya\u015fam\u0131nda yararl\u0131 olabilecek temel psikososyal bilgileri dozunda bir mizahla s\u0131rad\u0131\u015f\u0131 bi\u00e7imde aktarmak gibi anlaml\u0131 bir sorumlulu\u011fu \u00fcstlenmi\u015f bir ruh sa\u011fl\u0131\u011f\u0131 profesyoneli. \u0130nsanlar\u0131n \u00f6znelliklerini saklama ihtiyac\u0131 duydu\u011fu bir d\u00fcnyada \u201cben de\u011fil de bi arkada\u015f\u201d ba\u015fl\u0131\u011f\u0131 bile anlaml\u0131. Kitab\u0131nda bir\u00e7ok ki\u015fi i\u00e7in farkl\u0131 anlamlar \u00e7a\u011fr\u0131\u015ft\u0131ran psikoloji ve psikoterapiler ile ilgili merak edilen konulara kendine \u00f6zg\u00fc mizahi ve metaforik anlat\u0131m\u0131yla yan\u0131t arayan farkl\u0131 bir bak\u0131\u015f getirmi\u015f.\u201d G\u00fcl\u00fcnce g\u00fczel \u015feyler olur\u201d ve \u201c G\u00fcl\u00fcmseme insanlar aras\u0131ndaki mesafeyi k\u0131salt\u0131r\u201d bi\u00e7imindeki d\u00fc\u015f\u00fcncelerimi destekler nitelikte yaz\u0131lm\u0131\u015f kitab\u0131n okuyucuyu e\u011flendirirken bir yandan da e\u011fitici olaca\u011f\u0131na inan\u0131yor ve yolunun a\u00e7\u0131k olmas\u0131n\u0131 diliyorum. Mehmet Sungur   \u00dclkemizde ara\u015ft\u0131rma geli\u015ftirme pratiklerinin azl\u0131\u011f\u0131, \u00e7al\u0131\u015fma alanlar\u0131n\u0131n ve olanaklar\u0131n\u0131n k\u0131s\u0131tl\u0131l\u0131\u011f\u0131 nedeniyle psikologlar\u0131n \u00e7o\u011fu, klinik psikoloji alan\u0131nda \u00e7al\u0131\u015fmak zorunda. Ferhat Ayd\u0131n kendine ve mesle\u011fine \u00e7izilen bu kaderi reddetti ve Anadolu\u2019nun kadim gelene\u011fi hikaye anlat\u0131c\u0131l\u0131\u011f\u0131 ile mesleki bilgilerini harmanlayarak Bar Psikolo\u011fu\u2019nu yaratt\u0131. Kendi yaratt\u0131\u011f\u0131 bu alanda \u00f6nc\u00fc olmakla kalmay\u0131p pek \u00e7ok meslekta\u015f\u0131na ne \u00e7ok \u015fey yapabilecekleri konusunda esin kayna\u011f\u0131 oldu\u011funa, olmaya devam edece\u011fine inan\u0131yorum. Agah Ayd\u0131n <\/p>\n","protected":false},"excerpt":{"rendered":"<p>\u0130nsanlar\u0131n \u00e7o\u011funun hayatlar\u0131n\u0131 yapt\u0131klar\u0131 se\u00e7imler \u015fekillendirir. \u0130nsanlar\u0131n bir k\u0131sm\u0131 ise yapt\u0131klar\u0131 se\u00e7imler sayesinde o se\u00e7imlerin anlam\u0131n\u0131 ve sonu\u00e7lar\u0131n\u0131 etkilerler. \u00c7ok ki\u015finin mesle\u011fi vard\u0131r ama az say\u0131da<span class=\"excerpt-hellip\"> [\u2026]<\/span><\/p>\n","protected":false},"featured_media":0,"template":"","meta":{"_monsterinsights_skip_tracking":false,"_monsterinsights_sitenote_active":false,"_monsterinsights_sitenote_note":"","_monsterinsights_sitenote_category":0},"product_brand":[],"product_cat":[12358,12357],"product_tag":[],"class_list":{"0":"post-720986","1":"product","2":"type-product","3":"status-publish","5":"product_cat-genel-psikoloji","6":"product_cat-psikoloji","7":"pa_cilt-ciltsiz","8":"pa_tur-kitap","9":"pa_yayinevi-okuyan-us-yayin","10":"pa_yazar-ferhat-aydin","12":"first","13":"instock","14":"sale","15":"shipping-taxable","16":"purchasable","17":"product-type-simple"},"_links":{"self":[{"href":"https:\/\/roveyayinevi.com.tr\/index.php\/wp-json\/wp\/v2\/product\/720986","targetHints":{"allow":["GET"]}}],"collection":[{"href":"https:\/\/roveyayinevi.com.tr\/index.php\/wp-json\/wp\/v2\/product"}],"about":[{"href":"https:\/\/roveyayinevi.com.tr\/index.php\/wp-json\/wp\/v2\/types\/product"}],"wp:attachment":[{"href":"https:\/\/roveyayinevi.com.tr\/index.php\/wp-json\/wp\/v2\/media?parent=720986"}],"wp:term":[{"taxonomy":"product_brand","embeddable":true,"href":"https:\/\/roveyayinevi.com.tr\/index.php\/wp-json\/wp\/v2\/product_brand?post=720986"},{"taxonomy":"product_cat","embeddable":true,"href":"https:\/\/roveyayinevi.com.tr\/index.php\/wp-json\/wp\/v2\/product_cat?post=720986"},{"taxonomy":"product_tag","embeddable":true,"href":"https:\/\/roveyayinevi.com.tr\/index.php\/wp-json\/wp\/v2\/product_tag?post=720986"}],"curies":[{"name":"wp","href":"https:\/\/api.w.org\/{rel}","templated":true}]}}