{"id":720985,"date":"2025-08-27T18:43:39","date_gmt":"2025-08-27T15:43:39","guid":{"rendered":"https:\/\/roveyayinevi.com.tr\/index.php\/urun\/tunanin-masal-zamani\/"},"modified":"2026-04-16T02:28:48","modified_gmt":"2026-04-15T23:28:48","slug":"tunanin-masal-zamani","status":"publish","type":"product","link":"https:\/\/roveyayinevi.com.tr\/index.php\/urun\/tunanin-masal-zamani\/","title":{"rendered":"Tuna&#8217;n\u0131n Masal Zaman\u0131"},"content":{"rendered":"<p>Masallar\u0131n \u00e7ocuklar\u0131 uyutmak ya da avutmak i\u00e7in yaz\u0131ld\u0131\u011f\u0131 s\u00f6ylenir. Fakat baz\u0131 masallar sadece uyan\u0131k kalmam\u0131z ve d\u00fc\u015f\u00fcnmemiz i\u00e7in anlat\u0131l\u0131r. Krali\u00e7e Tombulus ile tan\u0131\u015fan Tuna\u2019n\u0131n \u00f6nce biraz can\u0131 s\u0131k\u0131lacak ama sonra\u2026 Sonras\u0131 \u00f6yk\u00fcm\u00fcz\u00fcn i\u00e7inde sakl\u0131. Tuna\u2019n\u0131n b\u00fcy\u00fckannesinin masallar\u0131n\u0131 okumaya haz\u0131r m\u0131s\u0131n\u0131z? O halde durmay\u0131n, \u00e7evirin sayfalar\u0131. Nehir Yarar taraf\u0131ndan yaz\u0131lan ve Sinem \u00d6zen T\u00fcrki\u015f taraf\u0131ndan resimlenen Tuna\u2019n\u0131n \u00d6yk\u00fcleri serisinin ikinci kitab\u0131 olan Tuna\u2019n\u0131n Masal Zaman\u0131 okurlarla bulu\u015fmaya haz\u0131r.<\/p>\n","protected":false},"excerpt":{"rendered":"<p>Masallar\u0131n \u00e7ocuklar\u0131 uyutmak ya da avutmak i\u00e7in yaz\u0131ld\u0131\u011f\u0131 s\u00f6ylenir. Fakat baz\u0131 masallar sadece uyan\u0131k kalmam\u0131z ve d\u00fc\u015f\u00fcnmemiz i\u00e7in anlat\u0131l\u0131r. Krali\u00e7e Tombulus ile tan\u0131\u015fan Tuna\u2019n\u0131n \u00f6nce biraz<span class=\"excerpt-hellip\"> [\u2026]<\/span><\/p>\n","protected":false},"featured_media":0,"template":"","meta":{"_monsterinsights_skip_tracking":false,"_monsterinsights_sitenote_active":false,"_monsterinsights_sitenote_note":"","_monsterinsights_sitenote_category":0},"product_brand":[],"product_cat":[12274,17859],"product_tag":[],"class_list":{"0":"post-720985","1":"product","2":"type-product","3":"status-publish","5":"product_cat-cocuk-ve-genclik-kitaplari","6":"product_cat-oyun-kitaplari","7":"pa_cilt-ciltsiz","8":"pa_tur-kitap","9":"pa_yayinevi-potikare-yayincilik","10":"pa_yazar-nehir-yarar","12":"first","13":"instock","14":"sale","15":"shipping-taxable","16":"purchasable","17":"product-type-simple"},"_links":{"self":[{"href":"https:\/\/roveyayinevi.com.tr\/index.php\/wp-json\/wp\/v2\/product\/720985","targetHints":{"allow":["GET"]}}],"collection":[{"href":"https:\/\/roveyayinevi.com.tr\/index.php\/wp-json\/wp\/v2\/product"}],"about":[{"href":"https:\/\/roveyayinevi.com.tr\/index.php\/wp-json\/wp\/v2\/types\/product"}],"wp:attachment":[{"href":"https:\/\/roveyayinevi.com.tr\/index.php\/wp-json\/wp\/v2\/media?parent=720985"}],"wp:term":[{"taxonomy":"product_brand","embeddable":true,"href":"https:\/\/roveyayinevi.com.tr\/index.php\/wp-json\/wp\/v2\/product_brand?post=720985"},{"taxonomy":"product_cat","embeddable":true,"href":"https:\/\/roveyayinevi.com.tr\/index.php\/wp-json\/wp\/v2\/product_cat?post=720985"},{"taxonomy":"product_tag","embeddable":true,"href":"https:\/\/roveyayinevi.com.tr\/index.php\/wp-json\/wp\/v2\/product_tag?post=720985"}],"curies":[{"name":"wp","href":"https:\/\/api.w.org\/{rel}","templated":true}]}}