{"id":720983,"date":"2025-08-27T18:43:38","date_gmt":"2025-08-27T15:43:38","guid":{"rendered":"https:\/\/roveyayinevi.com.tr\/index.php\/urun\/keskin-nisancilar\/"},"modified":"2026-04-16T02:28:48","modified_gmt":"2026-04-15T23:28:48","slug":"keskin-nisancilar","status":"publish","type":"product","link":"https:\/\/roveyayinevi.com.tr\/index.php\/urun\/keskin-nisancilar\/","title":{"rendered":"Keskin Ni\u015fanc\u0131lar"},"content":{"rendered":"<p>Finlandiya ile SSCB aras\u0131nda 1939-1940 y\u0131llar\u0131nda ya\u015fanan K\u0131\u015f Sava\u015f\u0131&#8217;na kadar keskin ni\u015fanc\u0131lar\u0131n rol\u00fc b\u00fcy\u00fck oranda g\u00f6z ard\u0131 edilmi\u015fti. Bu sava\u015fta usta bir t\u00fcfek\u00e7inin neler \u201cba\u015farabilece\u011fi\u201d g\u00f6zler \u00f6n\u00fcne serilmi\u015fti: Fin Simo H\u00e4yh\u00e4 y\u00fcz g\u00fcnden daha k\u0131sa zamanda 505 ki\u015fiyi \u00f6ld\u00fcrm\u00fc\u015ft\u00fc. Bu, K\u0131z\u0131l Ordu&#8217;ya b\u00fcy\u00fck bir ders olmu\u015ftu.1941&#8217;de Almanlar\u0131n i\u015fgaline gelindi\u011finde Ruslar haz\u0131rl\u0131kl\u0131yd\u0131. Sava\u015f sona erdi\u011finde 242 adam\u0131 \u00f6ld\u00fcrmesiyle bir Stalingrad kahraman\u0131 olan Vasiliy Zaytsev gibi erkeklerin yan\u0131 s\u0131ra, SSCB 2000&#8217;den fazla kad\u0131n keskin ni\u015fanc\u0131 yeti\u015ftirmi\u015fti. 1945 sonras\u0131nda keskin ni\u015fanc\u0131lar\u0131n \u00fcn\u00fc tekrar kayboldu. Ancak Vietnam Sava\u015f\u0131, g\u00f6r\u00fcn\u00fc\u015fe g\u00f6re sonu gelmeyen Orta Do\u011fu sorunu, Sri Lanka&#8217;daki i\u00e7 kar\u0131\u015f\u0131kl\u0131klar ve halihaz\u0131rda \u015fehirlerdeki tehlikeler hem keskin ni\u015fanc\u0131l\u0131\u011f\u0131n hem de daha etkili silahlar\u0131n geli\u015fimine yeni bir saik sunmakta. John Walter bu merak uyand\u0131r\u0131c\u0131 ve son derece s\u00fcr\u00fckleyici kitab\u0131nda &#8220;keskin ni\u015fanc\u0131l\u0131k d\u00fcnyas\u0131n\u0131n&#8221; ayr\u0131nt\u0131l\u0131 bir tarihini sunarken ekipmanlar\u0131n\u0131, taktiklerini ve akt\u00f6rlerini \u0131skalamadan b\u00fct\u00fcn detaylar\u0131yla ve vurucu ar\u015fiv foto\u011fraflar\u0131yla payla\u015f\u0131yor. <\/p>\n","protected":false},"excerpt":{"rendered":"<p>Finlandiya ile SSCB aras\u0131nda 1939-1940 y\u0131llar\u0131nda ya\u015fanan K\u0131\u015f Sava\u015f\u0131&#8217;na kadar keskin ni\u015fanc\u0131lar\u0131n rol\u00fc b\u00fcy\u00fck oranda g\u00f6z ard\u0131 edilmi\u015fti. Bu sava\u015fta usta bir t\u00fcfek\u00e7inin neler \u201cba\u015farabilece\u011fi\u201d g\u00f6zler<span class=\"excerpt-hellip\"> [\u2026]<\/span><\/p>\n","protected":false},"featured_media":0,"template":"","meta":{"_monsterinsights_skip_tracking":false,"_monsterinsights_sitenote_active":false,"_monsterinsights_sitenote_note":"","_monsterinsights_sitenote_category":0},"product_brand":[],"product_cat":[13590,12337],"product_tag":[],"class_list":{"0":"post-720983","1":"product","2":"type-product","3":"status-publish","5":"product_cat-arastirma-inceleme-politika-siyaset","6":"product_cat-politika-siyaset","7":"pa_cilt-ciltsiz","8":"pa_tur-kitap","9":"pa_yayinevi-profil-kitap","10":"pa_yazar-john-walter","12":"first","13":"instock","14":"sale","15":"shipping-taxable","16":"purchasable","17":"product-type-simple"},"_links":{"self":[{"href":"https:\/\/roveyayinevi.com.tr\/index.php\/wp-json\/wp\/v2\/product\/720983","targetHints":{"allow":["GET"]}}],"collection":[{"href":"https:\/\/roveyayinevi.com.tr\/index.php\/wp-json\/wp\/v2\/product"}],"about":[{"href":"https:\/\/roveyayinevi.com.tr\/index.php\/wp-json\/wp\/v2\/types\/product"}],"wp:attachment":[{"href":"https:\/\/roveyayinevi.com.tr\/index.php\/wp-json\/wp\/v2\/media?parent=720983"}],"wp:term":[{"taxonomy":"product_brand","embeddable":true,"href":"https:\/\/roveyayinevi.com.tr\/index.php\/wp-json\/wp\/v2\/product_brand?post=720983"},{"taxonomy":"product_cat","embeddable":true,"href":"https:\/\/roveyayinevi.com.tr\/index.php\/wp-json\/wp\/v2\/product_cat?post=720983"},{"taxonomy":"product_tag","embeddable":true,"href":"https:\/\/roveyayinevi.com.tr\/index.php\/wp-json\/wp\/v2\/product_tag?post=720983"}],"curies":[{"name":"wp","href":"https:\/\/api.w.org\/{rel}","templated":true}]}}