{"id":720981,"date":"2025-08-27T18:43:37","date_gmt":"2025-08-27T15:43:37","guid":{"rendered":"https:\/\/roveyayinevi.com.tr\/index.php\/urun\/metrobus-domates-ve-ev-kirasi\/"},"modified":"2026-04-16T02:28:48","modified_gmt":"2026-04-15T23:28:48","slug":"metrobus-domates-ve-ev-kirasi","status":"publish","type":"product","link":"https:\/\/roveyayinevi.com.tr\/index.php\/urun\/metrobus-domates-ve-ev-kirasi\/","title":{"rendered":"Metrob\u00fcs, Domates ve Ev Kiras\u0131"},"content":{"rendered":"<p>\u201cArt\u0131k sevdi\u011fine kavu\u015famayan kimse yok mu ki t\u00fcrk\u00fcs\u00fc yak\u0131lm\u0131yor? Art\u0131k \u00f6l\u00fcmden \u015fik\u00e2yet eden kimse mi yok ki \u00f6l\u00fcme t\u00fcrk\u00fc yak\u0131lm\u0131yor? \u00d6l\u00fcmlere o kadar al\u0131\u015ft\u0131k ki bunun art\u0131k m\u00fcmk\u00fcn\u00fc yok. N\u00e2z\u0131m; \u201cen fazla bir y\u0131l s\u00fcrer yirminci as\u0131rlarda \u00f6l\u00fcm ac\u0131s\u0131\u201d diyordu. Biz yirmi birinci as\u0131rl\u0131y\u0131z ve her g\u00fcn \u00e7ocuk \u00f6l\u00fcmleri g\u00f6rmeye al\u0131\u015ft\u0131k.\u201d   Ra\u015fit Ula\u015f, Metrob\u00fcs, Domates ve Ev Kiras\u0131 adl\u0131 kitab\u0131nda T\u00fcrkiye\u2019yi, sevday\u0131, soka\u011f\u0131, \u00e7ocuk olmay\u0131, ge\u00e7im s\u0131k\u0131nt\u0131s\u0131n\u0131 konu ediyor; k\u0131sacas\u0131 yirmi birinci y\u00fczy\u0131l T\u00fcrkiye\u2019sinde nas\u0131l \u201cinsan\u201d olarak kal\u0131nabilece\u011finin yollar\u0131n\u0131 \u015fairane bir tav\u0131rla ar\u0131yor. <\/p>\n","protected":false},"excerpt":{"rendered":"<p>\u201cArt\u0131k sevdi\u011fine kavu\u015famayan kimse yok mu ki t\u00fcrk\u00fcs\u00fc yak\u0131lm\u0131yor? Art\u0131k \u00f6l\u00fcmden \u015fik\u00e2yet eden kimse mi yok ki \u00f6l\u00fcme t\u00fcrk\u00fc yak\u0131lm\u0131yor? \u00d6l\u00fcmlere o kadar al\u0131\u015ft\u0131k ki bunun<span class=\"excerpt-hellip\"> [\u2026]<\/span><\/p>\n","protected":false},"featured_media":0,"template":"","meta":{"_monsterinsights_skip_tracking":false,"_monsterinsights_sitenote_active":false,"_monsterinsights_sitenote_note":"","_monsterinsights_sitenote_category":0},"product_brand":[],"product_cat":[12291,12711],"product_tag":[],"class_list":{"0":"post-720981","1":"product","2":"type-product","3":"status-publish","5":"product_cat-edebiyat","6":"product_cat-roman-oyku","7":"pa_cilt-ciltsiz","8":"pa_tur-kitap","9":"pa_yayinevi-profil-kitap","10":"pa_yazar-rasit-ulas","12":"first","13":"instock","14":"sale","15":"shipping-taxable","16":"purchasable","17":"product-type-simple"},"_links":{"self":[{"href":"https:\/\/roveyayinevi.com.tr\/index.php\/wp-json\/wp\/v2\/product\/720981","targetHints":{"allow":["GET"]}}],"collection":[{"href":"https:\/\/roveyayinevi.com.tr\/index.php\/wp-json\/wp\/v2\/product"}],"about":[{"href":"https:\/\/roveyayinevi.com.tr\/index.php\/wp-json\/wp\/v2\/types\/product"}],"wp:attachment":[{"href":"https:\/\/roveyayinevi.com.tr\/index.php\/wp-json\/wp\/v2\/media?parent=720981"}],"wp:term":[{"taxonomy":"product_brand","embeddable":true,"href":"https:\/\/roveyayinevi.com.tr\/index.php\/wp-json\/wp\/v2\/product_brand?post=720981"},{"taxonomy":"product_cat","embeddable":true,"href":"https:\/\/roveyayinevi.com.tr\/index.php\/wp-json\/wp\/v2\/product_cat?post=720981"},{"taxonomy":"product_tag","embeddable":true,"href":"https:\/\/roveyayinevi.com.tr\/index.php\/wp-json\/wp\/v2\/product_tag?post=720981"}],"curies":[{"name":"wp","href":"https:\/\/api.w.org\/{rel}","templated":true}]}}