{"id":720979,"date":"2025-08-27T18:43:36","date_gmt":"2025-08-27T15:43:36","guid":{"rendered":"https:\/\/roveyayinevi.com.tr\/index.php\/urun\/universite-ogrencilerinin-duzenli-egzersiz-yapmaya-yonelik-davranis-degistirme-istekleri\/"},"modified":"2026-04-06T02:41:18","modified_gmt":"2026-04-05T23:41:18","slug":"universite-ogrencilerinin-duzenli-egzersiz-yapmaya-yonelik-davranis-degistirme-istekleri","status":"publish","type":"product","link":"https:\/\/roveyayinevi.com.tr\/index.php\/urun\/universite-ogrencilerinin-duzenli-egzersiz-yapmaya-yonelik-davranis-degistirme-istekleri\/","title":{"rendered":"\u00dcniversite \u00d6\u011frencilerinin D\u00fczenli Egzersiz Yapmaya Y\u00f6nelik Davran\u0131\u015f De\u011fi\u015ftirme \u0130stekleri"},"content":{"rendered":"<p>\u0130\u00e7indekiler   1. G\u0130R\u0130\u015e 2. GENEL B\u0130LG\u0130LER 2.1. Fiziksel Aktivite 2.1.1. Davran\u0131\u015f ve Davran\u0131\u015f De\u011fi\u015fim A\u015famalar\u0131 2.1.2. Taraftarl\u0131k 2.1.3. Kimlik Kavram\u0131 ve Taraftar Kimli\u011fi 2.1.3.1. Taraftar Tipleri 2.1.3.2. Ge\u00e7ici Taraftar (Temporary Fan) 2.1.3.3. Taraftar Memnuniyeti 2.1.3.4. Sporda Sald\u0131rganl\u0131k ve \u015eiddet 3. MATERYAL VE METOT 4. BULGULAR 5. TARTI\u015eMA 6. SONU\u00c7 VE \u00d6NER\u0130LER <\/p>\n","protected":false},"excerpt":{"rendered":"<p>\u0130\u00e7indekiler 1. G\u0130R\u0130\u015e 2. GENEL B\u0130LG\u0130LER 2.1. Fiziksel Aktivite 2.1.1. Davran\u0131\u015f ve Davran\u0131\u015f De\u011fi\u015fim A\u015famalar\u0131 2.1.2. Taraftarl\u0131k 2.1.3. Kimlik Kavram\u0131 ve Taraftar Kimli\u011fi 2.1.3.1. Taraftar Tipleri<span class=\"excerpt-hellip\"> [\u2026]<\/span><\/p>\n","protected":false},"featured_media":0,"template":"","meta":{"_monsterinsights_skip_tracking":false,"_monsterinsights_sitenote_active":false,"_monsterinsights_sitenote_note":"","_monsterinsights_sitenote_category":0},"product_brand":[],"product_cat":[12567,12566],"product_tag":[],"class_list":{"0":"post-720979","1":"product","2":"type-product","3":"status-publish","5":"product_cat-diger-egitim","6":"product_cat-egitim","7":"pa_cilt-ciltsiz","8":"pa_tur-kitap","9":"pa_yayinevi-gazi-kitabevi","10":"pa_yazar-mehmet-haluk-sivrikaya","12":"first","13":"instock","14":"sale","15":"shipping-taxable","16":"purchasable","17":"product-type-simple"},"_links":{"self":[{"href":"https:\/\/roveyayinevi.com.tr\/index.php\/wp-json\/wp\/v2\/product\/720979","targetHints":{"allow":["GET"]}}],"collection":[{"href":"https:\/\/roveyayinevi.com.tr\/index.php\/wp-json\/wp\/v2\/product"}],"about":[{"href":"https:\/\/roveyayinevi.com.tr\/index.php\/wp-json\/wp\/v2\/types\/product"}],"wp:attachment":[{"href":"https:\/\/roveyayinevi.com.tr\/index.php\/wp-json\/wp\/v2\/media?parent=720979"}],"wp:term":[{"taxonomy":"product_brand","embeddable":true,"href":"https:\/\/roveyayinevi.com.tr\/index.php\/wp-json\/wp\/v2\/product_brand?post=720979"},{"taxonomy":"product_cat","embeddable":true,"href":"https:\/\/roveyayinevi.com.tr\/index.php\/wp-json\/wp\/v2\/product_cat?post=720979"},{"taxonomy":"product_tag","embeddable":true,"href":"https:\/\/roveyayinevi.com.tr\/index.php\/wp-json\/wp\/v2\/product_tag?post=720979"}],"curies":[{"name":"wp","href":"https:\/\/api.w.org\/{rel}","templated":true}]}}