{"id":720978,"date":"2025-08-27T18:43:35","date_gmt":"2025-08-27T15:43:35","guid":{"rendered":"https:\/\/roveyayinevi.com.tr\/index.php\/urun\/narsistik-tuketim\/"},"modified":"2026-04-16T02:28:48","modified_gmt":"2026-04-15T23:28:48","slug":"narsistik-tuketim","status":"publish","type":"product","link":"https:\/\/roveyayinevi.com.tr\/index.php\/urun\/narsistik-tuketim\/","title":{"rendered":"Narsistik T\u00fcketim"},"content":{"rendered":"<p>1. NARS\u0130S\u0130ZM VE KAVRAMSAL \u00c7ER\u00c7EVES\u0130 1.1. Narkissos Miti 1.2. Narsisizm Kavram\u0131n\u0131n K\u00f6keni ve Kavramsal \u00c7er\u00e7evesi 1.3. Narsisizm Nedir ve Nas\u0131l Olu\u015fur? 1.4. Narsisizm Ne De\u011fildir? 1.5. Narsist Bireyin Temel \u00d6zellikleri 1.6. Narsistik Tutum ve Davran\u0131\u015f ile \u0130lgili \u00c7e\u015fitli \u00c7al\u0131\u015fmalar 1.6. Durumsal Narsisizm 2. NARS\u0130S\u0130ZM K\u00dcLT\u00dcR\u00dc 2.1. Cinsellik Anlay\u0131\u015f\u0131n\u0131n De\u011fi\u015fmesi ve Bo\u015f Kendilik 2.2. Kapitalizm ve Materyalizm 2.3. Aile ve Ebeveynlikte Ya\u015fanan De\u011fi\u015fimler 2.4. Ya\u015fl\u0131l\u0131\u011f\u0131n De\u011fersizle\u015fmesi 2.5. Rekabet Odakl\u0131l\u0131k 2.6. Sald\u0131rganl\u0131\u011f\u0131n ve Olumsuz Davran\u0131\u015flar\u0131n Yayg\u0131nla\u015fmas\u0131 2.7. Narsisizm ve Sahtelikler 2.8. Topluluk Narsisizmi (Kollektif Narsisizm) 2.9. Toplumsal Narsisizm 3. NARS\u0130S\u0130ZM VE T\u00dcKET\u0130M 3.1. Markaya Kar\u015f\u0131 Tutum ve L\u00fcks T\u00fcketim 3.2. Materyalizm ve Kompulsif Sat\u0131n Alma 3.3. E\u015fsiz ve Ki\u015fiselle\u015ftirilmi\u015f \u00dcr\u00fcn Tercihi 3.4. Sembolik T\u00fcketim 4. NARS\u0130ST\u0130K T\u00dcKET\u0130M 4.1. Narsistik T\u00fcketim Ara\u015ft\u0131rman\u0131n Tasar\u0131m\u0131 4.2. Verilerin Analizi 4.3. Bulgular 4.4. Sonu\u00e7 ve \u00d6neriler 5. SONS\u00d6Z: T\u00dcRK\u0130YE\u2019DE NARS\u0130S\u0130ZM ARTIYOR MU? <\/p>\n","protected":false},"excerpt":{"rendered":"<p>1. NARS\u0130S\u0130ZM VE KAVRAMSAL \u00c7ER\u00c7EVES\u0130 1.1. Narkissos Miti 1.2. Narsisizm Kavram\u0131n\u0131n K\u00f6keni ve Kavramsal \u00c7er\u00e7evesi 1.3. Narsisizm Nedir ve Nas\u0131l Olu\u015fur? 1.4. Narsisizm Ne De\u011fildir? 1.5.<span class=\"excerpt-hellip\"> [\u2026]<\/span><\/p>\n","protected":false},"featured_media":0,"template":"","meta":{"_monsterinsights_skip_tracking":false,"_monsterinsights_sitenote_active":false,"_monsterinsights_sitenote_note":"","_monsterinsights_sitenote_category":0},"product_brand":[],"product_cat":[12325,12324],"product_tag":[],"class_list":{"0":"post-720978","1":"product","2":"type-product","3":"status-publish","5":"product_cat-diger-sosyoloji","6":"product_cat-sosyoloji","7":"pa_cilt-ciltsiz","8":"pa_tur-kitap","9":"pa_yayinevi-gazi-kitabevi","10":"pa_yazar-muhammed-bilgehan-aytac","12":"first","13":"instock","14":"sale","15":"shipping-taxable","16":"purchasable","17":"product-type-simple"},"_links":{"self":[{"href":"https:\/\/roveyayinevi.com.tr\/index.php\/wp-json\/wp\/v2\/product\/720978","targetHints":{"allow":["GET"]}}],"collection":[{"href":"https:\/\/roveyayinevi.com.tr\/index.php\/wp-json\/wp\/v2\/product"}],"about":[{"href":"https:\/\/roveyayinevi.com.tr\/index.php\/wp-json\/wp\/v2\/types\/product"}],"wp:attachment":[{"href":"https:\/\/roveyayinevi.com.tr\/index.php\/wp-json\/wp\/v2\/media?parent=720978"}],"wp:term":[{"taxonomy":"product_brand","embeddable":true,"href":"https:\/\/roveyayinevi.com.tr\/index.php\/wp-json\/wp\/v2\/product_brand?post=720978"},{"taxonomy":"product_cat","embeddable":true,"href":"https:\/\/roveyayinevi.com.tr\/index.php\/wp-json\/wp\/v2\/product_cat?post=720978"},{"taxonomy":"product_tag","embeddable":true,"href":"https:\/\/roveyayinevi.com.tr\/index.php\/wp-json\/wp\/v2\/product_tag?post=720978"}],"curies":[{"name":"wp","href":"https:\/\/api.w.org\/{rel}","templated":true}]}}