{"id":720976,"date":"2025-08-27T18:43:34","date_gmt":"2025-08-27T15:43:34","guid":{"rendered":"https:\/\/roveyayinevi.com.tr\/index.php\/urun\/sosyal-politika-ve-calisma-iliskilerinde-guncel-sorunlar-ii-kitap\/"},"modified":"2026-04-16T02:28:48","modified_gmt":"2026-04-15T23:28:48","slug":"sosyal-politika-ve-calisma-iliskilerinde-guncel-sorunlar-ii-kitap","status":"publish","type":"product","link":"https:\/\/roveyayinevi.com.tr\/index.php\/urun\/sosyal-politika-ve-calisma-iliskilerinde-guncel-sorunlar-ii-kitap\/","title":{"rendered":"Sosyal Politika ve \u00c7al\u0131\u015fma \u0130li\u015fkilerinde G\u00fcncel Sorunlar II. Kitap"},"content":{"rendered":"<p>\u0130\u00e7indekiler   B\u0130R\u0130NC\u0130 B\u00d6L\u00dcM GE\u00c7\u0130C\u0130 KORUMA KAPSAMINDAK\u0130 SUR\u0130YEL\u0130LER\u0130N \u00c7ALI\u015eMA YA\u015eAMINDA KAR\u015eILA\u015eTIKLARI SORUNLAR VE ZORLUKLAR Sergen G\u00dcRSOY &#8211; Do\u00e7. Dr. Beyhan AKSOY   \u0130K\u0130NC\u0130 B\u00d6L\u00dcM \u00d6RG\u00dcTLERDE FARKLILIK VE FARKLILIKLARIN Y\u00d6NET\u0130M\u0130 Kardelen DEVR\u0130M DORUK\u00d6Z &#8211; Dr. \u00d6\u011fr. \u00dcyesi \u015eerife DURMAZ   \u00dc\u00c7\u00dcNC\u00dc B\u00d6L\u00dcM SOSYAL SERMAYE PERSPEKT\u0130F\u0130NDEN S\u00dcRD\u00dcR\u00dcLEB\u0130L\u0130R YEREL EKONOM\u0130K KALKINMA Melis Y\u00dcREKL\u0130 &#8211; Dr. \u00d6\u011fr. \u00dcyesi Ayten YA\u011eMUR   D\u00d6RD\u00dcNC\u00dc B\u00d6L\u00dcM \u0130\u015eVERENLER\u0130N KADIN \u0130ST\u0130HDAMINA Y\u00d6NEL\u0130K TUTUMLARI Seval \u00d6ZT\u00dcRK &#8211; Prof. Dr. Muhammed KARATA\u015e   BE\u015e\u0130NC\u0130 B\u00d6L\u00dcM B\u0130REYSEL \u0130\u015e S\u00d6ZLE\u015eMELER\u0130NDEN DO\u011eAN UYU\u015eMAZLIKLARDA TAHK\u0130ME ELVER\u0130\u015eL\u0130L\u0130K Dr. \u00d6\u011fr. \u00dcyesi Nihat Seyhun ALP ALTINCI B\u00d6L\u00dcM \u0130\u015eG\u00dcC\u00dcN\u00dcN G\u00d6R\u00dcNMEYEN DEZAVANTAJLILARI: NE \u0130\u015eTE NE DE E\u011e\u0130T\u0130MDE OLMAYAN GEN\u00c7LER Emine Bet\u00fcl CANSEVER &#8211; Dr. \u00d6\u011fr. \u00dcyesi Mete Kaan NAMAL   YED\u0130NC\u0130 B\u00d6L\u00dcM \u00c7ALI\u015eMA EKONOM\u0130S\u0130 VE END\u00dcSTR\u0130 \u0130L\u0130\u015eK\u0130LER\u0130 MEZUNLARI G\u00d6Z\u00dcNDEN MEZUN\u0130YET SONRASI GEN\u00c7 \u0130\u015eS\u0130ZL\u0130\u011e\u0130 Bilge D\u00d6NMEZ &#8211; Dr. \u00d6\u011fr. \u00dcyesi Mustafa KO\u00c7ANCI <\/p>\n","protected":false},"excerpt":{"rendered":"<p>\u0130\u00e7indekiler B\u0130R\u0130NC\u0130 B\u00d6L\u00dcM GE\u00c7\u0130C\u0130 KORUMA KAPSAMINDAK\u0130 SUR\u0130YEL\u0130LER\u0130N \u00c7ALI\u015eMA YA\u015eAMINDA KAR\u015eILA\u015eTIKLARI SORUNLAR VE ZORLUKLAR Sergen G\u00dcRSOY &#8211; Do\u00e7. Dr. Beyhan AKSOY \u0130K\u0130NC\u0130 B\u00d6L\u00dcM \u00d6RG\u00dcTLERDE FARKLILIK VE FARKLILIKLARIN<span class=\"excerpt-hellip\"> [\u2026]<\/span><\/p>\n","protected":false},"featured_media":0,"template":"","meta":{"_monsterinsights_skip_tracking":false,"_monsterinsights_sitenote_active":false,"_monsterinsights_sitenote_note":"","_monsterinsights_sitenote_category":0},"product_brand":[],"product_cat":[13043,14381],"product_tag":[],"class_list":{"0":"post-720976","1":"product","2":"type-product","3":"status-publish","5":"product_cat-ekonomi","6":"product_cat-isletme-muhasebe-maliye","7":"pa_cilt-ciltsiz","8":"pa_tur-kitap","9":"pa_yayinevi-gazi-kitabevi","10":"pa_yazar-mustafa-kocanci-hazal-yerlikaya","12":"first","13":"instock","14":"sale","15":"shipping-taxable","16":"purchasable","17":"product-type-simple"},"_links":{"self":[{"href":"https:\/\/roveyayinevi.com.tr\/index.php\/wp-json\/wp\/v2\/product\/720976","targetHints":{"allow":["GET"]}}],"collection":[{"href":"https:\/\/roveyayinevi.com.tr\/index.php\/wp-json\/wp\/v2\/product"}],"about":[{"href":"https:\/\/roveyayinevi.com.tr\/index.php\/wp-json\/wp\/v2\/types\/product"}],"wp:attachment":[{"href":"https:\/\/roveyayinevi.com.tr\/index.php\/wp-json\/wp\/v2\/media?parent=720976"}],"wp:term":[{"taxonomy":"product_brand","embeddable":true,"href":"https:\/\/roveyayinevi.com.tr\/index.php\/wp-json\/wp\/v2\/product_brand?post=720976"},{"taxonomy":"product_cat","embeddable":true,"href":"https:\/\/roveyayinevi.com.tr\/index.php\/wp-json\/wp\/v2\/product_cat?post=720976"},{"taxonomy":"product_tag","embeddable":true,"href":"https:\/\/roveyayinevi.com.tr\/index.php\/wp-json\/wp\/v2\/product_tag?post=720976"}],"curies":[{"name":"wp","href":"https:\/\/api.w.org\/{rel}","templated":true}]}}