{"id":720975,"date":"2025-08-27T18:43:33","date_gmt":"2025-08-27T15:43:33","guid":{"rendered":"https:\/\/roveyayinevi.com.tr\/index.php\/urun\/tek-kitapta-nazim-hikmet\/"},"modified":"2025-09-20T05:25:50","modified_gmt":"2025-09-20T02:25:50","slug":"tek-kitapta-nazim-hikmet","status":"publish","type":"product","link":"https:\/\/roveyayinevi.com.tr\/index.php\/urun\/tek-kitapta-nazim-hikmet\/","title":{"rendered":"Tek Kitapta Naz\u0131m Hikmet"},"content":{"rendered":"<p>Umudun ve \u00f6zg\u00fcrl\u00fc\u011f\u00fcn \u00f6l\u00fcms\u00fcz \u015fairi N\u00e2z\u0131m Hikmet, bu kez \u00d6ner Ya\u011fc\u0131\u2019n\u0131n b\u00fct\u00fcnc\u00fcl bak\u0131\u015f a\u00e7\u0131s\u0131, derin incelemesi ve y\u00fcre\u011fe dokunan \u00fcslubuyla okurlarla bulu\u015fuyor&#8230; \u201cN\u00e2z\u0131m Hikmet\u2019in yaral\u0131 ve \u0131\u015f\u0131k dolu y\u00fcre\u011fiyle yakt\u0131\u011f\u0131 ate\u015f s\u00f6nd\u00fcr\u00fclemedi.Zindan karanl\u0131klar\u0131, y\u0131llarca s\u00fcren \u00f6zlemler, ad\u0131na bile konulan yasaklar N\u00e2z\u0131m Hikmet\u2019i halk\u0131n\u0131n y\u00fcre\u011finden s\u00f6k\u00fcp atamad\u0131. O, y\u0131llarca yasaklarla ya\u015fad\u0131 \u00fclkesinde. D\u00fcnyay\u0131 kucaklayan \u015fiirleri, beyinlerden defterlere, defterlerden y\u00fcreklere ta\u015f\u0131nd\u0131. \u0130nsan\u0131n, sevdan\u0131n, g\u00fczelliklerin, \u00f6zg\u00fcrl\u00fc\u011f\u00fcn t\u00fcrk\u00fcs\u00fcn\u00fc s\u00f6yleyen N\u00e2z\u0131m Hikmet \u00fclkemizin ve halk\u0131m\u0131z\u0131n ayd\u0131nl\u0131k sava\u015f\u00e7\u0131s\u0131, onurumuzu ve vicdan\u0131m\u0131z\u0131 temsil eden bir \u015fair olarak ya\u015fad\u0131 ve \u00f6ld\u00fc.\u201d <\/p>\n","protected":false},"excerpt":{"rendered":"<p>Umudun ve \u00f6zg\u00fcrl\u00fc\u011f\u00fcn \u00f6l\u00fcms\u00fcz \u015fairi N\u00e2z\u0131m Hikmet, bu kez \u00d6ner Ya\u011fc\u0131\u2019n\u0131n b\u00fct\u00fcnc\u00fcl bak\u0131\u015f a\u00e7\u0131s\u0131, derin incelemesi ve y\u00fcre\u011fe dokunan \u00fcslubuyla okurlarla bulu\u015fuyor&#8230; \u201cN\u00e2z\u0131m Hikmet\u2019in yaral\u0131 ve<span class=\"excerpt-hellip\"> [\u2026]<\/span><\/p>\n","protected":false},"featured_media":0,"template":"","meta":{"_monsterinsights_skip_tracking":false,"_monsterinsights_sitenote_active":false,"_monsterinsights_sitenote_note":"","_monsterinsights_sitenote_category":0},"product_brand":[],"product_cat":[14009,12291],"product_tag":[],"class_list":{"0":"post-720975","1":"product","2":"type-product","3":"status-publish","5":"product_cat-biyografi-otobiyografi-edebiyat","6":"product_cat-edebiyat","7":"pa_cilt-ciltsiz","8":"pa_tur-kitap","9":"pa_yayinevi-telgrafhane-yayinlari","10":"pa_yazar-oner-yagci","12":"first","13":"instock","14":"sale","15":"shipping-taxable","16":"purchasable","17":"product-type-simple"},"_links":{"self":[{"href":"https:\/\/roveyayinevi.com.tr\/index.php\/wp-json\/wp\/v2\/product\/720975","targetHints":{"allow":["GET"]}}],"collection":[{"href":"https:\/\/roveyayinevi.com.tr\/index.php\/wp-json\/wp\/v2\/product"}],"about":[{"href":"https:\/\/roveyayinevi.com.tr\/index.php\/wp-json\/wp\/v2\/types\/product"}],"wp:attachment":[{"href":"https:\/\/roveyayinevi.com.tr\/index.php\/wp-json\/wp\/v2\/media?parent=720975"}],"wp:term":[{"taxonomy":"product_brand","embeddable":true,"href":"https:\/\/roveyayinevi.com.tr\/index.php\/wp-json\/wp\/v2\/product_brand?post=720975"},{"taxonomy":"product_cat","embeddable":true,"href":"https:\/\/roveyayinevi.com.tr\/index.php\/wp-json\/wp\/v2\/product_cat?post=720975"},{"taxonomy":"product_tag","embeddable":true,"href":"https:\/\/roveyayinevi.com.tr\/index.php\/wp-json\/wp\/v2\/product_tag?post=720975"}],"curies":[{"name":"wp","href":"https:\/\/api.w.org\/{rel}","templated":true}]}}