{"id":720973,"date":"2025-08-27T18:43:32","date_gmt":"2025-08-27T15:43:32","guid":{"rendered":"https:\/\/roveyayinevi.com.tr\/index.php\/urun\/hazirsan-basliyoruz\/"},"modified":"2026-04-08T02:36:18","modified_gmt":"2026-04-07T23:36:18","slug":"hazirsan-basliyoruz","status":"publish","type":"product","link":"https:\/\/roveyayinevi.com.tr\/index.php\/urun\/hazirsan-basliyoruz\/","title":{"rendered":"Haz\u0131rsan Ba\u015fl\u0131yoruz"},"content":{"rendered":"<p>Bug\u00fcne kadar ba\u015f\u0131ndan neler ge\u00e7ti bilmiyorum. Sen de benimkini bilmiyorsun, hatta \u00e7o\u011fumuz birbirimizinkini bilmiyoruz, de\u011fil mi? Ama ne olursa olsun, her gecenin bir sabah\u0131 olmad\u0131 m\u0131? Ya da her k\u0131\u015f \u00f6nce mutlaka bahara, sonra yaza, sonra yeniden k\u0131\u015fa kavu\u015fmaz m\u0131? Bug\u00fcne dek ya\u015fad\u0131\u011f\u0131m\u0131z her \u015feyde sence de bir\u00e7ok ortak noktam\u0131z yok mu? Ben var oldu\u011funa eminim. Benim de ac\u0131lar\u0131m var, senin de ac\u0131lar\u0131n var, yery\u00fcz\u00fcne ayak basm\u0131\u015f, bu d\u00fcnyada ya\u015fam\u0131\u015f, var olmu\u015f t\u00fcm canl\u0131lar\u0131n mutlaka ac\u0131lar\u0131 oldu. Peki \u00f6nemli olan, bu ac\u0131lar\u0131n ortas\u0131nda kalmak m\u0131, kendini bu ac\u0131ya hapsetmek mi yoksa bu ac\u0131dan bir \u00e7\u0131k\u0131\u015f yolu bulup hayata yeniden sar\u0131lmak m\u0131? Hatta belki de daha da g\u00fc\u00e7lenerek sar\u0131lmak, kendini \u00e7ok daha iyi tan\u0131mak ya da sana kaybettirdiklerinden ziyade sana katt\u0131klar\u0131n\u0131 d\u00fc\u015f\u00fcnerek, \u201cG\u00fcnayd\u0131n!\u201d deyip, \u201cYeniden!\u201d deyip, \u201cHaydi!\u201d deyip kendini motive ederek yeniden ba\u015flamak. E\u011fer sen de haz\u0131rsan, gel, hik\u00e2yemizdeki ortak noktalar\u0131 bulal\u0131m. Haz\u0131rsan ba\u015fl\u0131yoruz! <\/p>\n","protected":false},"excerpt":{"rendered":"<p>Bug\u00fcne kadar ba\u015f\u0131ndan neler ge\u00e7ti bilmiyorum. Sen de benimkini bilmiyorsun, hatta \u00e7o\u011fumuz birbirimizinkini bilmiyoruz, de\u011fil mi? Ama ne olursa olsun, her gecenin bir sabah\u0131 olmad\u0131 m\u0131?<span class=\"excerpt-hellip\"> [\u2026]<\/span><\/p>\n","protected":false},"featured_media":0,"template":"","meta":{"_monsterinsights_skip_tracking":false,"_monsterinsights_sitenote_active":false,"_monsterinsights_sitenote_note":"","_monsterinsights_sitenote_category":0},"product_brand":[],"product_cat":[12364,12376],"product_tag":[],"class_list":{"0":"post-720973","1":"product","2":"type-product","3":"status-publish","5":"product_cat-genel-konular","6":"product_cat-kisisel-gelisim","7":"pa_cilt-ciltsiz","8":"pa_tur-kitap","9":"pa_yayinevi-muptela-yayinevi","10":"pa_yazar-sinem-durusal","12":"first","13":"instock","14":"sale","15":"shipping-taxable","16":"purchasable","17":"product-type-simple"},"_links":{"self":[{"href":"https:\/\/roveyayinevi.com.tr\/index.php\/wp-json\/wp\/v2\/product\/720973","targetHints":{"allow":["GET"]}}],"collection":[{"href":"https:\/\/roveyayinevi.com.tr\/index.php\/wp-json\/wp\/v2\/product"}],"about":[{"href":"https:\/\/roveyayinevi.com.tr\/index.php\/wp-json\/wp\/v2\/types\/product"}],"wp:attachment":[{"href":"https:\/\/roveyayinevi.com.tr\/index.php\/wp-json\/wp\/v2\/media?parent=720973"}],"wp:term":[{"taxonomy":"product_brand","embeddable":true,"href":"https:\/\/roveyayinevi.com.tr\/index.php\/wp-json\/wp\/v2\/product_brand?post=720973"},{"taxonomy":"product_cat","embeddable":true,"href":"https:\/\/roveyayinevi.com.tr\/index.php\/wp-json\/wp\/v2\/product_cat?post=720973"},{"taxonomy":"product_tag","embeddable":true,"href":"https:\/\/roveyayinevi.com.tr\/index.php\/wp-json\/wp\/v2\/product_tag?post=720973"}],"curies":[{"name":"wp","href":"https:\/\/api.w.org\/{rel}","templated":true}]}}