{"id":720972,"date":"2025-08-27T18:43:31","date_gmt":"2025-08-27T15:43:31","guid":{"rendered":"https:\/\/roveyayinevi.com.tr\/index.php\/urun\/cocugumla-buyuyorum\/"},"modified":"2026-04-16T02:28:48","modified_gmt":"2026-04-15T23:28:48","slug":"cocugumla-buyuyorum","status":"publish","type":"product","link":"https:\/\/roveyayinevi.com.tr\/index.php\/urun\/cocugumla-buyuyorum\/","title":{"rendered":"\u00c7ocu\u011fumla B\u00fcy\u00fcyorum"},"content":{"rendered":"<p>\u201cM\u00fckemmel anne baba olmaya \u00e7al\u0131\u015fman\u0131n alt\u0131nda \u00e7o\u011fu zaman, anne ve baban\u0131n kendini veya \u00e7ocuklu\u011fundaki bak\u0131m\u0131n\u0131 eksik bulmas\u0131 durumu yatar. Size yap\u0131lan hatalar\u0131 yapmak istememekte hakl\u0131 olabilirsiniz ama \u015funu unutmay\u0131n ki siz de ba\u015fka hatalar yapacaks\u0131n\u0131z. Hata yapmak insana \u00f6zg\u00fcd\u00fcr. Hata yapmayan bir ebeveyn olmak m\u00fcmk\u00fcn de\u011fildir. M\u00fckemmel ebeveynlik yapma iste\u011fi ve u\u011fra\u015f\u0131 anne, baba ve \u00e7ocuk \u00fczerindeki kayg\u0131y\u0131 art\u0131r\u0131r. Kendinizi ve \u00e7ocu\u011funuzu sevmenizi engeller. Oysaki hedefiniz m\u00fckemmel olmak yerine \u2018yeterince iyi ebeveyn olmak\u2019 olmal\u0131d\u0131r.\u201dUzman Psikolog Nurdan Be\u015fen B\u00fcy\u00fckak, \u00e7ocu\u011funuzu b\u00fcy\u00fct\u00fcrken 0-6 ya\u015f aras\u0131nda ya\u015fayabilece\u011finiz b\u00fct\u00fcn sorunlara \u00e7\u00f6z\u00fcm \u00f6nerileri sunuyor. Ayn\u0131 zamanda bu kitapta \u00e7ocu\u011funuzun geli\u015fimini destekleyici oyun ve kitap \u00f6nerileri de yer al\u0131yor.\u00c7ocu\u011funuzla birlikte hayat\u0131 yeniden ke\u015ffetmenin ve birlikte b\u00fcy\u00fcmenin tad\u0131n\u0131 \u00e7\u0131karman\u0131z dile\u011fiyle.<\/p>\n","protected":false},"excerpt":{"rendered":"<p>\u201cM\u00fckemmel anne baba olmaya \u00e7al\u0131\u015fman\u0131n alt\u0131nda \u00e7o\u011fu zaman, anne ve baban\u0131n kendini veya \u00e7ocuklu\u011fundaki bak\u0131m\u0131n\u0131 eksik bulmas\u0131 durumu yatar. Size yap\u0131lan hatalar\u0131 yapmak istememekte hakl\u0131 olabilirsiniz<span class=\"excerpt-hellip\"> [\u2026]<\/span><\/p>\n","protected":false},"featured_media":0,"template":"","meta":{"_monsterinsights_skip_tracking":false,"_monsterinsights_sitenote_active":false,"_monsterinsights_sitenote_note":"","_monsterinsights_sitenote_category":0},"product_brand":[],"product_cat":[12831,12324],"product_tag":[],"class_list":{"0":"post-720972","1":"product","2":"type-product","3":"status-publish","5":"product_cat-aile-ve-cocuk","6":"product_cat-sosyoloji","7":"pa_cilt-ciltsiz","8":"pa_tur-kitap","9":"pa_yayinevi-muptela-yayinevi","10":"pa_yazar-nurdan-besen-buyukak","12":"first","13":"instock","14":"sale","15":"shipping-taxable","16":"purchasable","17":"product-type-simple"},"_links":{"self":[{"href":"https:\/\/roveyayinevi.com.tr\/index.php\/wp-json\/wp\/v2\/product\/720972","targetHints":{"allow":["GET"]}}],"collection":[{"href":"https:\/\/roveyayinevi.com.tr\/index.php\/wp-json\/wp\/v2\/product"}],"about":[{"href":"https:\/\/roveyayinevi.com.tr\/index.php\/wp-json\/wp\/v2\/types\/product"}],"wp:attachment":[{"href":"https:\/\/roveyayinevi.com.tr\/index.php\/wp-json\/wp\/v2\/media?parent=720972"}],"wp:term":[{"taxonomy":"product_brand","embeddable":true,"href":"https:\/\/roveyayinevi.com.tr\/index.php\/wp-json\/wp\/v2\/product_brand?post=720972"},{"taxonomy":"product_cat","embeddable":true,"href":"https:\/\/roveyayinevi.com.tr\/index.php\/wp-json\/wp\/v2\/product_cat?post=720972"},{"taxonomy":"product_tag","embeddable":true,"href":"https:\/\/roveyayinevi.com.tr\/index.php\/wp-json\/wp\/v2\/product_tag?post=720972"}],"curies":[{"name":"wp","href":"https:\/\/api.w.org\/{rel}","templated":true}]}}