{"id":720971,"date":"2025-08-27T18:43:30","date_gmt":"2025-08-27T15:43:30","guid":{"rendered":"https:\/\/roveyayinevi.com.tr\/index.php\/urun\/calinti-kelimelerim-sahibinden\/"},"modified":"2026-04-16T02:28:48","modified_gmt":"2026-04-15T23:28:48","slug":"calinti-kelimelerim-sahibinden","status":"publish","type":"product","link":"https:\/\/roveyayinevi.com.tr\/index.php\/urun\/calinti-kelimelerim-sahibinden\/","title":{"rendered":"\u00c7al\u0131nt\u0131 Kelimelerim Sahibinden"},"content":{"rendered":"<p>\u201cMODERN SANAT Soka\u011f\u0131n ortas\u0131na bir sokak lambas\u0131 dikti biri.Biri, lamban\u0131n hemen alt\u0131na beyaz bir araba b\u0131rakt\u0131.Birisi de \u00e7\u00fcr\u00fc-kuru bir deste \u00e7i\u00e7ek&#8230;Biri getirip bir eski kirli koltuk b\u0131rakt\u0131 alt\u0131na.Bir ba\u015fkas\u0131 birka\u00e7 karton kutu&#8230;Ba\u015fkas\u0131 birka\u00e7 po\u015fet \u00e7\u00f6p\u00fcn\u00fc b\u0131rakt\u0131.Sonra birisi birka\u00e7 kedi g\u00f6t\u00fcr\u00fcp b\u0131rakt\u0131. Kediler hemencecik benimsediler koltu\u011fu ve \u00e7\u00f6p po\u015fetlerini.Bilinmeyen birisi de sa\u00e7lar\u0131 kan\u0131na bulanm\u0131\u015f bir kad\u0131n cesedi g\u00f6t\u00fcr\u00fcp b\u0131rakt\u0131. Kediler \u00e7ok da sevemediler bu kad\u0131n\u0131.Art\u0131k tamamd\u0131 Tanr\u0131&#8217;n\u0131n b\u00fct\u00fcn s\u0131fatlar\u0131.Sonra hi\u00e7bir \u015fey olmam\u0131\u015f gibi bir sevgili, Bir \u0131sl\u0131k \u00e7alarak geceyi b\u0131rak\u0131p bir ba\u015fka geceye kar\u0131\u015ft\u0131. \u0130\u015fte b\u00f6yle b\u00f6yle \u0131\u015f\u0131klar\u0131na lanet okur oldu sokak lambalar\u0131\u2026.\u201d<\/p>\n","protected":false},"excerpt":{"rendered":"<p>\u201cMODERN SANAT Soka\u011f\u0131n ortas\u0131na bir sokak lambas\u0131 dikti biri.Biri, lamban\u0131n hemen alt\u0131na beyaz bir araba b\u0131rakt\u0131.Birisi de \u00e7\u00fcr\u00fc-kuru bir deste \u00e7i\u00e7ek&#8230;Biri getirip bir eski kirli koltuk<span class=\"excerpt-hellip\"> [\u2026]<\/span><\/p>\n","protected":false},"featured_media":0,"template":"","meta":{"_monsterinsights_skip_tracking":false,"_monsterinsights_sitenote_active":false,"_monsterinsights_sitenote_note":"","_monsterinsights_sitenote_category":0},"product_brand":[],"product_cat":[12777,12291],"product_tag":[],"class_list":{"0":"post-720971","1":"product","2":"type-product","3":"status-publish","5":"product_cat-deneme","6":"product_cat-edebiyat","7":"pa_cilt-ciltsiz","8":"pa_tur-kitap","9":"pa_yayinevi-perseus","10":"pa_yazar-ciwan","12":"first","13":"instock","14":"sale","15":"shipping-taxable","16":"purchasable","17":"product-type-simple"},"_links":{"self":[{"href":"https:\/\/roveyayinevi.com.tr\/index.php\/wp-json\/wp\/v2\/product\/720971","targetHints":{"allow":["GET"]}}],"collection":[{"href":"https:\/\/roveyayinevi.com.tr\/index.php\/wp-json\/wp\/v2\/product"}],"about":[{"href":"https:\/\/roveyayinevi.com.tr\/index.php\/wp-json\/wp\/v2\/types\/product"}],"wp:attachment":[{"href":"https:\/\/roveyayinevi.com.tr\/index.php\/wp-json\/wp\/v2\/media?parent=720971"}],"wp:term":[{"taxonomy":"product_brand","embeddable":true,"href":"https:\/\/roveyayinevi.com.tr\/index.php\/wp-json\/wp\/v2\/product_brand?post=720971"},{"taxonomy":"product_cat","embeddable":true,"href":"https:\/\/roveyayinevi.com.tr\/index.php\/wp-json\/wp\/v2\/product_cat?post=720971"},{"taxonomy":"product_tag","embeddable":true,"href":"https:\/\/roveyayinevi.com.tr\/index.php\/wp-json\/wp\/v2\/product_tag?post=720971"}],"curies":[{"name":"wp","href":"https:\/\/api.w.org\/{rel}","templated":true}]}}