{"id":720966,"date":"2025-08-27T18:43:27","date_gmt":"2025-08-27T15:43:27","guid":{"rendered":"https:\/\/roveyayinevi.com.tr\/index.php\/urun\/headbang-5\/"},"modified":"2026-04-16T02:28:47","modified_gmt":"2026-04-15T23:28:47","slug":"headbang-5","status":"publish","type":"product","link":"https:\/\/roveyayinevi.com.tr\/index.php\/urun\/headbang-5\/","title":{"rendered":"Headbang 5"},"content":{"rendered":"<p>Blue Jean, Laneth ve Non Serviam gibi rock ve metal k\u00fclt\u00fcr\u00fcn\u00fcn en \u00f6nemli yay\u0131nlar\u0131na imza atan ekipten ar\u015fivlik bir seri.Gorgoroth s\u00fcreci keyifliydi ama son d\u00f6rt sene fazlas\u0131yla verimsiz ge\u00e7ti. Hem m\u00fczikal hem de di\u011fer a\u00e7\u0131lardan grup \u00e7ok s\u0131\u011fla\u015fmaya ba\u015flad\u0131. \u0130\u00e7ine kapanm\u0131\u015f gibiydi. Ben de bu y\u00fczden farkl\u0131 bir \u015feyler yapmak istedim.Gaahl (Gaahls Wyrd)Bir\u00e7ok alb\u00fcm \u00e7\u0131k\u0131yor ve bu alb\u00fcmleri birka\u00e7 tur dinledikten sonra rahatl\u0131kla \u00f6z\u00fcmsemi\u015f oluyorsun. \u2018Gold &amp; Grey\u2019 pek \u00f6yle bir alb\u00fcm de\u011fil. Biraz sabredip zaman tan\u0131d\u0131klar\u0131nda, alb\u00fcm kendine \u00f6zg\u00fc yanlar\u0131n\u0131 ortaya \u00e7\u0131kar\u0131yor. Bu hi\u00e7bir zaman benim kontrol edebildi\u011fim bir \u015fey olmad\u0131 asl\u0131nda. E\u011fer bilin\u00e7li olarak s\u00fcrekli b\u00f6yle alb\u00fcmler yapabilmem m\u00fcmk\u00fcn olsayd\u0131, kesinlikle yapard\u0131m!John Baizley (Baroness)Biz zaman\u0131nda Black Sabbath\u2019tan ve Trouble\u2019dan \u00e7ok etkilendik. \u0130lk Trouble alb\u00fcm\u00fc bize \u00e7ok ilham verdi. Ba\u015fka \u015feyler de ilham verdi; oldschool metal. Ama bug\u00fcnk\u00fc doom metali dinledi\u011finizde, o \u00e7ok yava\u015f \u00e7alan gruplar\u0131, bizim \u2018Epicus Doomicus Metallicus\u2019 alb\u00fcm\u00fcnde yapt\u0131\u011f\u0131m\u0131z m\u00fczi\u011fe benzetemiyorum.Mats MappeBj\u00f6rkman (Candlemass) O s\u0131ralar m\u00fczi\u011fimiz thrash metal olarak tan\u0131mlan\u0131yordu. Asl\u0131nda klasik thrash metal gruplar\u0131ndan farkl\u0131 bir armonik yap\u0131m\u0131z ve vokal tarz\u0131m\u0131z vard\u0131. \u0130lk brutal vokalli gruplardan biriyiz do\u011frusunu s\u00f6ylemek gerekirse. \u00d6te yandan bug\u00fcnk\u00fc death metal soundu ile bizimki aras\u0131nda b\u00fcy\u00fck fark var. Death metal gruplar\u0131 da kendi i\u00e7lerinde farkl\u0131 sound ve anlay\u0131\u015flara sahip.Jeff Becerra (Possessed)Baz\u0131 \u015fark\u0131lar\u0131 sahnede \u00e7alarken bazen onlar\u0131 alb\u00fcmde \u00e7ald\u0131\u011f\u0131n gibi \u00e7almak istemeyebiliyorsun ve \u015fark\u0131 mutasyona u\u011fruyor. Dinledi\u011fimiz m\u00fczikler de zaman i\u00e7inde de\u011fi\u015fiyor. De\u011fi\u015fim inkar edilemez bir olgu. Bir grup ilk \u00e7\u0131kt\u0131\u011f\u0131 g\u00fcnden beri ayn\u0131 \u015feyi ta\u015f\u0131d\u0131\u011f\u0131 zaman bence samimiyetini yitiriyor. G\u00f6khan \u00d6zo\u011fuz (Athena)Biz bir metal grubuyuz; bence thrash\u2019in \u00f6tesinde \u015fark\u0131 yaz\u0131yoruz. Bir thrash \u015fark\u0131s\u0131 yazabiliriz; bir heavy metal \u015fark\u0131s\u0131 yazabiliriz; Mot\u00f6rhead tarz\u0131 h\u0131zl\u0131 bir rock\u2019n\u2019roll \u015fark\u0131s\u0131 yazabiliriz; ballad\u2019lar yazabiliriz. O y\u00fczden k\u00f6kleri thrash\u2019ten gelen bir metal grubuyuz demek istiyorum. S\u0131n\u0131rlar\u0131 zorlamak iyidir. Farkl\u0131 \u015feyler yapmak iyidir.Ted Aguilar (Death Angel)Ki\u015fisel big 4\u2019um\u2026 Iron Maiden, Judas Priest ve Black Sabbath. Bu \u00fc\u00e7\u00fc baba, o\u011ful ve kutsal ruh gibi benim i\u00e7in. D\u00f6rd\u00fcnc\u00fc kim olabilir? Metallica. Ger\u00e7ekten heavy metalin b\u00fct\u00fcn y\u00fcz\u00fcn\u00fc de\u011fi\u015ftirdiler.Bobby Blitz Ellsworth (Overkill)Bence \u2018Zenith\u2019 alb\u00fcm\u00fcnde de speed metal etkisi olduk\u00e7a yo\u011fun. Ayr\u0131ca sevdi\u011fimiz farkl\u0131 t\u00fcrlerde sound\u2019lar var ve hepsi de h\u0131zl\u0131 de\u011fil. Speed metal de sevdi\u011fimiz soundlardan sadece biri. \u2018Zenith\u2019 \u00f6nceki alb\u00fcmlerimize g\u00f6re daha h\u0131zl\u0131 bence.Olof Wikstrand (Enforcer)<\/p>\n","protected":false},"excerpt":{"rendered":"<p>Blue Jean, Laneth ve Non Serviam gibi rock ve metal k\u00fclt\u00fcr\u00fcn\u00fcn en \u00f6nemli yay\u0131nlar\u0131na imza atan ekipten ar\u015fivlik bir seri.Gorgoroth s\u00fcreci keyifliydi ama son d\u00f6rt sene<span class=\"excerpt-hellip\"> [\u2026]<\/span><\/p>\n","protected":false},"featured_media":0,"template":"","meta":{"_monsterinsights_skip_tracking":false,"_monsterinsights_sitenote_active":false,"_monsterinsights_sitenote_note":"","_monsterinsights_sitenote_category":0},"product_brand":[],"product_cat":[14556,40131],"product_tag":[],"class_list":{"0":"post-720966","1":"product","2":"type-product","3":"status-publish","5":"product_cat-muzik","6":"product_cat-sanatcilar","7":"pa_cilt-ciltsiz","8":"pa_tur-kitap","9":"pa_yayinevi-kara-karga-yayinlari","10":"pa_yazar-kolektif","12":"first","13":"instock","14":"sale","15":"shipping-taxable","16":"purchasable","17":"product-type-simple"},"_links":{"self":[{"href":"https:\/\/roveyayinevi.com.tr\/index.php\/wp-json\/wp\/v2\/product\/720966","targetHints":{"allow":["GET"]}}],"collection":[{"href":"https:\/\/roveyayinevi.com.tr\/index.php\/wp-json\/wp\/v2\/product"}],"about":[{"href":"https:\/\/roveyayinevi.com.tr\/index.php\/wp-json\/wp\/v2\/types\/product"}],"wp:attachment":[{"href":"https:\/\/roveyayinevi.com.tr\/index.php\/wp-json\/wp\/v2\/media?parent=720966"}],"wp:term":[{"taxonomy":"product_brand","embeddable":true,"href":"https:\/\/roveyayinevi.com.tr\/index.php\/wp-json\/wp\/v2\/product_brand?post=720966"},{"taxonomy":"product_cat","embeddable":true,"href":"https:\/\/roveyayinevi.com.tr\/index.php\/wp-json\/wp\/v2\/product_cat?post=720966"},{"taxonomy":"product_tag","embeddable":true,"href":"https:\/\/roveyayinevi.com.tr\/index.php\/wp-json\/wp\/v2\/product_tag?post=720966"}],"curies":[{"name":"wp","href":"https:\/\/api.w.org\/{rel}","templated":true}]}}