{"id":720965,"date":"2025-08-27T18:43:26","date_gmt":"2025-08-27T15:43:26","guid":{"rendered":"https:\/\/roveyayinevi.com.tr\/index.php\/urun\/50-maddede-ezoterizm\/"},"modified":"2026-04-16T02:28:47","modified_gmt":"2026-04-15T23:28:47","slug":"50-maddede-ezoterizm","status":"publish","type":"product","link":"https:\/\/roveyayinevi.com.tr\/index.php\/urun\/50-maddede-ezoterizm\/","title":{"rendered":"50 Maddede Ezoterizm"},"content":{"rendered":"<p>Mitoloji mi ezoterizmden, ezoterizm mi mitolojiden \u00e7\u0131kt\u0131? Ezoterizmin ba\u015flang\u0131c\u0131 say\u0131lan Mu ve Atlantis \u015fahane palavralar m\u0131d\u0131r? Matematik deyince akl\u0131m\u0131za \u201cinsan bilgisinin t\u00fcm\u00fc\u201d geliyorsa, Pisagor sayesindedir. Peki Pisagor ve \u00f6\u011frencileri neyin pe\u015findeydi? Sonu \u00f6l\u00fcme kadar giden Sokrates neyi savundu? Atat\u00fcrk, mason muydu? Tap\u0131nak \u015e\u00f6valyeleri neyin nesidir? \u0130ll\u00fcminati, masonlu\u011fa nas\u0131l s\u0131zd\u0131? 50 Maddede Ezoterizm\u2019de Osman Balc\u0131gil, ezoterizmi ve masonlu\u011fu geni\u015f bir harita \u00fcst\u00fcnden anlamak isteyenlere esasl\u0131 bir k\u0131lavuz sunuyor. <\/p>\n","protected":false},"excerpt":{"rendered":"<p>Mitoloji mi ezoterizmden, ezoterizm mi mitolojiden \u00e7\u0131kt\u0131? Ezoterizmin ba\u015flang\u0131c\u0131 say\u0131lan Mu ve Atlantis \u015fahane palavralar m\u0131d\u0131r? Matematik deyince akl\u0131m\u0131za \u201cinsan bilgisinin t\u00fcm\u00fc\u201d geliyorsa, Pisagor sayesindedir. Peki<span class=\"excerpt-hellip\"> [\u2026]<\/span><\/p>\n","protected":false},"featured_media":0,"template":"","meta":{"_monsterinsights_skip_tracking":false,"_monsterinsights_sitenote_active":false,"_monsterinsights_sitenote_note":"","_monsterinsights_sitenote_category":0},"product_brand":[],"product_cat":[12370,12304],"product_tag":[],"class_list":{"0":"post-720965","1":"product","2":"type-product","3":"status-publish","5":"product_cat-arastirma-inceleme","6":"product_cat-tarih","7":"pa_cilt-ciltsiz","8":"pa_tur-kitap","9":"pa_yayinevi-kara-karga-yayinlari","10":"pa_yazar-osman-balcigil","12":"first","13":"instock","14":"sale","15":"shipping-taxable","16":"purchasable","17":"product-type-simple"},"_links":{"self":[{"href":"https:\/\/roveyayinevi.com.tr\/index.php\/wp-json\/wp\/v2\/product\/720965","targetHints":{"allow":["GET"]}}],"collection":[{"href":"https:\/\/roveyayinevi.com.tr\/index.php\/wp-json\/wp\/v2\/product"}],"about":[{"href":"https:\/\/roveyayinevi.com.tr\/index.php\/wp-json\/wp\/v2\/types\/product"}],"wp:attachment":[{"href":"https:\/\/roveyayinevi.com.tr\/index.php\/wp-json\/wp\/v2\/media?parent=720965"}],"wp:term":[{"taxonomy":"product_brand","embeddable":true,"href":"https:\/\/roveyayinevi.com.tr\/index.php\/wp-json\/wp\/v2\/product_brand?post=720965"},{"taxonomy":"product_cat","embeddable":true,"href":"https:\/\/roveyayinevi.com.tr\/index.php\/wp-json\/wp\/v2\/product_cat?post=720965"},{"taxonomy":"product_tag","embeddable":true,"href":"https:\/\/roveyayinevi.com.tr\/index.php\/wp-json\/wp\/v2\/product_tag?post=720965"}],"curies":[{"name":"wp","href":"https:\/\/api.w.org\/{rel}","templated":true}]}}