{"id":720963,"date":"2025-08-27T18:43:25","date_gmt":"2025-08-27T15:43:25","guid":{"rendered":"https:\/\/roveyayinevi.com.tr\/index.php\/urun\/bir-kadini-oldurmeye-nereden-baslamali\/"},"modified":"2026-03-02T02:43:58","modified_gmt":"2026-03-01T23:43:58","slug":"bir-kadini-oldurmeye-nereden-baslamali","status":"publish","type":"product","link":"https:\/\/roveyayinevi.com.tr\/index.php\/urun\/bir-kadini-oldurmeye-nereden-baslamali\/","title":{"rendered":"Bir Kad\u0131n\u0131 \u00d6ld\u00fcrmeye Nereden Ba\u015flamal\u0131"},"content":{"rendered":"<p>Bir kad\u0131n\u0131 \u00f6ld\u00fcrmeden \u00f6nceki birka\u00e7 saat i\u00e7inde yemek yemeyin. Aran\u0131zda, \u00f6ld\u00fcrece\u011fi kad\u0131n\u0131n pi\u015firdi\u011fi yeme\u011fi yiyenler var ki, siz onlardan olmay\u0131n. Midenize fesad\u0131 sokmay\u0131n. Gazl\u0131 i\u00e7eceklerin k\u0131y\u0131s\u0131ndan ge\u00e7meyin. Mazallah ge\u011firirsiniz. Zihniniz da\u011f\u0131l\u0131r. Elinize y\u00fcz\u00fcn\u00fcze kan bula\u015f\u0131r. Hatta ve muhtemeldir ki kusabilirsiniz. \u0130z b\u0131rakmamak i\u00e7in kusmay\u0131n. Hatice Meryem felaketten bir \u00e7\u0131\u011fl\u0131k yarat\u0131yor. G\u00fcya k\u0131nansa da, \u201cola\u011fan\u201d say\u0131lan\u0131n korkun\u00e7lu\u011funu, \u201cola\u011fanl\u0131\u011f\u0131n\u201d vahametini hepimizin y\u00fcz\u00fcne vuruyor. O \u201cola\u011fanl\u0131\u011f\u0131n\u201d karanl\u0131\u011f\u0131na bakma cesaretiyle&#8230; Bir Kad\u0131n\u0131 \u00d6ld\u00fcrmeye Nereden Ba\u015flamal\u0131? katilin portresini \u00e7iziyor: Gen\u00e7, ya\u015fl\u0131, erkek, zengin, fakir, erkek, iyi, k\u00f6t\u00fc, erkek, evli, bek\u00e2r, erkek, ta\u015fral\u0131, kentli, erkek, ba\u015far\u0131l\u0131, i\u015fsiz, erkek, uyumlu, asabi, erkek, okumu\u015f, ilkokul terk, erkek, bizim oral\u0131, yabanc\u0131, erkek, akraba, kom\u015fumuz, erkek.<\/p>\n","protected":false},"excerpt":{"rendered":"<p>Bir kad\u0131n\u0131 \u00f6ld\u00fcrmeden \u00f6nceki birka\u00e7 saat i\u00e7inde yemek yemeyin. Aran\u0131zda, \u00f6ld\u00fcrece\u011fi kad\u0131n\u0131n pi\u015firdi\u011fi yeme\u011fi yiyenler var ki, siz onlardan olmay\u0131n. Midenize fesad\u0131 sokmay\u0131n. Gazl\u0131 i\u00e7eceklerin k\u0131y\u0131s\u0131ndan<span class=\"excerpt-hellip\"> [\u2026]<\/span><\/p>\n","protected":false},"featured_media":0,"template":"","meta":{"_monsterinsights_skip_tracking":false,"_monsterinsights_sitenote_active":false,"_monsterinsights_sitenote_note":"","_monsterinsights_sitenote_category":0},"product_brand":[],"product_cat":[12291,12292],"product_tag":[],"class_list":{"0":"post-720963","1":"product","2":"type-product","3":"status-publish","5":"product_cat-edebiyat","6":"product_cat-turk-edebiyati","7":"pa_cilt-ciltsiz","8":"pa_tur-kitap","9":"pa_yayinevi-iletisim-yayinlari","10":"pa_yazar-hatice-meryem","12":"first","13":"instock","14":"sale","15":"shipping-taxable","16":"purchasable","17":"product-type-simple"},"_links":{"self":[{"href":"https:\/\/roveyayinevi.com.tr\/index.php\/wp-json\/wp\/v2\/product\/720963","targetHints":{"allow":["GET"]}}],"collection":[{"href":"https:\/\/roveyayinevi.com.tr\/index.php\/wp-json\/wp\/v2\/product"}],"about":[{"href":"https:\/\/roveyayinevi.com.tr\/index.php\/wp-json\/wp\/v2\/types\/product"}],"wp:attachment":[{"href":"https:\/\/roveyayinevi.com.tr\/index.php\/wp-json\/wp\/v2\/media?parent=720963"}],"wp:term":[{"taxonomy":"product_brand","embeddable":true,"href":"https:\/\/roveyayinevi.com.tr\/index.php\/wp-json\/wp\/v2\/product_brand?post=720963"},{"taxonomy":"product_cat","embeddable":true,"href":"https:\/\/roveyayinevi.com.tr\/index.php\/wp-json\/wp\/v2\/product_cat?post=720963"},{"taxonomy":"product_tag","embeddable":true,"href":"https:\/\/roveyayinevi.com.tr\/index.php\/wp-json\/wp\/v2\/product_tag?post=720963"}],"curies":[{"name":"wp","href":"https:\/\/api.w.org\/{rel}","templated":true}]}}