{"id":720957,"date":"2025-08-27T18:43:20","date_gmt":"2025-08-27T15:43:20","guid":{"rendered":"https:\/\/roveyayinevi.com.tr\/index.php\/urun\/robin-hood-ve-maceralari\/"},"modified":"2026-04-16T02:28:47","modified_gmt":"2026-04-15T23:28:47","slug":"robin-hood-ve-maceralari","status":"publish","type":"product","link":"https:\/\/roveyayinevi.com.tr\/index.php\/urun\/robin-hood-ve-maceralari\/","title":{"rendered":"Robin Hood ve Maceralar\u0131"},"content":{"rendered":"<p>\u0130ngiltere 1194. Nottingham\u2019\u0131n yoksul halk\u0131, a\u00e7g\u00f6zl\u00fc \u015eerif\u2019in bask\u0131s\u0131 alt\u0131nda ezilmektedir. Ancak Sherwood Orman\u0131\u2019n\u0131n derinliklerinde bu zulme kar\u015f\u0131 bir isyan ba\u015flamaktad\u0131r. 600 y\u0131l\u0131 a\u015fk\u0131n s\u00fcredir her ya\u015ftan insan\u0131 b\u00fcy\u00fcleyen bu hik\u00e2yede, Robin Hood ve g\u00f6z\u00fcpek arkada\u015flar\u0131n\u0131n \u015eerif ve ac\u0131mas\u0131z orta\u011f\u0131 Gisbourne\u2019lu Guy\u2019a kar\u015f\u0131 adalet m\u00fccadelesini okuyacaks\u0131n\u0131z. <\/p>\n","protected":false},"excerpt":{"rendered":"<p>\u0130ngiltere 1194. Nottingham\u2019\u0131n yoksul halk\u0131, a\u00e7g\u00f6zl\u00fc \u015eerif\u2019in bask\u0131s\u0131 alt\u0131nda ezilmektedir. Ancak Sherwood Orman\u0131\u2019n\u0131n derinliklerinde bu zulme kar\u015f\u0131 bir isyan ba\u015flamaktad\u0131r. 600 y\u0131l\u0131 a\u015fk\u0131n s\u00fcredir her ya\u015ftan<span class=\"excerpt-hellip\"> [\u2026]<\/span><\/p>\n","protected":false},"featured_media":0,"template":"","meta":{"_monsterinsights_skip_tracking":false,"_monsterinsights_sitenote_active":false,"_monsterinsights_sitenote_note":"","_monsterinsights_sitenote_category":0},"product_brand":[],"product_cat":[12416,12291],"product_tag":[],"class_list":{"0":"post-720957","1":"product","2":"type-product","3":"status-publish","5":"product_cat-cizgi-roman","6":"product_cat-edebiyat","7":"pa_cilt-ciltsiz","8":"pa_tur-kitap","9":"pa_yayinevi-remzi-kitabevi","10":"pa_yazar-r-punter-m-pincelli","12":"first","13":"instock","14":"sale","15":"shipping-taxable","16":"purchasable","17":"product-type-simple"},"_links":{"self":[{"href":"https:\/\/roveyayinevi.com.tr\/index.php\/wp-json\/wp\/v2\/product\/720957","targetHints":{"allow":["GET"]}}],"collection":[{"href":"https:\/\/roveyayinevi.com.tr\/index.php\/wp-json\/wp\/v2\/product"}],"about":[{"href":"https:\/\/roveyayinevi.com.tr\/index.php\/wp-json\/wp\/v2\/types\/product"}],"wp:attachment":[{"href":"https:\/\/roveyayinevi.com.tr\/index.php\/wp-json\/wp\/v2\/media?parent=720957"}],"wp:term":[{"taxonomy":"product_brand","embeddable":true,"href":"https:\/\/roveyayinevi.com.tr\/index.php\/wp-json\/wp\/v2\/product_brand?post=720957"},{"taxonomy":"product_cat","embeddable":true,"href":"https:\/\/roveyayinevi.com.tr\/index.php\/wp-json\/wp\/v2\/product_cat?post=720957"},{"taxonomy":"product_tag","embeddable":true,"href":"https:\/\/roveyayinevi.com.tr\/index.php\/wp-json\/wp\/v2\/product_tag?post=720957"}],"curies":[{"name":"wp","href":"https:\/\/api.w.org\/{rel}","templated":true}]}}