{"id":720955,"date":"2025-08-27T18:43:18","date_gmt":"2025-08-27T15:43:18","guid":{"rendered":"https:\/\/roveyayinevi.com.tr\/index.php\/urun\/gezgin-su-damlasi-macera-pesinde\/"},"modified":"2026-04-16T02:28:47","modified_gmt":"2026-04-15T23:28:47","slug":"gezgin-su-damlasi-macera-pesinde","status":"publish","type":"product","link":"https:\/\/roveyayinevi.com.tr\/index.php\/urun\/gezgin-su-damlasi-macera-pesinde\/","title":{"rendered":"Gezgin Su Damlas\u0131 Macera Pe\u015finde"},"content":{"rendered":"<p>7\u2019den 70\u2019e Her Eve Laz\u0131m Bir Kitap: GEZG\u0130N SU DAMLASI MACERA PE\u015e\u0130NDEAile B\u00fcy\u00fckleri Torunlar\u0131na Okusun Diye&#8230;Suyun d\u00f6ng\u00fcs\u00fcn\u00fc, bir damla suyun ba\u015f\u0131ndan ge\u00e7en macera dolu olaylarla dinlemek ister misiniz ?Bu hik\u00e2ye atas\u00f6zleri ve deyimlerle, suyun hayat\u0131m\u0131zdaki \u00f6nemine dikkat \u00e7ekiyor. \u015eelalede \u015f\u0131r\u0131ldayan, nehirlerde \u015fak\u0131rdayan bir damla suyun bizim i\u00e7in ne kadar de\u011ferli oldu\u011funu vurgulayan hik\u00e2ye, Gezgin Su Damlas\u0131n\u0131n macera dolu yolculu\u011funu anlat\u0131yor.Se\u00e7kin \u00e7ocuk kitaplar\u0131 yay\u0131nc\u0131s\u0131 dikkat at\u00f6lyesi yay\u0131nlar\u0131, su kaynaklar\u0131n\u0131n kullan\u0131m\u0131 hakk\u0131nda her bireyin dikkatini \u00e7ekmeye \u00e7al\u0131\u015f\u0131yor.Yazar Fatma Y\u00fccel Din\u00e7, Gezgin Su Damlas\u0131 Macera Pe\u015finde hik\u00e2yesiyle, \u00e7evrenin ve \u00e7evredeki su kaynaklar\u0131n\u0131n ya\u015fam\u0131m\u0131zdaki de\u011ferini fark etmemiz ve bu fark\u0131ndal\u0131\u011f\u0131 s\u00fcrd\u00fcrmemiz i\u00e7in bize yol g\u00f6steriyor.\u015eiirsel bir dille yaz\u0131lm\u0131\u015f bu fark\u0131ndal\u0131k kitab\u0131n\u0131 sat\u0131n almak i\u00e7in dikkat at\u00f6lyesi yay\u0131nlar\u0131 sayfas\u0131n\u0131 ziyaret edebilirsiniz.<\/p>\n","protected":false},"excerpt":{"rendered":"<p>7\u2019den 70\u2019e Her Eve Laz\u0131m Bir Kitap: GEZG\u0130N SU DAMLASI MACERA PE\u015e\u0130NDEAile B\u00fcy\u00fckleri Torunlar\u0131na Okusun Diye&#8230;Suyun d\u00f6ng\u00fcs\u00fcn\u00fc, bir damla suyun ba\u015f\u0131ndan ge\u00e7en macera dolu olaylarla dinlemek<span class=\"excerpt-hellip\"> [\u2026]<\/span><\/p>\n","protected":false},"featured_media":0,"template":"","meta":{"_monsterinsights_skip_tracking":false,"_monsterinsights_sitenote_active":false,"_monsterinsights_sitenote_note":"","_monsterinsights_sitenote_category":0},"product_brand":[],"product_cat":[12274,12284],"product_tag":[],"class_list":{"0":"post-720955","1":"product","2":"type-product","3":"status-publish","5":"product_cat-cocuk-ve-genclik-kitaplari","6":"product_cat-hikayeler","7":"pa_cilt-ciltsiz","8":"pa_tur-kitap","9":"pa_yayinevi-dikkat-atolyesi-yayinlari","10":"pa_yazar-fatma-yucel-dinc","12":"first","13":"instock","14":"sale","15":"shipping-taxable","16":"purchasable","17":"product-type-simple"},"_links":{"self":[{"href":"https:\/\/roveyayinevi.com.tr\/index.php\/wp-json\/wp\/v2\/product\/720955","targetHints":{"allow":["GET"]}}],"collection":[{"href":"https:\/\/roveyayinevi.com.tr\/index.php\/wp-json\/wp\/v2\/product"}],"about":[{"href":"https:\/\/roveyayinevi.com.tr\/index.php\/wp-json\/wp\/v2\/types\/product"}],"wp:attachment":[{"href":"https:\/\/roveyayinevi.com.tr\/index.php\/wp-json\/wp\/v2\/media?parent=720955"}],"wp:term":[{"taxonomy":"product_brand","embeddable":true,"href":"https:\/\/roveyayinevi.com.tr\/index.php\/wp-json\/wp\/v2\/product_brand?post=720955"},{"taxonomy":"product_cat","embeddable":true,"href":"https:\/\/roveyayinevi.com.tr\/index.php\/wp-json\/wp\/v2\/product_cat?post=720955"},{"taxonomy":"product_tag","embeddable":true,"href":"https:\/\/roveyayinevi.com.tr\/index.php\/wp-json\/wp\/v2\/product_tag?post=720955"}],"curies":[{"name":"wp","href":"https:\/\/api.w.org\/{rel}","templated":true}]}}