{"id":720952,"date":"2025-08-27T18:43:16","date_gmt":"2025-08-27T15:43:16","guid":{"rendered":"https:\/\/roveyayinevi.com.tr\/index.php\/urun\/asyanin-ayak-sesleri\/"},"modified":"2026-04-16T02:28:47","modified_gmt":"2026-04-15T23:28:47","slug":"asyanin-ayak-sesleri","status":"publish","type":"product","link":"https:\/\/roveyayinevi.com.tr\/index.php\/urun\/asyanin-ayak-sesleri\/","title":{"rendered":"Asya&#8217;n\u0131n Ayak Sesleri"},"content":{"rendered":"<p>Gaddar Bat\u0131, art\u0131k \u00e7irkin y\u00fcz\u00fcn\u00fc aleni g\u00f6stermekten \u00e7ekinmiyor. Ve bilmiyor ki bu, onun sonu olacak&#8230; \u00c7\u00fcnk\u00fc Allah k\u00fcfr\u00fc abat eder ama zulm\u00fc asla! Zulme r\u0131za g\u00f6sterenler, zulm\u00fc te\u015fvik edenler, kendi gelece\u011fini haz\u0131rl\u0131yor. Emin olabilirler ki mazlumdan hak ettikleri miktarda merhameti g\u00f6recekler. Devran bir f\u0131r\u0131ldakt\u0131r. Bug\u00fcn g\u00fc\u00e7 sende ise yar\u0131n ba\u015fkas\u0131nda olur. D\u00fcnya \u015fundan emin olmal\u0131d\u0131r ki o ba\u015fkas\u0131 yar\u0131n biz olaca\u011f\u0131z; yani M\u00fcsl\u00fcman T\u00fcrkler! Asya\u2019n\u0131n Ayak Sesleri bir umudun eseridir; vadedilmi\u015f bir yeniden dirili\u015fin, bu millet eliyle ger\u00e7ekle\u015fmesinin umudu. Elbette istikbal ink\u0131labat\u0131 i\u00e7inde en g\u00fcr seda \u0130sl\u00e2m\u2019\u0131n sedas\u0131 olacak. Bu kitap; o sedan\u0131n i\u00e7inde benim de milletimin de nefesinin yer almas\u0131, \u00e7orbada bin y\u0131l \u0130sl\u00e2m\u2019a hizmetk\u00e2rl\u0131k ve bayraktarl\u0131k yapm\u0131\u015f \u015fu milletimin \u00e7orbada tuzunun bulunmas\u0131 amac\u0131yla yaz\u0131lm\u0131\u015ft\u0131r. D\u00fcn oldu\u011fu gibi bug\u00fcn de yar\u0131n da bu hizmetk\u00e2rl\u0131k ve bayraktarl\u0131k hizmetini bu aziz millet \u00fcstlensin. \u00dcstlenecektir de\u2026 (Arka Kapaktan) Daha \u00f6nce de bas\u0131lm\u0131\u015f olan kitap Do\u011fu ve Ortado\u011fu co\u011frafyas\u0131nda ya\u015fanan son geli\u015fmeler nedeniyle g\u00fcncellenmi\u015ftir. Yazar di\u011fer kitab\u0131 Tanr\u0131\u2019n\u0131n Halk\u0131n\u0131n Allah ile Ba\u015f\u0131 Dertte adl\u0131 kitab\u0131nda ya\u015fanan tarihi s\u00fcre\u00e7leri detaylar\u0131yla anlatm\u0131\u015ft\u0131r. Farkl\u0131 zamanlarda yaz\u0131lan bu kitaplar Ortado\u011fu\u2019da ya\u015fanan son olaylarla birbirini teyit etmektedir. <\/p>\n","protected":false},"excerpt":{"rendered":"<p>Gaddar Bat\u0131, art\u0131k \u00e7irkin y\u00fcz\u00fcn\u00fc aleni g\u00f6stermekten \u00e7ekinmiyor. Ve bilmiyor ki bu, onun sonu olacak&#8230; \u00c7\u00fcnk\u00fc Allah k\u00fcfr\u00fc abat eder ama zulm\u00fc asla! Zulme r\u0131za g\u00f6sterenler,<span class=\"excerpt-hellip\"> [\u2026]<\/span><\/p>\n","protected":false},"featured_media":0,"template":"","meta":{"_monsterinsights_skip_tracking":false,"_monsterinsights_sitenote_active":false,"_monsterinsights_sitenote_note":"","_monsterinsights_sitenote_category":0},"product_brand":[],"product_cat":[12370,12304],"product_tag":[],"class_list":{"0":"post-720952","1":"product","2":"type-product","3":"status-publish","5":"product_cat-arastirma-inceleme","6":"product_cat-tarih","7":"pa_cilt-ciltsiz","8":"pa_tur-kitap","9":"pa_yayinevi-hayat-yayinlari","10":"pa_yazar-mehmet-ali-bulut","12":"first","13":"instock","14":"sale","15":"shipping-taxable","16":"purchasable","17":"product-type-simple"},"_links":{"self":[{"href":"https:\/\/roveyayinevi.com.tr\/index.php\/wp-json\/wp\/v2\/product\/720952","targetHints":{"allow":["GET"]}}],"collection":[{"href":"https:\/\/roveyayinevi.com.tr\/index.php\/wp-json\/wp\/v2\/product"}],"about":[{"href":"https:\/\/roveyayinevi.com.tr\/index.php\/wp-json\/wp\/v2\/types\/product"}],"wp:attachment":[{"href":"https:\/\/roveyayinevi.com.tr\/index.php\/wp-json\/wp\/v2\/media?parent=720952"}],"wp:term":[{"taxonomy":"product_brand","embeddable":true,"href":"https:\/\/roveyayinevi.com.tr\/index.php\/wp-json\/wp\/v2\/product_brand?post=720952"},{"taxonomy":"product_cat","embeddable":true,"href":"https:\/\/roveyayinevi.com.tr\/index.php\/wp-json\/wp\/v2\/product_cat?post=720952"},{"taxonomy":"product_tag","embeddable":true,"href":"https:\/\/roveyayinevi.com.tr\/index.php\/wp-json\/wp\/v2\/product_tag?post=720952"}],"curies":[{"name":"wp","href":"https:\/\/api.w.org\/{rel}","templated":true}]}}