{"id":720949,"date":"2025-08-27T18:43:14","date_gmt":"2025-08-27T15:43:14","guid":{"rendered":"https:\/\/roveyayinevi.com.tr\/index.php\/urun\/olumden-kacis-macera-gecidi-15\/"},"modified":"2026-04-16T02:28:47","modified_gmt":"2026-04-15T23:28:47","slug":"olumden-kacis-macera-gecidi-15","status":"publish","type":"product","link":"https:\/\/roveyayinevi.com.tr\/index.php\/urun\/olumden-kacis-macera-gecidi-15\/","title":{"rendered":"\u00d6l\u00fcmden Ka\u00e7\u0131\u015f &#8211; Macera Ge\u00e7idi 15"},"content":{"rendered":"<p>Bu macerada, \u00f6l\u00fcm tehditleri alan bir i\u015f insan\u0131s\u0131n\u0131z. Pe\u015finizde, sizi \u00f6ld\u00fcrmeye odaklanm\u0131\u015f Chucky maskeli bir katil var&#8230; Ne kim oldu\u011funu biliyorsunuz onun ne de sizi ni\u00e7in \u00f6ld\u00fcrmek istedi\u011fini&#8230; \u00d6ncelikli g\u00f6reviniz, hayatta kalmak&#8230; E\u011fer bunu ba\u015farabilirseniz, katilin kimli\u011fini ve sizi neden \u00f6ld\u00fcrmek istedi\u011fini ortaya \u00e7\u0131karabilirsiniz&#8230; Tabii en b\u00fcy\u00fck ba\u015far\u0131n\u0131z da onu adalete teslim ederek hak etti\u011fi cezay\u0131 almas\u0131n\u0131 sa\u011flamak olacak. Bu kitapta tam 15 farkl\u0131 son var. Kimi iyi, kimi k\u00f6t\u00fc&#8230; Do\u011fru se\u00e7imler yaparsan\u0131z ba\u015far\u0131ya ula\u015fabilir, ya\u015fam\u0131n\u0131z\u0131 zengin ve \u00fcnl\u00fc biri olarak s\u00fcrd\u00fcrebilirsiniz. Ya da bu ac\u0131mas\u0131z katilin elinde yok olup gidersiniz. <\/p>\n","protected":false},"excerpt":{"rendered":"<p>Bu macerada, \u00f6l\u00fcm tehditleri alan bir i\u015f insan\u0131s\u0131n\u0131z. Pe\u015finizde, sizi \u00f6ld\u00fcrmeye odaklanm\u0131\u015f Chucky maskeli bir katil var&#8230; Ne kim oldu\u011funu biliyorsunuz onun ne de sizi ni\u00e7in<span class=\"excerpt-hellip\"> [\u2026]<\/span><\/p>\n","protected":false},"featured_media":0,"template":"","meta":{"_monsterinsights_skip_tracking":false,"_monsterinsights_sitenote_active":false,"_monsterinsights_sitenote_note":"","_monsterinsights_sitenote_category":0},"product_brand":[],"product_cat":[12275,12274],"product_tag":[],"class_list":{"0":"post-720949","1":"product","2":"type-product","3":"status-publish","5":"product_cat-6-12-yas-kitaplari","6":"product_cat-cocuk-ve-genclik-kitaplari","7":"pa_cilt-ciltsiz","8":"pa_tur-kitap","9":"pa_yayinevi-genc-hayat","10":"pa_yazar-tuncel-altinkopru","12":"first","13":"instock","14":"sale","15":"shipping-taxable","16":"purchasable","17":"product-type-simple"},"_links":{"self":[{"href":"https:\/\/roveyayinevi.com.tr\/index.php\/wp-json\/wp\/v2\/product\/720949","targetHints":{"allow":["GET"]}}],"collection":[{"href":"https:\/\/roveyayinevi.com.tr\/index.php\/wp-json\/wp\/v2\/product"}],"about":[{"href":"https:\/\/roveyayinevi.com.tr\/index.php\/wp-json\/wp\/v2\/types\/product"}],"wp:attachment":[{"href":"https:\/\/roveyayinevi.com.tr\/index.php\/wp-json\/wp\/v2\/media?parent=720949"}],"wp:term":[{"taxonomy":"product_brand","embeddable":true,"href":"https:\/\/roveyayinevi.com.tr\/index.php\/wp-json\/wp\/v2\/product_brand?post=720949"},{"taxonomy":"product_cat","embeddable":true,"href":"https:\/\/roveyayinevi.com.tr\/index.php\/wp-json\/wp\/v2\/product_cat?post=720949"},{"taxonomy":"product_tag","embeddable":true,"href":"https:\/\/roveyayinevi.com.tr\/index.php\/wp-json\/wp\/v2\/product_tag?post=720949"}],"curies":[{"name":"wp","href":"https:\/\/api.w.org\/{rel}","templated":true}]}}