{"id":720948,"date":"2025-08-27T18:43:13","date_gmt":"2025-08-27T15:43:13","guid":{"rendered":"https:\/\/roveyayinevi.com.tr\/index.php\/urun\/bonbon-ekspresi\/"},"modified":"2026-04-05T02:35:14","modified_gmt":"2026-04-04T23:35:14","slug":"bonbon-ekspresi","status":"publish","type":"product","link":"https:\/\/roveyayinevi.com.tr\/index.php\/urun\/bonbon-ekspresi\/","title":{"rendered":"Bonbon Ekspresi"},"content":{"rendered":"<p>Her \u015fey Maceraperest Dede&#8217;nin labaratuvarlar\u0131nda geli\u015fen esrarengiz olaylarla ba\u015flad\u0131.\u015eekere benzeyen k\u00fc\u00e7\u00fck , mavi , z\u0131p z\u0131p z\u0131playan canl\u0131lar yani bonbonlar do\u011fdu.\u015eimdi ise d\u00fcnyaya zarar verdik\u00e7e g\u00fc\u00e7lenen Bonbon \u00c7etesi&#8217;ni durdurman\u0131n tam zaman\u0131.H\u0131z kesmeceek bu \u015feker macerada Merakl\u0131, \u015ei\u015fkolik ve Uykusever&#8217;e Suspus Nine ile Maceraperest Dede e\u015flik edecek. Elbette Sak\u0131zc\u0131k, F\u0131\u00e7\u0131t\u0131k , Bulutumsu ve Aceleci R\u00fczgar&#8217;\u0131 da unutmamak gerek..Acaba Bonbon Ekspresi g\u00fczel g\u00fcnlere do\u011fru ilerleyebilecek mi? Haydi , atlay\u0131n siz de.<\/p>\n","protected":false},"excerpt":{"rendered":"<p>Her \u015fey Maceraperest Dede&#8217;nin labaratuvarlar\u0131nda geli\u015fen esrarengiz olaylarla ba\u015flad\u0131.\u015eekere benzeyen k\u00fc\u00e7\u00fck , mavi , z\u0131p z\u0131p z\u0131playan canl\u0131lar yani bonbonlar do\u011fdu.\u015eimdi ise d\u00fcnyaya zarar verdik\u00e7e g\u00fc\u00e7lenen<span class=\"excerpt-hellip\"> [\u2026]<\/span><\/p>\n","protected":false},"featured_media":0,"template":"","meta":{"_monsterinsights_skip_tracking":false,"_monsterinsights_sitenote_active":false,"_monsterinsights_sitenote_note":"","_monsterinsights_sitenote_category":0},"product_brand":[],"product_cat":[12274,12284],"product_tag":[],"class_list":{"0":"post-720948","1":"product","2":"type-product","3":"status-publish","5":"product_cat-cocuk-ve-genclik-kitaplari","6":"product_cat-hikayeler","7":"pa_cilt-ciltsiz","8":"pa_tur-kitap","9":"pa_yayinevi-elma-cocuk","10":"pa_yazar-filiz-cavus","12":"first","13":"instock","14":"sale","15":"shipping-taxable","16":"purchasable","17":"product-type-simple"},"_links":{"self":[{"href":"https:\/\/roveyayinevi.com.tr\/index.php\/wp-json\/wp\/v2\/product\/720948","targetHints":{"allow":["GET"]}}],"collection":[{"href":"https:\/\/roveyayinevi.com.tr\/index.php\/wp-json\/wp\/v2\/product"}],"about":[{"href":"https:\/\/roveyayinevi.com.tr\/index.php\/wp-json\/wp\/v2\/types\/product"}],"wp:attachment":[{"href":"https:\/\/roveyayinevi.com.tr\/index.php\/wp-json\/wp\/v2\/media?parent=720948"}],"wp:term":[{"taxonomy":"product_brand","embeddable":true,"href":"https:\/\/roveyayinevi.com.tr\/index.php\/wp-json\/wp\/v2\/product_brand?post=720948"},{"taxonomy":"product_cat","embeddable":true,"href":"https:\/\/roveyayinevi.com.tr\/index.php\/wp-json\/wp\/v2\/product_cat?post=720948"},{"taxonomy":"product_tag","embeddable":true,"href":"https:\/\/roveyayinevi.com.tr\/index.php\/wp-json\/wp\/v2\/product_tag?post=720948"}],"curies":[{"name":"wp","href":"https:\/\/api.w.org\/{rel}","templated":true}]}}