{"id":720946,"date":"2025-08-27T18:43:12","date_gmt":"2025-08-27T15:43:12","guid":{"rendered":"https:\/\/roveyayinevi.com.tr\/index.php\/urun\/1-dunya-savasinda-rusyanin-rolu\/"},"modified":"2026-04-16T02:28:47","modified_gmt":"2026-04-15T23:28:47","slug":"1-dunya-savasinda-rusyanin-rolu","status":"publish","type":"product","link":"https:\/\/roveyayinevi.com.tr\/index.php\/urun\/1-dunya-savasinda-rusyanin-rolu\/","title":{"rendered":"1. D\u00fcnya Sava\u015f\u0131&#8217;nda Rusya&#8217;n\u0131n Rol\u00fc"},"content":{"rendered":"<p>Sean Mcmeekin bu dikkat \u00e7ekici \u00e7al\u0131\u015fmas\u0131nda tarih\u00e7ilerin bug\u00fcne kadar yeterince \u00fczerinde durmad\u0131klar\u0131 bir olguyu, \u00c7arl\u0131k Rusya&#8217;n\u0131n emperyal\u0131st emellerinin Birinci D\u00fcnya Sava\u015f\u0131&#8217;n\u0131n k\u00f6kenlerindeki rol\u00fcn\u00fc T\u00fcrk, Frans\u0131z, Alman, Avusturya, \u0130ngiliz ve bug\u00fcne kadar ihmal edilen Rus ar\u015fiv belgelerine dayanarak cesurca yeniden yorumluyor. \u0130ngiltere ve Fransa&#8217;n\u0131n Alman tehdidini dengeledi\u011fi 1914 sava\u015f\u0131 Rusya&#8217;n\u0131n hedeflerine ula\u015fmas\u0131 i\u00e7in uygun bir and\u0131: Osmanl\u0131 \u0130mparatorlu\u011fu&#8217;nu par\u00e7alamak, \u0130stanbul ve Bo\u011fazlar&#8217;\u0131 ele ge\u00e7irmek. McMeekin&#8217;e g\u00f6re Birinci D\u00fcnya Sava\u015f\u0131&#8217;n\u0131n ana sorunu Ortado\u011fu&#8217;yu kontrol etmekti. Bu anlamda 1914 sava\u015f\u0131 Osmanl\u0131 miras\u0131 \u00fczerine bir sava\u015f olarak nitelenebilir. &#8220;Birinci D\u00fcnya Sava\u015f\u0131&#8217;ndan bu yana yakla\u015f\u0131k bir y\u00fczy\u0131l ge\u00e7mesine kar\u015f\u0131n, Osmanl\u0131 \u0130mparatorlu\u011fu&#8217;nun eski topraklar\u0131 hala i\u00e7in i\u00e7in yan\u0131yor. \u015eiiler ve S\u00fcnniler, Araplar ve Yahudiler ve di\u011fer b\u00f6lgesel has\u0131mlar Osmanl\u0131 miras\u0131n\u0131n son k\u0131r\u0131nt\u0131lar\u0131 i\u00e7in kavgay\u0131 s\u00fcr\u00fcd\u00fcr\u00fcyorlar.&#8221;<\/p>\n","protected":false},"excerpt":{"rendered":"<p>Sean Mcmeekin bu dikkat \u00e7ekici \u00e7al\u0131\u015fmas\u0131nda tarih\u00e7ilerin bug\u00fcne kadar yeterince \u00fczerinde durmad\u0131klar\u0131 bir olguyu, \u00c7arl\u0131k Rusya&#8217;n\u0131n emperyal\u0131st emellerinin Birinci D\u00fcnya Sava\u015f\u0131&#8217;n\u0131n k\u00f6kenlerindeki rol\u00fcn\u00fc T\u00fcrk, Frans\u0131z, Alman,<span class=\"excerpt-hellip\"> [\u2026]<\/span><\/p>\n","protected":false},"featured_media":0,"template":"","meta":{"_monsterinsights_skip_tracking":false,"_monsterinsights_sitenote_active":false,"_monsterinsights_sitenote_note":"","_monsterinsights_sitenote_category":0},"product_brand":[],"product_cat":[12370,12304],"product_tag":[],"class_list":{"0":"post-720946","1":"product","2":"type-product","3":"status-publish","5":"product_cat-arastirma-inceleme","6":"product_cat-tarih","7":"pa_cilt-ciltsiz","8":"pa_tur-kitap","9":"pa_yayinevi-yapi-kredi-yayinlari","10":"pa_yazar-sean-mcmeekin","12":"first","13":"instock","14":"sale","15":"shipping-taxable","16":"purchasable","17":"product-type-simple"},"_links":{"self":[{"href":"https:\/\/roveyayinevi.com.tr\/index.php\/wp-json\/wp\/v2\/product\/720946","targetHints":{"allow":["GET"]}}],"collection":[{"href":"https:\/\/roveyayinevi.com.tr\/index.php\/wp-json\/wp\/v2\/product"}],"about":[{"href":"https:\/\/roveyayinevi.com.tr\/index.php\/wp-json\/wp\/v2\/types\/product"}],"wp:attachment":[{"href":"https:\/\/roveyayinevi.com.tr\/index.php\/wp-json\/wp\/v2\/media?parent=720946"}],"wp:term":[{"taxonomy":"product_brand","embeddable":true,"href":"https:\/\/roveyayinevi.com.tr\/index.php\/wp-json\/wp\/v2\/product_brand?post=720946"},{"taxonomy":"product_cat","embeddable":true,"href":"https:\/\/roveyayinevi.com.tr\/index.php\/wp-json\/wp\/v2\/product_cat?post=720946"},{"taxonomy":"product_tag","embeddable":true,"href":"https:\/\/roveyayinevi.com.tr\/index.php\/wp-json\/wp\/v2\/product_tag?post=720946"}],"curies":[{"name":"wp","href":"https:\/\/api.w.org\/{rel}","templated":true}]}}