{"id":720943,"date":"2025-08-27T18:43:09","date_gmt":"2025-08-27T15:43:09","guid":{"rendered":"https:\/\/roveyayinevi.com.tr\/index.php\/urun\/eglenceli-basari-goz-gore-gore-gorsel-zeka\/"},"modified":"2026-04-16T02:28:47","modified_gmt":"2026-04-15T23:28:47","slug":"eglenceli-basari-goz-gore-gore-gorsel-zeka","status":"publish","type":"product","link":"https:\/\/roveyayinevi.com.tr\/index.php\/urun\/eglenceli-basari-goz-gore-gore-gorsel-zeka\/","title":{"rendered":"E\u011flenceli Ba\u015far\u0131 &#8211; G\u00f6z G\u00f6re G\u00f6re G\u00f6rsel Zeka"},"content":{"rendered":"<p>Tam 101 G\u00f6rsel Zeka Etkinli\u011fi!&#8221;G\u00f6z boyayan&#8221; onlarca ba\u015fka kitap aras\u0131ndan bu kitap &#8220;g\u00f6z\u00fcne tak\u0131ld\u0131&#8221; de\u011fil mi? &#8220;G\u00f6z\u00fcn ayd\u0131n!&#8221; Bizce bu kitab\u0131 &#8220;g\u00f6z\u00fcn gibi korumal\u0131s\u0131n&#8221;. G\u00f6z G\u00f6re G\u00f6re G\u00f6rsel Zeka sayesinde bak\u0131p da g\u00f6remediklerini; g\u00f6r\u00fcp de fark edemediklerini ke\u015ffetmeyi \u00f6\u011freneceksin.Hey gen\u00e7! &#8220;G\u00f6z g\u00f6rmeyince g\u00f6n\u00fcl katlan\u0131r&#8221; demeyenlerdensen bu kitap tam sana g\u00f6re. Ne duruyorsun kitaptaki etkinlikleri \u00e7\u00f6z de &#8220;g\u00f6z\u00fcn g\u00f6nl\u00fcn&#8221; a\u00e7\u0131ls\u0131n!Dikkat: Bu kitap &#8220;g\u00f6z ard\u0131&#8221; edemeyece\u011fin kadar \u00f6nemli bir konu hakk\u0131nda: &#8220;G\u00f6z\u00fcn\u00fc d\u00f6rt a\u00e7!&#8221;<\/p>\n","protected":false},"excerpt":{"rendered":"<p>Tam 101 G\u00f6rsel Zeka Etkinli\u011fi!&#8221;G\u00f6z boyayan&#8221; onlarca ba\u015fka kitap aras\u0131ndan bu kitap &#8220;g\u00f6z\u00fcne tak\u0131ld\u0131&#8221; de\u011fil mi? &#8220;G\u00f6z\u00fcn ayd\u0131n!&#8221; Bizce bu kitab\u0131 &#8220;g\u00f6z\u00fcn gibi korumal\u0131s\u0131n&#8221;. G\u00f6z G\u00f6re<span class=\"excerpt-hellip\"> [\u2026]<\/span><\/p>\n","protected":false},"featured_media":0,"template":"","meta":{"_monsterinsights_skip_tracking":false,"_monsterinsights_sitenote_active":false,"_monsterinsights_sitenote_note":"","_monsterinsights_sitenote_category":0},"product_brand":[],"product_cat":[12274,24599],"product_tag":[],"class_list":{"0":"post-720943","1":"product","2":"type-product","3":"status-publish","5":"product_cat-cocuk-ve-genclik-kitaplari","6":"product_cat-zeka-gelisimi","7":"pa_cilt-ciltsiz","8":"pa_tur-kitap","9":"pa_yayinevi-eglenceli-bilgi-yayinlari","10":"pa_yazar-suleyman-kahraman","12":"first","13":"instock","14":"sale","15":"shipping-taxable","16":"purchasable","17":"product-type-simple"},"_links":{"self":[{"href":"https:\/\/roveyayinevi.com.tr\/index.php\/wp-json\/wp\/v2\/product\/720943","targetHints":{"allow":["GET"]}}],"collection":[{"href":"https:\/\/roveyayinevi.com.tr\/index.php\/wp-json\/wp\/v2\/product"}],"about":[{"href":"https:\/\/roveyayinevi.com.tr\/index.php\/wp-json\/wp\/v2\/types\/product"}],"wp:attachment":[{"href":"https:\/\/roveyayinevi.com.tr\/index.php\/wp-json\/wp\/v2\/media?parent=720943"}],"wp:term":[{"taxonomy":"product_brand","embeddable":true,"href":"https:\/\/roveyayinevi.com.tr\/index.php\/wp-json\/wp\/v2\/product_brand?post=720943"},{"taxonomy":"product_cat","embeddable":true,"href":"https:\/\/roveyayinevi.com.tr\/index.php\/wp-json\/wp\/v2\/product_cat?post=720943"},{"taxonomy":"product_tag","embeddable":true,"href":"https:\/\/roveyayinevi.com.tr\/index.php\/wp-json\/wp\/v2\/product_tag?post=720943"}],"curies":[{"name":"wp","href":"https:\/\/api.w.org\/{rel}","templated":true}]}}