{"id":720942,"date":"2025-08-27T18:43:08","date_gmt":"2025-08-27T15:43:08","guid":{"rendered":"https:\/\/roveyayinevi.com.tr\/index.php\/urun\/denizalti\/"},"modified":"2026-04-08T02:36:17","modified_gmt":"2026-04-07T23:36:17","slug":"denizalti","status":"publish","type":"product","link":"https:\/\/roveyayinevi.com.tr\/index.php\/urun\/denizalti\/","title":{"rendered":"Denizalt\u0131"},"content":{"rendered":"<p>Babam\u0131n depresyon dalgalar\u0131ndan birinin ne zaman ba\u015flad\u0131\u011f\u0131n\u0131 anlayabilmek i\u00e7in b\u00fct\u00fcn sezgilerimi kullan\u0131yorum. \u0130ki i\u015faret \u015funlar: Birincisi, bula\u015f\u0131k makinesini bo\u015faltt\u0131\u011f\u0131n\u0131 \u00e7at\u0131 kat\u0131ndaki odamdan duyabiliyorum. \u0130kincisi, yaz\u0131 yazarken kalemle o kadar \u00e7ok bast\u0131r\u0131yor ki temizlemesi kolay plastik masa \u00f6rt\u00fcm\u00fcz\u00fcn \u00fczerinde iki \u00fc\u00e7 g\u00fcnl\u00fck notlar\u0131n\u0131 yeterli bir \u0131\u015f\u0131k oldu\u011fu zaman g\u00f6rebiliyorum. Gen\u00e7 ve yetenekli yazar Joe Dunthorne\u2019nun ilk roman\u0131 Denizalt\u0131. Keskin, ne\u015feli, nobran bir ergen olan OliverTate roman\u0131n deli\u015fmen kahraman\u0131. OliverTate hen\u00fcz 15 ya\u015f\u0131ndad\u0131r ve ebeveynlerinin ruhsal hallerinden ciddi anlamda endi\u015felidir. Babas\u0131n\u0131n derin bir depresyon d\u00f6neminde oldu\u011funa, annesinin de t\u00fcrl\u00fc tak\u0131nt\u0131lar geli\u015ftirdi\u011fine inanmaktad\u0131r. OliverTate, apayr\u0131 d\u00fcnyalarda ya\u015fam m\u00fccadelesi veren anne ve babas\u0131n\u0131 \u00e7\u0131lg\u0131n bir mizahi \u00e7abayla yeniden bir araya getirmeye \u00e7al\u0131\u015f\u0131r. Fakat bu arada 16. ya\u015f\u0131na girmeden \u00f6nce bir meseleyi \u00e7\u00f6zmek istiyordur: bek\u00e2ret. OliverTate hem ailesini toparlamaya \u00e7al\u0131\u015fmakta hem de kendi cinsel meselelerine kafa yormaktad\u0131r, azar azar suya bat\u0131yordur&#8230;  <\/p>\n","protected":false},"excerpt":{"rendered":"<p>Babam\u0131n depresyon dalgalar\u0131ndan birinin ne zaman ba\u015flad\u0131\u011f\u0131n\u0131 anlayabilmek i\u00e7in b\u00fct\u00fcn sezgilerimi kullan\u0131yorum. \u0130ki i\u015faret \u015funlar: Birincisi, bula\u015f\u0131k makinesini bo\u015faltt\u0131\u011f\u0131n\u0131 \u00e7at\u0131 kat\u0131ndaki odamdan duyabiliyorum. \u0130kincisi, yaz\u0131 yazarken<span class=\"excerpt-hellip\"> [\u2026]<\/span><\/p>\n","protected":false},"featured_media":0,"template":"","meta":{"_monsterinsights_skip_tracking":false,"_monsterinsights_sitenote_active":false,"_monsterinsights_sitenote_note":"","_monsterinsights_sitenote_category":0},"product_brand":[],"product_cat":[12291,12711],"product_tag":[],"class_list":{"0":"post-720942","1":"product","2":"type-product","3":"status-publish","5":"product_cat-edebiyat","6":"product_cat-roman-oyku","7":"pa_cilt-ciltsiz","8":"pa_tur-kitap","9":"pa_yayinevi-ayrinti-yayinlari","10":"pa_yazar-joe-dunthorne","12":"first","13":"instock","14":"sale","15":"shipping-taxable","16":"purchasable","17":"product-type-simple"},"_links":{"self":[{"href":"https:\/\/roveyayinevi.com.tr\/index.php\/wp-json\/wp\/v2\/product\/720942","targetHints":{"allow":["GET"]}}],"collection":[{"href":"https:\/\/roveyayinevi.com.tr\/index.php\/wp-json\/wp\/v2\/product"}],"about":[{"href":"https:\/\/roveyayinevi.com.tr\/index.php\/wp-json\/wp\/v2\/types\/product"}],"wp:attachment":[{"href":"https:\/\/roveyayinevi.com.tr\/index.php\/wp-json\/wp\/v2\/media?parent=720942"}],"wp:term":[{"taxonomy":"product_brand","embeddable":true,"href":"https:\/\/roveyayinevi.com.tr\/index.php\/wp-json\/wp\/v2\/product_brand?post=720942"},{"taxonomy":"product_cat","embeddable":true,"href":"https:\/\/roveyayinevi.com.tr\/index.php\/wp-json\/wp\/v2\/product_cat?post=720942"},{"taxonomy":"product_tag","embeddable":true,"href":"https:\/\/roveyayinevi.com.tr\/index.php\/wp-json\/wp\/v2\/product_tag?post=720942"}],"curies":[{"name":"wp","href":"https:\/\/api.w.org\/{rel}","templated":true}]}}