{"id":720939,"date":"2025-08-27T18:43:06","date_gmt":"2025-08-27T15:43:06","guid":{"rendered":"https:\/\/roveyayinevi.com.tr\/index.php\/urun\/icimizdeki-seytan-15\/"},"modified":"2026-04-16T02:28:47","modified_gmt":"2026-04-15T23:28:47","slug":"icimizdeki-seytan-15","status":"publish","type":"product","link":"https:\/\/roveyayinevi.com.tr\/index.php\/urun\/icimizdeki-seytan-15\/","title":{"rendered":"\u0130\u00e7imizdeki \u015eeytan"},"content":{"rendered":"<p>Sabahattin Ali\u2019nin \u0130\u00e7imizdeki \u015eeytan roman\u0131nda \u00f6ncelikle h\u00fcz\u00fcnl\u00fc bir gen\u00e7lik a\u015fk\u0131 hik\u00e2yesi anlat\u0131l\u0131r. S\u00f6yledi\u011fi ile yapt\u0131\u011f\u0131 aras\u0131nda bir t\u00fcrl\u00fc denge kuramayan ve \u201ci\u00e7indeki \u015feytan\u201d\u0131n etkisinde kalarak gelgitler ya\u015fayan \u00d6mer\u2019le konservatuar \u00f6\u011frencisi Macide\u2019nin a\u015fk\u0131, d\u00f6nem gen\u00e7li\u011finin umutlar\u0131, beklentileri ve siyasi e\u011filimleriyle birlikte resmedilir. Sahnenin arka plan\u0131nda devletin imk\u00e2nlar\u0131 ile \u00fcniversite \u00e7evrelerinde ve y\u00fcksek mevkilerde konu\u015flanm\u0131\u015f, aralar\u0131nda profes\u00f6rlerin, yazarlar\u0131n, \u015fairlerin bulundu\u011fu g\u00fc\u00e7 sahibi insanlar yer al\u0131r.  G\u00fc\u00e7l\u00fc Turanc\u0131l\u0131k ele\u015ftirisi nedeniyle T\u00fcrk\u00e7\u00fc \u00e7evrelerin tepkilerini \u00fczerine \u00e7eken roman, mevki ve zenginlik pe\u015finde ko\u015fan ayd\u0131nlara y\u00f6nelik vurgular\u0131 nedeniyle de ayd\u0131n kamuoyunda tart\u0131\u015fmalara yol a\u00e7ar. \u201c\u0130\u00e7imizdeki \u015feytan\u201d\u0131n acizlikten, tembellikten, bilgisizlikten ve daha da \u00f6nemlisi \u201chakikatleri g\u00f6rmekten ka\u00e7mak itiyad\u0131\u201dndan beslendi\u011fine i\u015faret eden Sabahattin Ali, di\u011fer  eserlerinde oldu\u011fu gibi \u0130\u00e7imizdeki \u015eeytan roman\u0131nda da bizi g\u00f6rmek istemedi\u011fimiz yanlar\u0131m\u0131zla y\u00fczle\u015ftirir. Hayat\u0131n i\u00e7inde filizlenip geli\u015fen k\u00f6t\u00fcl\u00fc\u011f\u00fc, bu k\u00f6t\u00fcl\u00fc\u011f\u00fcn s\u0131radanla\u015fan dinamiklerini g\u00f6sterir. \u0130\u00e7imizdeki \u015eeytan, gerek tart\u0131\u015fma konusu yapt\u0131\u011f\u0131 sorunlar\u0131n g\u00fcncelli\u011fi, gerek k\u00f6t\u00fcl\u00fc\u011f\u00fcn kayna\u011f\u0131na i\u015faret eden psikolojik \u00e7\u00f6z\u00fcmlemeleri ve gerek canl\u0131 karakter tasvirleriyle g\u00fcn\u00fcm\u00fcze de iz d\u00fc\u015f\u00fcren benzersiz bir roman. <\/p>\n","protected":false},"excerpt":{"rendered":"<p>Sabahattin Ali\u2019nin \u0130\u00e7imizdeki \u015eeytan roman\u0131nda \u00f6ncelikle h\u00fcz\u00fcnl\u00fc bir gen\u00e7lik a\u015fk\u0131 hik\u00e2yesi anlat\u0131l\u0131r. S\u00f6yledi\u011fi ile yapt\u0131\u011f\u0131 aras\u0131nda bir t\u00fcrl\u00fc denge kuramayan ve \u201ci\u00e7indeki \u015feytan\u201d\u0131n etkisinde kalarak gelgitler<span class=\"excerpt-hellip\"> [\u2026]<\/span><\/p>\n","protected":false},"featured_media":0,"template":"","meta":{"_monsterinsights_skip_tracking":false,"_monsterinsights_sitenote_active":false,"_monsterinsights_sitenote_note":"","_monsterinsights_sitenote_category":0},"product_brand":[],"product_cat":[12291,12711],"product_tag":[],"class_list":{"0":"post-720939","1":"product","2":"type-product","3":"status-publish","5":"product_cat-edebiyat","6":"product_cat-roman-oyku","7":"pa_cilt-ciltsiz","8":"pa_tur-kitap","9":"pa_yayinevi-ayrinti-yayinlari","10":"pa_yazar-sabahattin-ali","12":"first","13":"instock","14":"sale","15":"shipping-taxable","16":"purchasable","17":"product-type-simple"},"_links":{"self":[{"href":"https:\/\/roveyayinevi.com.tr\/index.php\/wp-json\/wp\/v2\/product\/720939","targetHints":{"allow":["GET"]}}],"collection":[{"href":"https:\/\/roveyayinevi.com.tr\/index.php\/wp-json\/wp\/v2\/product"}],"about":[{"href":"https:\/\/roveyayinevi.com.tr\/index.php\/wp-json\/wp\/v2\/types\/product"}],"wp:attachment":[{"href":"https:\/\/roveyayinevi.com.tr\/index.php\/wp-json\/wp\/v2\/media?parent=720939"}],"wp:term":[{"taxonomy":"product_brand","embeddable":true,"href":"https:\/\/roveyayinevi.com.tr\/index.php\/wp-json\/wp\/v2\/product_brand?post=720939"},{"taxonomy":"product_cat","embeddable":true,"href":"https:\/\/roveyayinevi.com.tr\/index.php\/wp-json\/wp\/v2\/product_cat?post=720939"},{"taxonomy":"product_tag","embeddable":true,"href":"https:\/\/roveyayinevi.com.tr\/index.php\/wp-json\/wp\/v2\/product_tag?post=720939"}],"curies":[{"name":"wp","href":"https:\/\/api.w.org\/{rel}","templated":true}]}}