{"id":720937,"date":"2025-08-27T18:43:05","date_gmt":"2025-08-27T15:43:05","guid":{"rendered":"https:\/\/roveyayinevi.com.tr\/index.php\/urun\/dogal-hukukun-ilkeleri\/"},"modified":"2026-04-16T02:28:47","modified_gmt":"2026-04-15T23:28:47","slug":"dogal-hukukun-ilkeleri","status":"publish","type":"product","link":"https:\/\/roveyayinevi.com.tr\/index.php\/urun\/dogal-hukukun-ilkeleri\/","title":{"rendered":"Do\u011fal Hukukun \u0130lkeleri"},"content":{"rendered":"<p>\u201cBu eserde insanlara, kendilerinin edindikleri hedefe -ger\u00e7ekten herkesin edinmeye \u00e7al\u0131\u015ft\u0131\u011f\u0131 hakiki ve sa\u011flam bir mutlulu\u011fu kastediyorum- muhakkak y\u00f6nelmelerini sa\u011flamak i\u00e7in, sadece akl\u0131n zorunlu k\u0131laca\u011f\u0131 kurallar\u0131n neler oldu\u011funu ara\u015ft\u0131rmaya niyet ettik. Bu, Tanr\u0131n\u0131n insanlar\u0131 icbar etti\u011fi yasalar gibi tahayy\u00fcl edilen, do\u011fal hukuk olarak adland\u0131r\u0131lan kurallar sistemi veya toplulu\u011fudur. Bu bilim ahlak\u0131n, hukuk biliminin ve siyasetin en \u00f6nemli ilkelerini; \u015f\u00f6yle ki, toplum ve insan i\u00e7in en ilgin\u00e7 olan t\u00fcm \u015feyleri i\u00e7erir. Dolay\u0131s\u0131yla hi\u00e7bir \u015fey, kalbinde kendi yetkinli\u011fini ve saadetini ta\u015f\u0131yan makul bir varl\u0131\u011f\u0131n uygulamas\u0131na daha lay\u0131k de\u011fildir. Hayat seyrinde izlemek zorunda oldu\u011fumuz d\u00fcsturlar\u0131n do\u011fru bilgisi, bilgeli\u011fin temel nesnesidir ve erdem de hi\u00e7bir \u015feyin bizi sapt\u0131rmas\u0131na izin vermeksizin, bunlar\u0131n s\u00fcrekli tatbikinden ibarettir.\u201dEser, hukuk tarihinde bireylerin siyasal iktidara kar\u015f\u0131 haklar\u0131n\u0131 ileri s\u00fcrebilme gayretini ve hukuku siyasal iktidar\u0131n kendi takdirinin keyfili\u011finden kurtarma \u00e7abas\u0131na dayanan do\u011fal hukuk kuram\u0131 \u00fczerine kaleme al\u0131nm\u0131\u015f en etkili eserlerden biridir. Burada sunulan birinci cilt, do\u011fal hukuk kuram\u0131n\u0131n temellerini ortaya koymaktad\u0131r.\u0130nsan\u0131n mutluluk aray\u0131\u015f\u0131n\u0131 do\u011fal bir hak olarak kabul eden bu m\u00fcstesna d\u00fc\u015f\u00fcn\u00fcr\u00fcn eserinin \u00e7evirisinin T\u00fcrk\u00e7e literat\u00fcr i\u00e7in \u00f6nemli bir ad\u0131m olmas\u0131n\u0131 umuyoruz.<\/p>\n","protected":false},"excerpt":{"rendered":"<p>\u201cBu eserde insanlara, kendilerinin edindikleri hedefe -ger\u00e7ekten herkesin edinmeye \u00e7al\u0131\u015ft\u0131\u011f\u0131 hakiki ve sa\u011flam bir mutlulu\u011fu kastediyorum- muhakkak y\u00f6nelmelerini sa\u011flamak i\u00e7in, sadece akl\u0131n zorunlu k\u0131laca\u011f\u0131 kurallar\u0131n neler<span class=\"excerpt-hellip\"> [\u2026]<\/span><\/p>\n","protected":false},"featured_media":0,"template":"","meta":{"_monsterinsights_skip_tracking":false,"_monsterinsights_sitenote_active":false,"_monsterinsights_sitenote_note":"","_monsterinsights_sitenote_category":0},"product_brand":[],"product_cat":[15350,17602],"product_tag":[],"class_list":{"0":"post-720937","1":"product","2":"type-product","3":"status-publish","5":"product_cat-hukuk","6":"product_cat-hukuk-uzerine","7":"pa_cilt-ciltsiz","8":"pa_tur-kitap","9":"pa_yayinevi-pinhan-yayincilik","10":"pa_yazar-jean-jacques-burlamaqui","12":"first","13":"instock","14":"sale","15":"shipping-taxable","16":"purchasable","17":"product-type-simple"},"_links":{"self":[{"href":"https:\/\/roveyayinevi.com.tr\/index.php\/wp-json\/wp\/v2\/product\/720937","targetHints":{"allow":["GET"]}}],"collection":[{"href":"https:\/\/roveyayinevi.com.tr\/index.php\/wp-json\/wp\/v2\/product"}],"about":[{"href":"https:\/\/roveyayinevi.com.tr\/index.php\/wp-json\/wp\/v2\/types\/product"}],"wp:attachment":[{"href":"https:\/\/roveyayinevi.com.tr\/index.php\/wp-json\/wp\/v2\/media?parent=720937"}],"wp:term":[{"taxonomy":"product_brand","embeddable":true,"href":"https:\/\/roveyayinevi.com.tr\/index.php\/wp-json\/wp\/v2\/product_brand?post=720937"},{"taxonomy":"product_cat","embeddable":true,"href":"https:\/\/roveyayinevi.com.tr\/index.php\/wp-json\/wp\/v2\/product_cat?post=720937"},{"taxonomy":"product_tag","embeddable":true,"href":"https:\/\/roveyayinevi.com.tr\/index.php\/wp-json\/wp\/v2\/product_tag?post=720937"}],"curies":[{"name":"wp","href":"https:\/\/api.w.org\/{rel}","templated":true}]}}