{"id":720935,"date":"2025-08-27T18:43:03","date_gmt":"2025-08-27T15:43:03","guid":{"rendered":"https:\/\/roveyayinevi.com.tr\/index.php\/urun\/yerinden-yonetim-ve-siyaset\/"},"modified":"2025-10-01T17:34:14","modified_gmt":"2025-10-01T14:34:14","slug":"yerinden-yonetim-ve-siyaset","status":"publish","type":"product","link":"https:\/\/roveyayinevi.com.tr\/index.php\/urun\/yerinden-yonetim-ve-siyaset\/","title":{"rendered":"Yerinden Y\u00f6netim ve Siyaset"},"content":{"rendered":"<p>Yerinden Y\u00f6netim ve Siyaset&#8217;te demokratik ya\u015fam\u0131n vazge\u00e7ilmez \u00f6\u011feleri olan yerel y\u00f6netimler, t\u00fczel, y\u00f6netsel ve siyasal boyutlar\u0131yla geni\u015f bir a\u00e7\u0131dan ele al\u0131n\u0131yor. \u00c7ok partili siyasal ya\u015fam\u0131n zorunluluklar\u0131, devletle yerel y\u00f6netimler aras\u0131ndaki ili\u015fkiler, d\u00fcnyadaki d\u00fc\u015f\u00fcnsel geli\u015fmenin, k\u0131saca k\u00fcreselle\u015fmenin olumlu ve olumsuz etkileri yerel y\u00f6netimler a\u00e7\u0131s\u0131ndan de\u011ferlendirilmeye \u00e7al\u0131\u015f\u0131l\u0131yor. T\u00fcrkiye&#8217;de yerel y\u00f6netimlerle ilgili son yasal d\u00fczenlemeler ve \u00f6zerklik tart\u0131\u015fmalar\u0131 ele\u015ftirel bir de\u011ferlendirmeye konu yap\u0131l\u0131yor.Prof. Dr. Ru\u015fen Kele\u015f, d\u00fcnyadan ve T\u00fcrkiye&#8217;den \u00f6rnekler vererek, konulara hem kuramsal, hem de uygulama a\u00e7\u0131s\u0131ndan yakla\u015f\u0131yor. Avrupa Birli\u011fi ile olan ili\u015fkiler \u00e7er\u00e7evesinde yerel demokrasinin \u00f6nemini vurguluyor. Yar\u0131m y\u00fczy\u0131la yakla\u015fan bir birikimin \u00fcr\u00fcn\u00fc olan Yerinden Y\u00f6netim ve Siyaset, bug\u00fcn\u00fcn ve yar\u0131n\u0131n ku\u015faklar\u0131na, yerel demokrasi ve yerel \u00f6zerklik konular\u0131na ili\u015fkin geli\u015fme do\u011frultular\u0131n\u0131 g\u00f6steriyor.<\/p>\n","protected":false},"excerpt":{"rendered":"<p>Yerinden Y\u00f6netim ve Siyaset&#8217;te demokratik ya\u015fam\u0131n vazge\u00e7ilmez \u00f6\u011feleri olan yerel y\u00f6netimler, t\u00fczel, y\u00f6netsel ve siyasal boyutlar\u0131yla geni\u015f bir a\u00e7\u0131dan ele al\u0131n\u0131yor. \u00c7ok partili siyasal ya\u015fam\u0131n zorunluluklar\u0131,<span class=\"excerpt-hellip\"> [\u2026]<\/span><\/p>\n","protected":false},"featured_media":0,"template":"","meta":{"_monsterinsights_skip_tracking":false,"_monsterinsights_sitenote_active":false,"_monsterinsights_sitenote_note":"","_monsterinsights_sitenote_category":0},"product_brand":[],"product_cat":[31194,12337],"product_tag":[],"class_list":{"0":"post-720935","1":"product","2":"type-product","3":"status-publish","5":"product_cat-guncel-siyaset","6":"product_cat-politika-siyaset","7":"pa_cilt-ciltsiz","8":"pa_tur-kitap","9":"pa_yayinevi-cem-yayinevi","10":"pa_yazar-rusen-keles","12":"first","13":"instock","14":"sale","15":"shipping-taxable","16":"purchasable","17":"product-type-simple"},"_links":{"self":[{"href":"https:\/\/roveyayinevi.com.tr\/index.php\/wp-json\/wp\/v2\/product\/720935","targetHints":{"allow":["GET"]}}],"collection":[{"href":"https:\/\/roveyayinevi.com.tr\/index.php\/wp-json\/wp\/v2\/product"}],"about":[{"href":"https:\/\/roveyayinevi.com.tr\/index.php\/wp-json\/wp\/v2\/types\/product"}],"wp:attachment":[{"href":"https:\/\/roveyayinevi.com.tr\/index.php\/wp-json\/wp\/v2\/media?parent=720935"}],"wp:term":[{"taxonomy":"product_brand","embeddable":true,"href":"https:\/\/roveyayinevi.com.tr\/index.php\/wp-json\/wp\/v2\/product_brand?post=720935"},{"taxonomy":"product_cat","embeddable":true,"href":"https:\/\/roveyayinevi.com.tr\/index.php\/wp-json\/wp\/v2\/product_cat?post=720935"},{"taxonomy":"product_tag","embeddable":true,"href":"https:\/\/roveyayinevi.com.tr\/index.php\/wp-json\/wp\/v2\/product_tag?post=720935"}],"curies":[{"name":"wp","href":"https:\/\/api.w.org\/{rel}","templated":true}]}}