{"id":720934,"date":"2025-08-27T18:43:03","date_gmt":"2025-08-27T15:43:03","guid":{"rendered":"https:\/\/roveyayinevi.com.tr\/index.php\/urun\/kaybolan-tarihin-pesinde\/"},"modified":"2026-04-16T02:28:47","modified_gmt":"2026-04-15T23:28:47","slug":"kaybolan-tarihin-pesinde","status":"publish","type":"product","link":"https:\/\/roveyayinevi.com.tr\/index.php\/urun\/kaybolan-tarihin-pesinde\/","title":{"rendered":"Kaybolan Tarihin Pe\u015finde"},"content":{"rendered":"<p>Mehmet Dilbaz, \u201cKaybolan Tarihin Pe\u015finde\u201d ismini verdi\u011fi sosyal medya hesaplar\u0131yla milyonlar\u0131n tan\u0131d\u0131\u011f\u0131 bir isim. Bu platformda imparatorluk co\u011frafyas\u0131n\u0131n bilhassa son payitaht \u0130stanbul\u2019un zaman i\u00e7inde nas\u0131l bir d\u00f6n\u00fc\u015f\u00fcm ge\u00e7irdi\u011fini g\u00f6sterdi\u011fi foto\u011fraflarla hazin ve h\u00fcz\u00fcnl\u00fc hat\u0131ralarla anlat\u0131yor.Yine Kaybolan Tarihin Pe\u015finde ismiyle haz\u0131rlad\u0131\u011f\u0131 \u00e7al\u0131\u015fmas\u0131yla bu kez not defterini okuyucuyla payla\u015f\u0131yor. Bir cami, kas\u0131r, t\u00fcrbe, han, mezar ta\u015f\u0131, eski bir \u00e7\u0131nar, \u00e7e\u015fme, ge\u00e7mi\u015f zaman\u0131 hayal ettiren manzara ve isimle, \u00fcst\u00fcnde sallanan ve b\u00fct\u00fcn \u00e7izgilerine hasret sindiren incelikli vakitlere pencere a\u00e7\u0131yor.Te\u015fkilat-\u0131 Mahsusa\u2019n\u0131n fedaisi Yakup Cemil nerede kur\u015funa dizildi?Hangi konsolosluk binas\u0131 Osmanl\u0131 mezarl\u0131\u011f\u0131n\u0131n \u00fczerine in\u015fa edildi?K\u00e2\u011f\u0131thane saraylar\u0131 hangi d\u00f6nemde ya\u011fmaland\u0131?Hangi Osmanl\u0131 mezarl\u0131\u011f\u0131n\u0131n \u00fczerinde konser alan\u0131 var?Mezar\u0131nda rahat b\u0131rak\u0131lmayan Mevlevi \u015eeyhi kimdi?Hangi Mimar Sinan eseri y\u0131k\u0131l\u0131p yerine benzin istasyonu yap\u0131ld\u0131?\u00dcnl\u00fc sanat\u00e7\u0131 Safiye Ayla\u2019n\u0131n \u00e7ocuklu\u011funun ge\u00e7ti\u011fi yetimhane asl\u0131nda hangi sarayd\u0131?Bu kitapla, Tanp\u0131nar\u2019\u0131n \u201cKaybolan \u015fey, bir hayat tarz\u0131 b\u00fct\u00fcn bir d\u00fcnyayd\u0131\u2026\u201d diye and\u0131\u011f\u0131 \u2018ikinci zaman\u2019a yolculuklara \u00e7\u0131kacaks\u0131n\u0131z. Ve \u0130stanbul\u2019un nas\u0131l bir masal ku\u015fu olup, avu\u00e7lar\u0131m\u0131zda u\u00e7up gitti\u011fine \u015fahit olacaks\u0131n\u0131z<\/p>\n","protected":false},"excerpt":{"rendered":"<p>Mehmet Dilbaz, \u201cKaybolan Tarihin Pe\u015finde\u201d ismini verdi\u011fi sosyal medya hesaplar\u0131yla milyonlar\u0131n tan\u0131d\u0131\u011f\u0131 bir isim. Bu platformda imparatorluk co\u011frafyas\u0131n\u0131n bilhassa son payitaht \u0130stanbul\u2019un zaman i\u00e7inde nas\u0131l bir<span class=\"excerpt-hellip\"> [\u2026]<\/span><\/p>\n","protected":false},"featured_media":0,"template":"","meta":{"_monsterinsights_skip_tracking":false,"_monsterinsights_sitenote_active":false,"_monsterinsights_sitenote_note":"","_monsterinsights_sitenote_category":0},"product_brand":[],"product_cat":[12370,12304],"product_tag":[],"class_list":{"0":"post-720934","1":"product","2":"type-product","3":"status-publish","5":"product_cat-arastirma-inceleme","6":"product_cat-tarih","7":"pa_cilt-ciltsiz","8":"pa_tur-kitap","9":"pa_yayinevi-timas-yayinlari","10":"pa_yazar-mehmet-dilbaz","12":"first","13":"instock","14":"sale","15":"shipping-taxable","16":"purchasable","17":"product-type-simple"},"_links":{"self":[{"href":"https:\/\/roveyayinevi.com.tr\/index.php\/wp-json\/wp\/v2\/product\/720934","targetHints":{"allow":["GET"]}}],"collection":[{"href":"https:\/\/roveyayinevi.com.tr\/index.php\/wp-json\/wp\/v2\/product"}],"about":[{"href":"https:\/\/roveyayinevi.com.tr\/index.php\/wp-json\/wp\/v2\/types\/product"}],"wp:attachment":[{"href":"https:\/\/roveyayinevi.com.tr\/index.php\/wp-json\/wp\/v2\/media?parent=720934"}],"wp:term":[{"taxonomy":"product_brand","embeddable":true,"href":"https:\/\/roveyayinevi.com.tr\/index.php\/wp-json\/wp\/v2\/product_brand?post=720934"},{"taxonomy":"product_cat","embeddable":true,"href":"https:\/\/roveyayinevi.com.tr\/index.php\/wp-json\/wp\/v2\/product_cat?post=720934"},{"taxonomy":"product_tag","embeddable":true,"href":"https:\/\/roveyayinevi.com.tr\/index.php\/wp-json\/wp\/v2\/product_tag?post=720934"}],"curies":[{"name":"wp","href":"https:\/\/api.w.org\/{rel}","templated":true}]}}