{"id":720933,"date":"2025-08-27T18:43:02","date_gmt":"2025-08-27T15:43:02","guid":{"rendered":"https:\/\/roveyayinevi.com.tr\/index.php\/urun\/leonardo-da-vinci-3\/"},"modified":"2026-04-16T02:28:47","modified_gmt":"2026-04-15T23:28:47","slug":"leonardo-da-vinci-3","status":"publish","type":"product","link":"https:\/\/roveyayinevi.com.tr\/index.php\/urun\/leonardo-da-vinci-3\/","title":{"rendered":"Leonardo Da Vinci"},"content":{"rendered":"<p>Gayrime\u015fru, e\u015fcinsel, vejetaryen, solak ve dinle aras\u0131 limoni: Leonardo da Vinci 15 ve 16. y\u00fczy\u0131l i\u00e7in zor bir karakterdi. Ama talep etti\u011fi ho\u015fg\u00f6r\u00fcn\u00fcn kar\u015f\u0131l\u0131\u011f\u0131n\u0131 misliyle verdi.Duda\u011f\u0131 hareket ettiren kaslar\u0131 g\u00f6rmek i\u00e7in kadavralar\u0131n y\u00fcz derilerini y\u00fczd\u00fc ve ard\u0131ndan d\u00fcnyan\u0131n en unutulmaz tebess\u00fcm\u00fcn\u00fc, Mona Lisa\u2019y\u0131 yaratt\u0131. I\u015f\u0131k \u0131\u015f\u0131nlar\u0131n\u0131n korneaya \u00e7arp\u0131\u015f\u0131n\u0131 g\u00f6zlemledi ve de\u011fi\u015fken perspektifler kullanarak Son Ak\u015fam Yeme\u011fi\u2019ni \u00e7izdi. Oyunbaz ve saplant\u0131l\u0131 bir tutkuyla anatomi, fosiller, ku\u015flar, kalp, u\u00e7an makineler, optik, botanik, jeoloji ve silahlar \u00fczerine \u00e7\u0131\u011f\u0131r a\u00e7\u0131c\u0131 \u00e7al\u0131\u015fmalar y\u00fcr\u00fcten Leonardo, be\u015feri ile temel bilimler aras\u0131ndaki \u00e7izgiyi a\u015farak sadece g\u00fcn\u00fcn Milano ve Floransa\u2019s\u0131n\u0131 b\u00fcy\u00fclemekle kalmad\u0131; onun yolu t\u00fcm d\u00fcnyada yarat\u0131c\u0131l\u0131k ve yenilik\u00e7ili\u011fin yolu oldu.Steve Jobs ve Einstein biyografilerinin yazar\u0131 Walter Isaacson, insanl\u0131k dedi\u011fimiz b\u00fcy\u00fck ailemizin belki de en s\u0131ra d\u0131\u015f\u0131 ferdinin hayat\u0131 \u00fczerinden, d\u00fcnyaya tutkulu bir hayretle yakla\u015fman\u0131n ya\u015fam\u0131 nas\u0131l zenginle\u015ftirebilece\u011fini g\u00f6steriyor.\u201cMuhte\u015fem\u2026 Isaacson yine karma\u015f\u0131k, dev bir karakteri ele alarak onu yak\u0131nl\u0131k kurabilece\u011fimiz birine d\u00f6n\u00fc\u015ft\u00fcr\u00fcyor\u2026 Ba\u015ftan sona b\u00fcy\u00fcleyici, ustaca ve tutku dolu.\u201d KIRKUS REVIEWS \u201cIsaacson, Leonardo\u2019nun \u00e7eli\u015fkilerini kullanarak ona insaniyet ve derinlik kazand\u0131r\u0131yor.\u201d NEW YORK TIMES&#8221;Y\u0131llar i\u00e7inde Leonardo hakk\u0131nda \u00e7ok \u015fey okudum fakat onun ya\u015fam\u0131 ve \u00e7al\u0131\u015fmalar\u0131n\u0131n farkl\u0131 y\u00f6nlerini tatmin edici \u015fekilde ele alan hi\u00e7bir kitapla kar\u015f\u0131la\u015fmam\u0131\u015ft\u0131m&#8230; Bu kitap onu t\u00fcm insani y\u00f6nleriyle g\u00f6rmenize ve onun ne kadar \u00f6zel biri oldu\u011funu anlam\u0131m\u0131za, Leonardo hakk\u0131nda okudu\u011fum di\u011fer t\u00fcm kitaplardan daha \u00e7ok yard\u0131mc\u0131 oluyor.&#8221; BILL GATES<\/p>\n","protected":false},"excerpt":{"rendered":"<p>Gayrime\u015fru, e\u015fcinsel, vejetaryen, solak ve dinle aras\u0131 limoni: Leonardo da Vinci 15 ve 16. y\u00fczy\u0131l i\u00e7in zor bir karakterdi. Ama talep etti\u011fi ho\u015fg\u00f6r\u00fcn\u00fcn kar\u015f\u0131l\u0131\u011f\u0131n\u0131 misliyle verdi.Duda\u011f\u0131<span class=\"excerpt-hellip\"> [\u2026]<\/span><\/p>\n","protected":false},"featured_media":0,"template":"","meta":{"_monsterinsights_skip_tracking":false,"_monsterinsights_sitenote_active":false,"_monsterinsights_sitenote_note":"","_monsterinsights_sitenote_category":0},"product_brand":[],"product_cat":[14009,12291],"product_tag":[],"class_list":{"0":"post-720933","1":"product","2":"type-product","3":"status-publish","5":"product_cat-biyografi-otobiyografi-edebiyat","6":"product_cat-edebiyat","7":"pa_cilt-ciltsiz","8":"pa_tur-kitap","9":"pa_yayinevi-domingo-yayinevi","10":"pa_yazar-walter-isaacson","12":"first","13":"instock","14":"sale","15":"shipping-taxable","16":"purchasable","17":"product-type-simple"},"_links":{"self":[{"href":"https:\/\/roveyayinevi.com.tr\/index.php\/wp-json\/wp\/v2\/product\/720933","targetHints":{"allow":["GET"]}}],"collection":[{"href":"https:\/\/roveyayinevi.com.tr\/index.php\/wp-json\/wp\/v2\/product"}],"about":[{"href":"https:\/\/roveyayinevi.com.tr\/index.php\/wp-json\/wp\/v2\/types\/product"}],"wp:attachment":[{"href":"https:\/\/roveyayinevi.com.tr\/index.php\/wp-json\/wp\/v2\/media?parent=720933"}],"wp:term":[{"taxonomy":"product_brand","embeddable":true,"href":"https:\/\/roveyayinevi.com.tr\/index.php\/wp-json\/wp\/v2\/product_brand?post=720933"},{"taxonomy":"product_cat","embeddable":true,"href":"https:\/\/roveyayinevi.com.tr\/index.php\/wp-json\/wp\/v2\/product_cat?post=720933"},{"taxonomy":"product_tag","embeddable":true,"href":"https:\/\/roveyayinevi.com.tr\/index.php\/wp-json\/wp\/v2\/product_tag?post=720933"}],"curies":[{"name":"wp","href":"https:\/\/api.w.org\/{rel}","templated":true}]}}