{"id":720927,"date":"2025-08-27T18:42:57","date_gmt":"2025-08-27T15:42:57","guid":{"rendered":"https:\/\/roveyayinevi.com.tr\/index.php\/urun\/issiz-evin-kedisi\/"},"modified":"2026-04-16T02:28:47","modified_gmt":"2026-04-15T23:28:47","slug":"issiz-evin-kedisi","status":"publish","type":"product","link":"https:\/\/roveyayinevi.com.tr\/index.php\/urun\/issiz-evin-kedisi\/","title":{"rendered":"Iss\u0131z Evin Kedisi"},"content":{"rendered":"<p>\u0130ntikam ate\u015fiyle kararan kalpler, kendileriyle beraber etraflar\u0131n\u0131 da siyaha boyarken yak\u0131p y\u0131kt\u0131\u011f\u0131 g\u00f6n\u00fclleri umursamaz. Ancak sevgi \u00f6yle bir g\u00fc\u00e7t\u00fcr ki yol arar, imk\u00e2n arar ve \u0131\u015f\u0131\u011fa, ayd\u0131nl\u0131\u011fa do\u011fru b\u00fcy\u00fcmeye devam eder.Evlilik hayalleri kuran Berinay, tertemiz duygular\u0131n\u0131n bir intikam ate\u015fine kurban edildi\u011fini \u00f6\u011frendi\u011finde t\u00fcm d\u00fcnyas\u0131 y\u0131k\u0131l\u0131r. Y\u0131llar sonra ba\u015fka biriyle evlenip anne oldu\u011funda, kin g\u00fctt\u00fc\u011f\u00fc o ailenin k\u0131z\u0131 ile kendi o\u011flunu bu k\u0131r\u0131k hik\u00e2yenin kahramanlar\u0131 yapmaya karar verir. Berinay\u2019\u0131n kar\u015f\u0131s\u0131nda iki yol vard\u0131r art\u0131k: ya intikam hissine teslim olup iki masum hayat\u0131 da beraberinde s\u00fcr\u00fckleyecek ya da ge\u00e7mi\u015fin ac\u0131 hat\u0131ralar\u0131n\u0131 orada b\u0131rak\u0131p yoluna devam edecektir.Peki bamba\u015fka yollardan gelip k\u0131r\u0131k bir hik\u00e2yenin ba\u015fkahramanlar\u0131 olan Belg\u00fczar ve Saltuk Bu\u011fra, bu intikam d\u00f6ng\u00fcs\u00fc kar\u015f\u0131s\u0131nda nas\u0131l bir hayat duru\u015fu sergileyecektir?Ahmed G\u00fcnbay Y\u0131ld\u0131z, hayat\u0131n en ince noktalar\u0131ndan insan hik\u00e2yeleriyle okurlar\u0131na rehber olmaya devam ediyor.<\/p>\n","protected":false},"excerpt":{"rendered":"<p>\u0130ntikam ate\u015fiyle kararan kalpler, kendileriyle beraber etraflar\u0131n\u0131 da siyaha boyarken yak\u0131p y\u0131kt\u0131\u011f\u0131 g\u00f6n\u00fclleri umursamaz. Ancak sevgi \u00f6yle bir g\u00fc\u00e7t\u00fcr ki yol arar, imk\u00e2n arar ve \u0131\u015f\u0131\u011fa,<span class=\"excerpt-hellip\"> [\u2026]<\/span><\/p>\n","protected":false},"featured_media":0,"template":"","meta":{"_monsterinsights_skip_tracking":false,"_monsterinsights_sitenote_active":false,"_monsterinsights_sitenote_note":"","_monsterinsights_sitenote_category":0},"product_brand":[],"product_cat":[12291,12711],"product_tag":[],"class_list":{"0":"post-720927","1":"product","2":"type-product","3":"status-publish","5":"product_cat-edebiyat","6":"product_cat-roman-oyku","7":"pa_cilt-ciltsiz","8":"pa_tur-kitap","9":"pa_yayinevi-timas-yayinlari","10":"pa_yazar-ahmed-gunbay-yildiz","12":"first","13":"instock","14":"sale","15":"shipping-taxable","16":"purchasable","17":"product-type-simple"},"_links":{"self":[{"href":"https:\/\/roveyayinevi.com.tr\/index.php\/wp-json\/wp\/v2\/product\/720927","targetHints":{"allow":["GET"]}}],"collection":[{"href":"https:\/\/roveyayinevi.com.tr\/index.php\/wp-json\/wp\/v2\/product"}],"about":[{"href":"https:\/\/roveyayinevi.com.tr\/index.php\/wp-json\/wp\/v2\/types\/product"}],"wp:attachment":[{"href":"https:\/\/roveyayinevi.com.tr\/index.php\/wp-json\/wp\/v2\/media?parent=720927"}],"wp:term":[{"taxonomy":"product_brand","embeddable":true,"href":"https:\/\/roveyayinevi.com.tr\/index.php\/wp-json\/wp\/v2\/product_brand?post=720927"},{"taxonomy":"product_cat","embeddable":true,"href":"https:\/\/roveyayinevi.com.tr\/index.php\/wp-json\/wp\/v2\/product_cat?post=720927"},{"taxonomy":"product_tag","embeddable":true,"href":"https:\/\/roveyayinevi.com.tr\/index.php\/wp-json\/wp\/v2\/product_tag?post=720927"}],"curies":[{"name":"wp","href":"https:\/\/api.w.org\/{rel}","templated":true}]}}