{"id":720926,"date":"2025-08-27T18:42:56","date_gmt":"2025-08-27T15:42:56","guid":{"rendered":"https:\/\/roveyayinevi.com.tr\/index.php\/urun\/ruyamsin\/"},"modified":"2026-04-08T02:36:17","modified_gmt":"2026-04-07T23:36:17","slug":"ruyamsin","status":"publish","type":"product","link":"https:\/\/roveyayinevi.com.tr\/index.php\/urun\/ruyamsin\/","title":{"rendered":"R\u00fcyams\u0131n"},"content":{"rendered":"<p>A\u015fk m\u0131 tesad\u00fcfleri sever, yoksa tesad\u00fcfler mi a\u015fk\u0131?   Normal \u015fartlarda bir araya gelmesi, hele ki \u00e2\u015f\u0131k olmas\u0131 imk\u00e2ns\u0131z iki insand\u0131 onlar; tuhaf ama g\u00fczel bir rastlant\u0131 olmasa! Ba\u015fka kimliklere b\u00fcr\u00fcnd\u00fckleri, b\u00fcy\u00fcl\u00fc ve ola\u011fan\u00fcst\u00fc bir gece\u2026 Ve kocaman bir yanl\u0131\u015f anla\u015f\u0131lman\u0131n ortas\u0131na d\u00fc\u015fen ak\u0131l almaz bir a\u015fk!   R\u00fcya; ge\u00e7mi\u015fi ac\u0131larla dolu, karde\u015fine annelik ederken tek ba\u015f\u0131na g\u00fc\u00e7l\u00fc durmaya \u00e7al\u0131\u015fan bir kad\u0131n\u2026 Ad\u0131 gibi g\u00fczelli\u011fi ilehayaller kurduran!   Ve Ali Tekin; i\u015f d\u00fcnyas\u0131n\u0131n vazge\u00e7ilmez ismi, sosyal ortamlar\u0131nvazge\u00e7ilemeyen adam\u0131,duygusal ili\u015fkilerin dokunulamayan\u0131\u2026Kad\u0131nlar\u0131n g\u00f6zdesi!   Ger\u00e7ek kimlikleri ile tekrar kar\u015f\u0131la\u015fsalar neler ya\u015fan\u0131rd\u0131? Bir gece, bir \u00f6mre bedel olur muydu? Yoksa t\u00fcm ezberler kald\u0131\u011f\u0131 yerden devam m\u0131 ederdi?   Yalanlar, sonsuza uzanan bir a\u015fk\u0131n engeli mi yoksaba\u015flang\u0131c\u0131 m\u0131 olurdu? <\/p>\n","protected":false},"excerpt":{"rendered":"<p>A\u015fk m\u0131 tesad\u00fcfleri sever, yoksa tesad\u00fcfler mi a\u015fk\u0131? Normal \u015fartlarda bir araya gelmesi, hele ki \u00e2\u015f\u0131k olmas\u0131 imk\u00e2ns\u0131z iki insand\u0131 onlar; tuhaf ama g\u00fczel bir rastlant\u0131<span class=\"excerpt-hellip\"> [\u2026]<\/span><\/p>\n","protected":false},"featured_media":0,"template":"","meta":{"_monsterinsights_skip_tracking":false,"_monsterinsights_sitenote_active":false,"_monsterinsights_sitenote_note":"","_monsterinsights_sitenote_category":0},"product_brand":[],"product_cat":[12291,12711],"product_tag":[],"class_list":{"0":"post-720926","1":"product","2":"type-product","3":"status-publish","5":"product_cat-edebiyat","6":"product_cat-roman-oyku","7":"pa_cilt-ciltsiz","8":"pa_tur-kitap","9":"pa_yayinevi-epsilon-yayinlari","10":"pa_yazar-mira-yelkenci","12":"first","13":"instock","14":"sale","15":"shipping-taxable","16":"purchasable","17":"product-type-simple"},"_links":{"self":[{"href":"https:\/\/roveyayinevi.com.tr\/index.php\/wp-json\/wp\/v2\/product\/720926","targetHints":{"allow":["GET"]}}],"collection":[{"href":"https:\/\/roveyayinevi.com.tr\/index.php\/wp-json\/wp\/v2\/product"}],"about":[{"href":"https:\/\/roveyayinevi.com.tr\/index.php\/wp-json\/wp\/v2\/types\/product"}],"wp:attachment":[{"href":"https:\/\/roveyayinevi.com.tr\/index.php\/wp-json\/wp\/v2\/media?parent=720926"}],"wp:term":[{"taxonomy":"product_brand","embeddable":true,"href":"https:\/\/roveyayinevi.com.tr\/index.php\/wp-json\/wp\/v2\/product_brand?post=720926"},{"taxonomy":"product_cat","embeddable":true,"href":"https:\/\/roveyayinevi.com.tr\/index.php\/wp-json\/wp\/v2\/product_cat?post=720926"},{"taxonomy":"product_tag","embeddable":true,"href":"https:\/\/roveyayinevi.com.tr\/index.php\/wp-json\/wp\/v2\/product_tag?post=720926"}],"curies":[{"name":"wp","href":"https:\/\/api.w.org\/{rel}","templated":true}]}}