{"id":720925,"date":"2025-08-27T18:42:55","date_gmt":"2025-08-27T15:42:55","guid":{"rendered":"https:\/\/roveyayinevi.com.tr\/index.php\/urun\/harflerin-ilmi\/"},"modified":"2026-02-27T02:32:39","modified_gmt":"2026-02-26T23:32:39","slug":"harflerin-ilmi","status":"publish","type":"product","link":"https:\/\/roveyayinevi.com.tr\/index.php\/urun\/harflerin-ilmi\/","title":{"rendered":"Harflerin \u0130lmi"},"content":{"rendered":"<p>\u201cE\u011fer biz bu harflerin s\u0131rlar\u0131 ve onlar\u0131n hakikatlerinin iktiza etti\u011fi \u015feyler hakk\u0131nda a\u00e7\u0131k\u00e7a s\u00f6z etseydik, o zaman sa\u011f el yorulurdu; kalem k\u00f6relirdi ve m\u00fcrekkep kurur t\u00fckenirdi; ka\u011f\u0131tlar, k\u0131rtasiyeler ve levhalar i\u015flenmi\u015f ince deri bile olsalard\u0131, o s\u0131rlar\u0131 gene de ihtiva edemezlerdi, ta\u015f\u0131yamazlard\u0131. Hi\u00e7 ku\u015fkusuz bunlar Allah Teal\u00e2\u2019n\u0131n s\u00f6ylemi\u015f oldu\u011fu kelimelerden ve s\u00f6zlerdendir. Bu kelimeler \u00fczerinde dikkatini yo\u011funla\u015ft\u0131ran ve bunlar\u0131n anlamlar\u0131n\u0131 ke\u015ffeden kimse i\u00e7in burada bir s\u0131r ve harika bir i\u015faret vard\u0131r. E\u011fer kul haz\u0131rlan\u0131rsa, uygun ortam\u0131 kendine haz\u0131rlarsa, kalbinin aynas\u0131n\u0131 p\u0131r\u0131l p\u0131r\u0131l temizlerse ve cilalarsa, i\u015fte ancak o zaman devaml\u0131 olarak ilahi ba\u011f\u0131\u015fa kavu\u015fur. O zaman \u00e7ok uzun bir zamanda kaydedilmesi m\u00fcmk\u00fcn olmayan \u015feyleri bir anda kabul eder. \u0130\u015fte bu nedenle, Hz. Peygamber aleyhisselam, O\u2019ndan ilmini art\u0131rmas\u0131n\u0131 istemi\u015ftir. Ve hi\u00e7bir kimsenin eri\u015femedi\u011fi, ula\u015famad\u0131\u011f\u0131 ilimlere ve s\u0131rlara eri\u015fmi\u015ftir.\u201d <\/p>\n","protected":false},"excerpt":{"rendered":"<p>\u201cE\u011fer biz bu harflerin s\u0131rlar\u0131 ve onlar\u0131n hakikatlerinin iktiza etti\u011fi \u015feyler hakk\u0131nda a\u00e7\u0131k\u00e7a s\u00f6z etseydik, o zaman sa\u011f el yorulurdu; kalem k\u00f6relirdi ve m\u00fcrekkep kurur t\u00fckenirdi;<span class=\"excerpt-hellip\"> [\u2026]<\/span><\/p>\n","protected":false},"featured_media":0,"template":"","meta":{"_monsterinsights_skip_tracking":false,"_monsterinsights_sitenote_active":false,"_monsterinsights_sitenote_note":"","_monsterinsights_sitenote_category":0},"product_brand":[],"product_cat":[12718,12719,45552],"product_tag":[],"class_list":{"0":"post-720925","1":"product","2":"type-product","3":"status-publish","5":"product_cat-din","6":"product_cat-islam","7":"product_cat-meal-tefsir-hadis","8":"pa_cilt-ciltsiz","9":"pa_tur-kitap","10":"pa_yayinevi-insan-yayinlari","11":"pa_yazar-muhyiddin-ibn-arabi","13":"first","14":"instock","15":"sale","16":"shipping-taxable","17":"purchasable","18":"product-type-simple"},"_links":{"self":[{"href":"https:\/\/roveyayinevi.com.tr\/index.php\/wp-json\/wp\/v2\/product\/720925","targetHints":{"allow":["GET"]}}],"collection":[{"href":"https:\/\/roveyayinevi.com.tr\/index.php\/wp-json\/wp\/v2\/product"}],"about":[{"href":"https:\/\/roveyayinevi.com.tr\/index.php\/wp-json\/wp\/v2\/types\/product"}],"wp:attachment":[{"href":"https:\/\/roveyayinevi.com.tr\/index.php\/wp-json\/wp\/v2\/media?parent=720925"}],"wp:term":[{"taxonomy":"product_brand","embeddable":true,"href":"https:\/\/roveyayinevi.com.tr\/index.php\/wp-json\/wp\/v2\/product_brand?post=720925"},{"taxonomy":"product_cat","embeddable":true,"href":"https:\/\/roveyayinevi.com.tr\/index.php\/wp-json\/wp\/v2\/product_cat?post=720925"},{"taxonomy":"product_tag","embeddable":true,"href":"https:\/\/roveyayinevi.com.tr\/index.php\/wp-json\/wp\/v2\/product_tag?post=720925"}],"curies":[{"name":"wp","href":"https:\/\/api.w.org\/{rel}","templated":true}]}}