{"id":720923,"date":"2025-08-27T18:42:54","date_gmt":"2025-08-27T15:42:54","guid":{"rendered":"https:\/\/roveyayinevi.com.tr\/index.php\/urun\/agacin-hafizasi\/"},"modified":"2026-04-16T02:28:47","modified_gmt":"2026-04-15T23:28:47","slug":"agacin-hafizasi","status":"publish","type":"product","link":"https:\/\/roveyayinevi.com.tr\/index.php\/urun\/agacin-hafizasi\/","title":{"rendered":"A\u011fac\u0131n Haf\u0131zas\u0131"},"content":{"rendered":"<p>Nedenini bilmese de Jan, anneannesi ve dedesinin art\u0131k onlarla ya\u015fayaca\u011f\u0131n\u0131n iyi haber olmad\u0131\u011f\u0131n\u0131 sezer. Dedesi Joan ile anneannesi Caterina, ya\u015fad\u0131klar\u0131 Vilaverd k\u00f6y\u00fcnden ayr\u0131larak Barselona\u2019ya, Jan ve ailesinin yan\u0131na ta\u015f\u0131n\u0131rlar. Ve bu durum, evdeki g\u00fcndelik ya\u015fam\u0131 tamamen de\u011fi\u015ftirir. Art\u0131k s\u00f6zc\u00fcklerin de, sessizliklerin de yeni anlamlar\u0131 olacakt\u0131r. Fakat Jan ve dedesinin a\u011fa\u00e7lar, g\u00f6r\u00fcnd\u00fc\u011f\u00fcnden farkl\u0131 anlamlar ta\u015f\u0131yan s\u00f6zc\u00fckler ve uzun y\u00fcr\u00fcy\u00fc\u015flerle bezeli apayr\u0131 bir d\u00fcnyalar\u0131 vard\u0131r. Dedesi Joan\u2019\u0131n zamanla silikle\u015fen an\u0131lar\u0131 torunu Jan\u2019a emanettir art\u0131k.A\u011fac\u0131n Haf\u0131zas\u0131, bir \u00e7ocu\u011fun dedesine bak\u0131nca g\u00f6rd\u00fc\u011f\u00fc ola\u011fan\u00fcst\u00fc insan hakk\u0131nda dokunakl\u0131 ve \u015fefkatli bir roman.<\/p>\n","protected":false},"excerpt":{"rendered":"<p>Nedenini bilmese de Jan, anneannesi ve dedesinin art\u0131k onlarla ya\u015fayaca\u011f\u0131n\u0131n iyi haber olmad\u0131\u011f\u0131n\u0131 sezer. Dedesi Joan ile anneannesi Caterina, ya\u015fad\u0131klar\u0131 Vilaverd k\u00f6y\u00fcnden ayr\u0131larak Barselona\u2019ya, Jan ve<span class=\"excerpt-hellip\"> [\u2026]<\/span><\/p>\n","protected":false},"featured_media":0,"template":"","meta":{"_monsterinsights_skip_tracking":false,"_monsterinsights_sitenote_active":false,"_monsterinsights_sitenote_note":"","_monsterinsights_sitenote_category":0},"product_brand":[],"product_cat":[12274,12284],"product_tag":[],"class_list":{"0":"post-720923","1":"product","2":"type-product","3":"status-publish","5":"product_cat-cocuk-ve-genclik-kitaplari","6":"product_cat-hikayeler","7":"pa_cilt-ciltsiz","8":"pa_tur-kitap","9":"pa_yayinevi-can-cocuk-yayinlari","10":"pa_yazar-tina-valles","12":"first","13":"instock","14":"sale","15":"shipping-taxable","16":"purchasable","17":"product-type-simple"},"_links":{"self":[{"href":"https:\/\/roveyayinevi.com.tr\/index.php\/wp-json\/wp\/v2\/product\/720923","targetHints":{"allow":["GET"]}}],"collection":[{"href":"https:\/\/roveyayinevi.com.tr\/index.php\/wp-json\/wp\/v2\/product"}],"about":[{"href":"https:\/\/roveyayinevi.com.tr\/index.php\/wp-json\/wp\/v2\/types\/product"}],"wp:attachment":[{"href":"https:\/\/roveyayinevi.com.tr\/index.php\/wp-json\/wp\/v2\/media?parent=720923"}],"wp:term":[{"taxonomy":"product_brand","embeddable":true,"href":"https:\/\/roveyayinevi.com.tr\/index.php\/wp-json\/wp\/v2\/product_brand?post=720923"},{"taxonomy":"product_cat","embeddable":true,"href":"https:\/\/roveyayinevi.com.tr\/index.php\/wp-json\/wp\/v2\/product_cat?post=720923"},{"taxonomy":"product_tag","embeddable":true,"href":"https:\/\/roveyayinevi.com.tr\/index.php\/wp-json\/wp\/v2\/product_tag?post=720923"}],"curies":[{"name":"wp","href":"https:\/\/api.w.org\/{rel}","templated":true}]}}