{"id":720921,"date":"2025-08-27T18:42:52","date_gmt":"2025-08-27T15:42:52","guid":{"rendered":"https:\/\/roveyayinevi.com.tr\/index.php\/urun\/bagimsizlik-savasinda-38-alayla-samsundan-izmire\/"},"modified":"2026-04-16T02:28:47","modified_gmt":"2026-04-15T23:28:47","slug":"bagimsizlik-savasinda-38-alayla-samsundan-izmire","status":"publish","type":"product","link":"https:\/\/roveyayinevi.com.tr\/index.php\/urun\/bagimsizlik-savasinda-38-alayla-samsundan-izmire\/","title":{"rendered":"Ba\u011f\u0131ms\u0131zl\u0131k Sava\u015f\u0131&#8217;nda 38. Alayla Samsun&#8217;dan \u0130zmir&#8217;e"},"content":{"rendered":"<p>Elinizdeki kitap, unutturulmak istenen, dahas\u0131 yalanlar ve uydurmalarla karalanmak istenen bir tarihsel ger\u00e7ekli\u011fin birebir anlat\u0131md\u0131r.Tozlu raflardan \u00e7ekip \u00e7\u0131kard\u0131\u011f\u0131m\u0131z, \u0130stanbul Askeri Matbaas\u0131&#8217;nda 1941&#8217;de bas\u0131lm\u0131\u015f ve \u00fcst\u00fcnde &#8220;121 Say\u0131l\u0131 Askeri Mecmua lahikas\u0131d\u0131r&#8221;(121 Say\u0131l\u0131 Askeri Dergi ekidir) yaz\u0131l\u0131 bu kitap, emperyalizmin b\u00fcy\u00fck burnunu s\u00fcrterek, d\u00fcnyan\u0131n t\u00fcm ezilen uluslar\u0131na \u00f6rnek olan Ulusal Kurtulu\u015f Sava\u015f\u0131&#8217;m\u0131z\u0131n hangi ko\u015fullarda verildi\u011finin, halk ordusunun i\u00e7inde i\u015fgalcilere kar\u015f\u0131 g\u00f6\u011f\u00fcs g\u00f6\u011f\u00fcse \u00e7arp\u0131\u015fan bir yedek te\u011fmenin kaleminden g\u00fcnbeg\u00fcn aktar\u0131m\u0131d\u0131r.Aya\u011f\u0131nda \u00e7ar\u0131kla Samsun&#8217;dan \u0130zmir&#8217;e de\u011fin y\u00fcr\u00fcy\u00fcp bu \u00fclkeyi kurtaran Yedek Te\u011fmen A. \u015eevket&#8217;in bug\u00fcn \u015fehit d\u00fc\u015ft\u00fc\u011f\u00fc yerde, \u00c7alda\u011f\u0131 eteklerinde yatan er Mehmet&#8217;in, daha k\u00fcnyesi b\u00f6l\u00fck defterine kaydedilemeden topra\u011fa d\u00fc\u015fen yedek subay Raci&#8217;nin \u00f6yk\u00fcleri, 23 Nisan gibi, 19 May\u0131s gibi, 29 Ekim gibi bayram olmaktan \u00e7\u0131kar\u0131lmaya \u00e7abalanan 30 A\u011fustos&#8217;un zafer u\u011fultusunu yeniden ta\u015f\u0131yor g\u00fcn\u00fcm\u00fcze&#8230;A. \u015eevket&#8217;in g\u00fcncesi, bu ulusun y\u00fcre\u011finde yanan ba\u011f\u0131ms\u0131zl\u0131k ate\u015finin s\u00f6nmez, silinmez \u0130stikl\u00e2l Madalyas\u0131&#8217;d\u0131r!<\/p>\n","protected":false},"excerpt":{"rendered":"<p>Elinizdeki kitap, unutturulmak istenen, dahas\u0131 yalanlar ve uydurmalarla karalanmak istenen bir tarihsel ger\u00e7ekli\u011fin birebir anlat\u0131md\u0131r.Tozlu raflardan \u00e7ekip \u00e7\u0131kard\u0131\u011f\u0131m\u0131z, \u0130stanbul Askeri Matbaas\u0131&#8217;nda 1941&#8217;de bas\u0131lm\u0131\u015f ve \u00fcst\u00fcnde &#8220;121<span class=\"excerpt-hellip\"> [\u2026]<\/span><\/p>\n","protected":false},"featured_media":0,"template":"","meta":{"_monsterinsights_skip_tracking":false,"_monsterinsights_sitenote_active":false,"_monsterinsights_sitenote_note":"","_monsterinsights_sitenote_category":0},"product_brand":[],"product_cat":[13701,12291],"product_tag":[],"class_list":{"0":"post-720921","1":"product","2":"type-product","3":"status-publish","5":"product_cat-ani-mektup-gunluk","6":"product_cat-edebiyat","7":"pa_cilt-ciltsiz","8":"pa_tur-kitap","9":"pa_yayinevi-cumhuriyet-kitaplari","10":"pa_yazar-a-sevket","12":"first","13":"instock","14":"sale","15":"shipping-taxable","16":"purchasable","17":"product-type-simple"},"_links":{"self":[{"href":"https:\/\/roveyayinevi.com.tr\/index.php\/wp-json\/wp\/v2\/product\/720921","targetHints":{"allow":["GET"]}}],"collection":[{"href":"https:\/\/roveyayinevi.com.tr\/index.php\/wp-json\/wp\/v2\/product"}],"about":[{"href":"https:\/\/roveyayinevi.com.tr\/index.php\/wp-json\/wp\/v2\/types\/product"}],"wp:attachment":[{"href":"https:\/\/roveyayinevi.com.tr\/index.php\/wp-json\/wp\/v2\/media?parent=720921"}],"wp:term":[{"taxonomy":"product_brand","embeddable":true,"href":"https:\/\/roveyayinevi.com.tr\/index.php\/wp-json\/wp\/v2\/product_brand?post=720921"},{"taxonomy":"product_cat","embeddable":true,"href":"https:\/\/roveyayinevi.com.tr\/index.php\/wp-json\/wp\/v2\/product_cat?post=720921"},{"taxonomy":"product_tag","embeddable":true,"href":"https:\/\/roveyayinevi.com.tr\/index.php\/wp-json\/wp\/v2\/product_tag?post=720921"}],"curies":[{"name":"wp","href":"https:\/\/api.w.org\/{rel}","templated":true}]}}