{"id":720917,"date":"2025-08-27T18:42:50","date_gmt":"2025-08-27T15:42:50","guid":{"rendered":"https:\/\/roveyayinevi.com.tr\/index.php\/urun\/sanati-elestirmek\/"},"modified":"2026-03-12T02:38:00","modified_gmt":"2026-03-11T23:38:00","slug":"sanati-elestirmek","status":"publish","type":"product","link":"https:\/\/roveyayinevi.com.tr\/index.php\/urun\/sanati-elestirmek\/","title":{"rendered":"Sanat\u0131 Ele\u015ftirmek"},"content":{"rendered":"<p>Sanat\u0131 ele\u015ftirmek: G\u00fcnceli Anlamak isimli bu kitap okuyucular\u0131 g\u00fcncel sanat\u0131n d\u00fcnyas\u0131na g\u00f6t\u00fcrmekle kalmay\u0131p onlara sanat hakk\u0131nda nas\u0131l d\u00fc\u015f\u00fcn\u00fclece\u011fini, yaz\u0131laca\u011f\u0131n\u0131 ve konu\u015fulaca\u011f\u0131n\u0131 da g\u00f6steriyor. Elinizdeki bu \u00e7al\u0131\u015fmada, sanat ele\u015ftirisinin b\u00fct\u00fcn prensipleri sunulmu\u015f ve Amerikan sanat\u0131n\u0131n g\u00fcncel bi\u00e7imlerine uygulanm\u0131\u015ft\u0131r. Ayr\u0131ca bu kitap; sanat ve sanat tarihi \u00f6\u011frencilerine betimleme, yorumlama, yarg\u0131da bulunma ve kuramsalla\u015ft\u0131rma faaliyetleri arac\u0131l\u0131\u011f\u0131yla g\u00fcncel sanat\u0131 ele\u015ftirel a\u00e7\u0131dan ele almalar\u0131n\u0131 sa\u011flayacak eksiksiz bir \u00e7er\u00e7eve sunmaktad\u0131r. Daha \u00f6nce yay\u0131nevimizden Foto\u011fraf\u0131 Ele\u015ftirmek: \u0130mgeleri Anlamaya Giri\u015f isimli kitab\u0131 yay\u0131mlanan Terry Barrett, halen University of North Texas\u2019ta sanat ve sanat tarihi e\u011fitimi vermektedir. Ohio State University\u2019den fahri profes\u00f6rl\u00fck \u00fcnvan\u0131 ta\u015f\u0131makta olan yazar, bu alanda yapt\u0131\u011f\u0131 \u00e7al\u0131\u015fmalarla pek \u00e7ok \u00f6d\u00fcle de lay\u0131k g\u00f6r\u00fclm\u00fc\u015ft\u00fcr.<\/p>\n","protected":false},"excerpt":{"rendered":"<p>Sanat\u0131 ele\u015ftirmek: G\u00fcnceli Anlamak isimli bu kitap okuyucular\u0131 g\u00fcncel sanat\u0131n d\u00fcnyas\u0131na g\u00f6t\u00fcrmekle kalmay\u0131p onlara sanat hakk\u0131nda nas\u0131l d\u00fc\u015f\u00fcn\u00fclece\u011fini, yaz\u0131laca\u011f\u0131n\u0131 ve konu\u015fulaca\u011f\u0131n\u0131 da g\u00f6steriyor. Elinizdeki bu \u00e7al\u0131\u015fmada,<span class=\"excerpt-hellip\"> [\u2026]<\/span><\/p>\n","protected":false},"featured_media":0,"template":"","meta":{"_monsterinsights_skip_tracking":false,"_monsterinsights_sitenote_active":false,"_monsterinsights_sitenote_note":"","_monsterinsights_sitenote_category":0},"product_brand":[],"product_cat":[12408,14197],"product_tag":[],"class_list":{"0":"post-720917","1":"product","2":"type-product","3":"status-publish","5":"product_cat-sanat","6":"product_cat-sanat-tarihi","7":"pa_cilt-ciltsiz","8":"pa_tur-kitap","9":"pa_yayinevi-hayalperest-yayinlari","10":"pa_yazar-terry-barrett","12":"first","13":"instock","14":"sale","15":"shipping-taxable","16":"purchasable","17":"product-type-simple"},"_links":{"self":[{"href":"https:\/\/roveyayinevi.com.tr\/index.php\/wp-json\/wp\/v2\/product\/720917","targetHints":{"allow":["GET"]}}],"collection":[{"href":"https:\/\/roveyayinevi.com.tr\/index.php\/wp-json\/wp\/v2\/product"}],"about":[{"href":"https:\/\/roveyayinevi.com.tr\/index.php\/wp-json\/wp\/v2\/types\/product"}],"wp:attachment":[{"href":"https:\/\/roveyayinevi.com.tr\/index.php\/wp-json\/wp\/v2\/media?parent=720917"}],"wp:term":[{"taxonomy":"product_brand","embeddable":true,"href":"https:\/\/roveyayinevi.com.tr\/index.php\/wp-json\/wp\/v2\/product_brand?post=720917"},{"taxonomy":"product_cat","embeddable":true,"href":"https:\/\/roveyayinevi.com.tr\/index.php\/wp-json\/wp\/v2\/product_cat?post=720917"},{"taxonomy":"product_tag","embeddable":true,"href":"https:\/\/roveyayinevi.com.tr\/index.php\/wp-json\/wp\/v2\/product_tag?post=720917"}],"curies":[{"name":"wp","href":"https:\/\/api.w.org\/{rel}","templated":true}]}}