{"id":720913,"date":"2025-08-27T18:42:47","date_gmt":"2025-08-27T15:42:47","guid":{"rendered":"https:\/\/roveyayinevi.com.tr\/index.php\/urun\/bir-nehrin-kaybolmayan-akisi\/"},"modified":"2026-04-16T02:28:46","modified_gmt":"2026-04-15T23:28:46","slug":"bir-nehrin-kaybolmayan-akisi","status":"publish","type":"product","link":"https:\/\/roveyayinevi.com.tr\/index.php\/urun\/bir-nehrin-kaybolmayan-akisi\/","title":{"rendered":"Bir Nehrin Kaybolmayan Ak\u0131\u015f\u0131"},"content":{"rendered":"<p>Masallar\u0131n do\u011fas\u0131 korunabilir mi? Masallar yenilenebilir ve yeni bir masal edebiyat\u0131na d\u00f6n\u00fc\u015ft\u00fcr\u00fclebilir mi? Masallarda i\u015flev de\u011fi\u015fimi hangi ama\u00e7la ve ne zaman ba\u015flad\u0131? Masallar modernle\u015fme d\u00f6neminde nas\u0131l ara\u00e7salla\u015ft\u0131? Masallara yeni toplumsal i\u00e7eri\u011fin yans\u0131t\u0131lmas\u0131 ve politik s\u00f6ylemle masallar\u0131n yaz\u0131lmas\u0131 ne anlama gelmektedir? Masallar\u0131m\u0131z \u2018\u00e7ocu\u011fa g\u00f6relik\u2019 ve \u2018\u00e7ocuk ger\u00e7ekli\u011fi\u2019ne uygun olarak yaz\u0131labilmi\u015f midir? T\u00fcrk masal edebiyat\u0131 poetikas\u0131n\u0131n olu\u015fturulmas\u0131 hangi a\u015famalarda ger\u00e7ekle\u015febilir? T\u00fcrk masal\u0131n\u0131n yeniden dirili\u015fi nas\u0131l m\u00fcmk\u00fcn olabilir? Masala soru sorulamasa da masal hakk\u0131nda soraca\u011f\u0131m\u0131z sorular\u0131 \u00e7o\u011faltabiliriz. Mustafa Ruhi \u015eirin, Bir Nehrin Kaybolmayan Ak\u0131\u015f\u0131\/ T\u00fcrk Masal\u0131n\u0131n Yeniden Do\u011fu\u015fu\u2019nda bu sorular\u0131n cevab\u0131n\u0131 ararken \u015fu sonu\u00e7lara ula\u015f\u0131yor: T\u00fcrk masal\u0131n\u0131n kuramsal boyutunun tespiti gibi, masal gelene\u011finin temel karakteri ve k\u00fclt\u00fcrel bi\u00e7em \u00fczerinden yeniden do\u011fu\u015fu da b\u00fcy\u00fck sanatk\u00e2rlar taraf\u0131ndan ger\u00e7ekle\u015ftirilebilir ve masal poetikas\u0131 olu\u015fturulabilir. Bunun i\u00e7in k\u00fclt\u00fcr ve medeniyet co\u011frafyam\u0131z\u0131 kapsayacak, masal edebiyat\u0131 esteti\u011fine ve poetikas\u0131na ili\u015fkin k\u00f6kl\u00fc \u00e7al\u0131\u015fmalar\u0131n\u0131n yap\u0131lmas\u0131 gerekir.<\/p>\n","protected":false},"excerpt":{"rendered":"<p>Masallar\u0131n do\u011fas\u0131 korunabilir mi? Masallar yenilenebilir ve yeni bir masal edebiyat\u0131na d\u00f6n\u00fc\u015ft\u00fcr\u00fclebilir mi? Masallarda i\u015flev de\u011fi\u015fimi hangi ama\u00e7la ve ne zaman ba\u015flad\u0131? Masallar modernle\u015fme d\u00f6neminde nas\u0131l<span class=\"excerpt-hellip\"> [\u2026]<\/span><\/p>\n","protected":false},"featured_media":0,"template":"","meta":{"_monsterinsights_skip_tracking":false,"_monsterinsights_sitenote_active":false,"_monsterinsights_sitenote_note":"","_monsterinsights_sitenote_category":0},"product_brand":[],"product_cat":[12274,12523],"product_tag":[],"class_list":{"0":"post-720913","1":"product","2":"type-product","3":"status-publish","5":"product_cat-cocuk-ve-genclik-kitaplari","6":"product_cat-masallar","7":"pa_cilt-ciltsiz","8":"pa_tur-kitap","9":"pa_yayinevi-ucan-at","10":"pa_yazar-mustafa-ruhi-sirin","12":"first","13":"instock","14":"sale","15":"shipping-taxable","16":"purchasable","17":"product-type-simple"},"_links":{"self":[{"href":"https:\/\/roveyayinevi.com.tr\/index.php\/wp-json\/wp\/v2\/product\/720913","targetHints":{"allow":["GET"]}}],"collection":[{"href":"https:\/\/roveyayinevi.com.tr\/index.php\/wp-json\/wp\/v2\/product"}],"about":[{"href":"https:\/\/roveyayinevi.com.tr\/index.php\/wp-json\/wp\/v2\/types\/product"}],"wp:attachment":[{"href":"https:\/\/roveyayinevi.com.tr\/index.php\/wp-json\/wp\/v2\/media?parent=720913"}],"wp:term":[{"taxonomy":"product_brand","embeddable":true,"href":"https:\/\/roveyayinevi.com.tr\/index.php\/wp-json\/wp\/v2\/product_brand?post=720913"},{"taxonomy":"product_cat","embeddable":true,"href":"https:\/\/roveyayinevi.com.tr\/index.php\/wp-json\/wp\/v2\/product_cat?post=720913"},{"taxonomy":"product_tag","embeddable":true,"href":"https:\/\/roveyayinevi.com.tr\/index.php\/wp-json\/wp\/v2\/product_tag?post=720913"}],"curies":[{"name":"wp","href":"https:\/\/api.w.org\/{rel}","templated":true}]}}