{"id":720912,"date":"2025-08-27T18:42:46","date_gmt":"2025-08-27T15:42:46","guid":{"rendered":"https:\/\/roveyayinevi.com.tr\/index.php\/urun\/cagdas-siyasal-ideolojilerde\/"},"modified":"2026-04-16T02:28:46","modified_gmt":"2026-04-15T23:28:46","slug":"cagdas-siyasal-ideolojilerde","status":"publish","type":"product","link":"https:\/\/roveyayinevi.com.tr\/index.php\/urun\/cagdas-siyasal-ideolojilerde\/","title":{"rendered":"\u00c7a\u011fda\u015f Siyasal \u0130deolojiler\u2019de"},"content":{"rendered":"<p>Ansiklopedik tan\u0131m\u0131 itibariyle ideoloji, \u201cSiyasi veya toplumsal bir doktrin meydana getiren ve bir h\u00fck\u00fcmetin, bir partinin, bir sosyal s\u0131n\u0131f\u0131n vb. hareketlerine y\u00f6n veren d\u00fc\u015f\u00fcnce ve g\u00f6r\u00fc\u015fler sistemi\u201d \u015feklindedir. \u0130ngiliz solunun \u00fcnl\u00fc kalemi Hall, \u201c\u0130deoloji, sa\u011fduyuyu \u2018kendili\u011finden\u2019 ideolojik ve bilin\u00e7d\u0131\u015f\u0131 hale getirir. Nesnelerin niteli\u011fini sa\u011fduyuyla \u00f6\u011frenemezsiniz: Sadece varolanlar aras\u0131nda nereye uyabilece\u011fini anlayabilirsiniz. Onu, kendi \u00f6nc\u00fclleri ve varsay\u0131mlar\u0131n\u0131n g\u00f6r\u00fcn\u00fc\u015fteki saydaml\u0131\u011f\u0131 taraf\u0131ndan g\u00f6r\u00fcnmez k\u0131lan bir ortam olarak yap\u0131land\u0131ran \u015fey, bu garantiye al\u0131nm\u0131\u015f olma niteli\u011fidir\u201d a\u00e7\u0131klamas\u0131n\u0131 getirmektedir (DICK, 1998: 17). \u0130deolojiye d\u00f6n\u00fcld\u00fc\u011f\u00fcnde ele al\u0131nan kuram\u0131n bir temsil sistemi oldu\u011fu rahatl\u0131kla anla\u015f\u0131lacakt\u0131r. Althusser bu temsil bi\u00e7iminin bilin\u00e7le bir ilgisi olmad\u0131\u011f\u0131n\u0131 ve alg\u0131lan\u0131p kullan\u0131lan nesneler vas\u0131tas\u0131yla insanlar\u0131 fark\u0131nda olmad\u0131klar\u0131 bir s\u00fcre\u00e7 \u00e7er\u00e7evesinde etkiledi\u011fine inan\u0131r.Elinizdeki kitap, genelde \u201cfikirler demeti\u201d olarak anla\u015f\u0131lan ideoloji kavram\u0131n\u0131, farkl\u0131 boyutlar ekseninde tart\u0131\u015fmak i\u00e7in haz\u0131rlanm\u0131\u015ft\u0131r. \u00d6nce ideoloji \u2013 hegemonya \u2013 kar\u015f\u0131t hegemonya, tahakk\u00fcm \/ direni\u015f sistemlerinin a\u00e7\u0131kland\u0131\u011f\u0131 ilk iki k\u0131s\u0131mdan sonra, her siyasal ideolojiyi kendi \u00f6zg\u00fcn yakla\u015f\u0131m\u0131 i\u00e7erisinde irdelemektedir. S\u0131ras\u0131yla en eski ideoloji olma \u00f6zelli\u011fini ta\u015f\u0131yan liberalizmden ba\u015flayan eser, daha sonra muhafazakarl\u0131k \/ T\u00fcrk muhafazakarl\u0131\u011f\u0131, fa\u015fizm \/ Nasyonal Sosyalizm gibi b\u00f6l\u00fcmleri i\u00e7ererek, milliyet\u00e7ilik, sosyalizm \u2013 kom\u00fcnizm, sosyal demokrasi tart\u0131\u015fmalar\u0131na \u0131\u015f\u0131k tutuyor. Fa\u015fizm \u2013 milliyet\u00e7ilik tezleri ontolojik olarak birbirinden ayr\u0131ld\u0131\u011f\u0131 gibi sosyalizm \u2013 Avrupa Kom\u00fcnizmi ve Ortodoks Marxist kuram da en ince ayr\u0131nt\u0131s\u0131na dek evreleriyle birlikte tan\u0131mlan\u0131yor.Kemalizm\u2019in \u00f6zg\u00fcn bir \u201c\u00fc\u00e7\u00fcnc\u00fc yol\u201d ideolojisi \u015feklinde ele al\u0131nd\u0131\u011f\u0131 kitab\u0131n son k\u0131s\u0131mlar\u0131nda siyasal ideolojiler bahsinin g\u00fcncel konular\u0131n\u0131 olu\u015fturan, k\u00fcreselle\u015fme \u2013 kar\u015f\u0131t k\u00fcreselle\u015fme, \u00e7ok-k\u00fclt\u00fcrl\u00fcl\u00fck, etnisite \u2013 kimlik \u2013 ba\u011f\u0131ml\u0131l\u0131k paradigmalar\u0131 \u2013 \u00e7evreci hareketler \u2013 sanal a\u011f kaynakl\u0131 siyasal eylem kal\u0131plar\u0131 \u2013 LGBT topluluklar\u0131n\u0131n siyasal eylem ve davran\u0131\u015flar\u0131 \u2013 politik tutumlar\u0131 gibi \u00e7a\u011fc\u0131l konulara \u0131\u015f\u0131k tutuluyor. Bir ders kitab\u0131 olmas\u0131n\u0131n yan\u0131 s\u0131ra siyaset \u2013 ideoloji \u2013 siyasal \/ sosyal konumlar \u00fczerinde kafa yoranlar i\u00e7in el kitab\u0131 niteli\u011finde olma iddias\u0131ndaki \u201c\u00c7a\u011fda\u015f Siyasal \u0130deolojiler\u2019de Kuram \u2013 Y\u00f6ntem \u2013 G\u00fcncel Tart\u0131\u015fmalar\u201d\u0131 ilgiyle okuyacaks\u0131n\u0131z.<\/p>\n","protected":false},"excerpt":{"rendered":"<p>Ansiklopedik tan\u0131m\u0131 itibariyle ideoloji, \u201cSiyasi veya toplumsal bir doktrin meydana getiren ve bir h\u00fck\u00fcmetin, bir partinin, bir sosyal s\u0131n\u0131f\u0131n vb. hareketlerine y\u00f6n veren d\u00fc\u015f\u00fcnce ve g\u00f6r\u00fc\u015fler<span class=\"excerpt-hellip\"> [\u2026]<\/span><\/p>\n","protected":false},"featured_media":0,"template":"","meta":{"_monsterinsights_skip_tracking":false,"_monsterinsights_sitenote_active":false,"_monsterinsights_sitenote_note":"","_monsterinsights_sitenote_category":0},"product_brand":[],"product_cat":[13590,12337],"product_tag":[],"class_list":{"0":"post-720912","1":"product","2":"type-product","3":"status-publish","5":"product_cat-arastirma-inceleme-politika-siyaset","6":"product_cat-politika-siyaset","7":"pa_cilt-ciltsiz","8":"pa_tur-kitap","9":"pa_yayinevi-bilge-kultur-sanat","10":"pa_yazar-a-baran-dural","12":"first","13":"instock","14":"sale","15":"shipping-taxable","16":"purchasable","17":"product-type-simple"},"_links":{"self":[{"href":"https:\/\/roveyayinevi.com.tr\/index.php\/wp-json\/wp\/v2\/product\/720912","targetHints":{"allow":["GET"]}}],"collection":[{"href":"https:\/\/roveyayinevi.com.tr\/index.php\/wp-json\/wp\/v2\/product"}],"about":[{"href":"https:\/\/roveyayinevi.com.tr\/index.php\/wp-json\/wp\/v2\/types\/product"}],"wp:attachment":[{"href":"https:\/\/roveyayinevi.com.tr\/index.php\/wp-json\/wp\/v2\/media?parent=720912"}],"wp:term":[{"taxonomy":"product_brand","embeddable":true,"href":"https:\/\/roveyayinevi.com.tr\/index.php\/wp-json\/wp\/v2\/product_brand?post=720912"},{"taxonomy":"product_cat","embeddable":true,"href":"https:\/\/roveyayinevi.com.tr\/index.php\/wp-json\/wp\/v2\/product_cat?post=720912"},{"taxonomy":"product_tag","embeddable":true,"href":"https:\/\/roveyayinevi.com.tr\/index.php\/wp-json\/wp\/v2\/product_tag?post=720912"}],"curies":[{"name":"wp","href":"https:\/\/api.w.org\/{rel}","templated":true}]}}