{"id":720911,"date":"2025-08-27T18:42:46","date_gmt":"2025-08-27T15:42:46","guid":{"rendered":"https:\/\/roveyayinevi.com.tr\/index.php\/urun\/cocuk-edebiyatina-elestirel-bir-bakis\/"},"modified":"2026-04-16T02:28:46","modified_gmt":"2026-04-15T23:28:46","slug":"cocuk-edebiyatina-elestirel-bir-bakis","status":"publish","type":"product","link":"https:\/\/roveyayinevi.com.tr\/index.php\/urun\/cocuk-edebiyatina-elestirel-bir-bakis\/","title":{"rendered":"\u00c7ocuk Edebiyat\u0131na Ele\u015ftirel Bir Bak\u0131\u015f"},"content":{"rendered":"<p>\u00c7ocuk Edebiyat\u0131na Ele\u015ftirel Bir Bak\u0131\u015f &#8211; \u00c7ocuk Edebiyat\u0131 Nedir Ne De\u011fildir? kitab\u0131 ele\u015ftiri t\u00fcr\u00fcnde bir kitap de\u011fil, T\u00fcrkiye\u2019deki \u00e7ocuk edebiyat\u0131 k\u00fclt\u00fcr\u00fc ortam\u0131n\u0131n de\u011ferlendirilmesine y\u00f6nelik bir \u00e7al\u0131\u015fmad\u0131r. Bu kitapta modernle\u015fme d\u00f6nemi ana ak\u0131m \u00e7ocuk edebiyat\u0131 k\u00fclt\u00fcr\u00fcnden hareketle T\u00fcrk \u00e7ocuk edebiyat\u0131n\u0131n k\u00f6kl\u00fc sorunlar\u0131na ve sarmallar\u0131na de\u011finiliyor; yazar anlay\u0131\u015flar\u0131 ve d\u00f6nem \u00f6zellikleri de\u011ferlendiriliyor.T\u00fcrkiye\u2019de modern \u00e7ocuk edebiyat\u0131n\u0131n uzun say\u0131labilecek bir ge\u00e7mi\u015fi olmas\u0131na kar\u015f\u0131n \u00e7ocuk edebiyat\u0131 tarihi hen\u00fcz yaz\u0131lamam\u0131\u015ft\u0131r. Bunun as\u0131l nedeni yazar, eser ve d\u00f6nem ara\u015ft\u0131rmalar\u0131n\u0131n yap\u0131lamam\u0131\u015f olmas\u0131 ve \u00e7ocuk edebiyat\u0131 ele\u015ftirisi ortam\u0131n\u0131n yetersizli\u011fidir. Bunun sonucu olarak \u00e7ocuk edebiyat\u0131 ele\u015ftirisinin \u00e7ocuk edebiyat\u0131m\u0131z\u0131n gerisinde kald\u0131\u011f\u0131 s\u00f6ylenebilir.Bu kitap \u00e7ocuk, \u00e7ocukluk, edebiyat ve \u00e7ocuk edebiyat\u0131, medya ve \u00e7ocuk edebiyat\u0131, \u00e7ocuk edebiyat\u0131 edit\u00f6rl\u00fc\u011f\u00fc, \u00e7ocuk edebiyat\u0131nda ele\u015ftiri, aile, okuma k\u00fclt\u00fcr\u00fc, \u00e7ocuk edebiyat\u0131 \u00f6\u011fretimi ba\u011flam\u0131nda \u00f6rg\u00fcn e\u011fitim, lisans\u00fcst\u00fc e\u011fitim ve kurumsal yap\u0131lar gibi \u00e7ocuk edebiyat\u0131 k\u00fclt\u00fcr\u00fc ortam\u0131n\u0131 ele\u015ftirel bir yakla\u015f\u0131mla de\u011ferlendirmekle kalm\u0131yor ayn\u0131 zamanda \u00fclke \u00f6l\u00e7ekli \u00e7ocuk edebiyat\u0131 modeli de \u00f6neriyor\u2026<\/p>\n","protected":false},"excerpt":{"rendered":"<p>\u00c7ocuk Edebiyat\u0131na Ele\u015ftirel Bir Bak\u0131\u015f &#8211; \u00c7ocuk Edebiyat\u0131 Nedir Ne De\u011fildir? kitab\u0131 ele\u015ftiri t\u00fcr\u00fcnde bir kitap de\u011fil, T\u00fcrkiye\u2019deki \u00e7ocuk edebiyat\u0131 k\u00fclt\u00fcr\u00fc ortam\u0131n\u0131n de\u011ferlendirilmesine y\u00f6nelik bir \u00e7al\u0131\u015fmad\u0131r.<span class=\"excerpt-hellip\"> [\u2026]<\/span><\/p>\n","protected":false},"featured_media":0,"template":"","meta":{"_monsterinsights_skip_tracking":false,"_monsterinsights_sitenote_active":false,"_monsterinsights_sitenote_note":"","_monsterinsights_sitenote_category":0},"product_brand":[],"product_cat":[12291,12610],"product_tag":[],"class_list":{"0":"post-720911","1":"product","2":"type-product","3":"status-publish","5":"product_cat-edebiyat","6":"product_cat-elestiri-inceleme-kuram","7":"pa_cilt-ciltsiz","8":"pa_tur-kitap","9":"pa_yayinevi-ucan-at","10":"pa_yazar-mustafa-ruhi-sirin","12":"first","13":"instock","14":"sale","15":"shipping-taxable","16":"purchasable","17":"product-type-simple"},"_links":{"self":[{"href":"https:\/\/roveyayinevi.com.tr\/index.php\/wp-json\/wp\/v2\/product\/720911","targetHints":{"allow":["GET"]}}],"collection":[{"href":"https:\/\/roveyayinevi.com.tr\/index.php\/wp-json\/wp\/v2\/product"}],"about":[{"href":"https:\/\/roveyayinevi.com.tr\/index.php\/wp-json\/wp\/v2\/types\/product"}],"wp:attachment":[{"href":"https:\/\/roveyayinevi.com.tr\/index.php\/wp-json\/wp\/v2\/media?parent=720911"}],"wp:term":[{"taxonomy":"product_brand","embeddable":true,"href":"https:\/\/roveyayinevi.com.tr\/index.php\/wp-json\/wp\/v2\/product_brand?post=720911"},{"taxonomy":"product_cat","embeddable":true,"href":"https:\/\/roveyayinevi.com.tr\/index.php\/wp-json\/wp\/v2\/product_cat?post=720911"},{"taxonomy":"product_tag","embeddable":true,"href":"https:\/\/roveyayinevi.com.tr\/index.php\/wp-json\/wp\/v2\/product_tag?post=720911"}],"curies":[{"name":"wp","href":"https:\/\/api.w.org\/{rel}","templated":true}]}}